{"id":12321,"date":"2024-10-24T05:04:55","date_gmt":"2024-10-24T03:04:55","guid":{"rendered":"http:\/\/billigtrikots.com\/?post_type=product&#038;p=12321"},"modified":"2024-10-24T05:07:30","modified_gmt":"2024-10-24T03:07:30","slug":"personalisierte-fussballtrikots-as-roma-22-23-heimtrikot-trikotsatz-kit-cristante-4","status":"publish","type":"product","link":"https:\/\/www.billigtrikotde.com\/es\/personalisierte-fussballtrikots-as-roma-22-23-heimtrikot-trikotsatz-kit-cristante-4\/","title":{"rendered":"Camisetas de f\u00fatbol personalizadas AS Roma 22-23 home shirt kit CRISTANTE 4"},"content":{"rendered":"<p>La camiseta New Balance AS Roma 2022-23 tiene un sutil dise\u00f1o de mitad y mitad en rojo con logotipos amarillos.El dise\u00f1o de mitad y mitad consiste en un intrincado patr\u00f3n con escudos redondos del club de la d\u00e9cada de 1930 incrustados. El cuello Henley con ribetes amarillos, a juego con un detalle similar en los pu\u00f1os, completa el look. \"Figli di Roma\" (\"Hijos de Roma\") est\u00e1 impreso en la parte superior de la espalda, justo debajo del cuello.<\/p>\n<p>Consejos para la impresi\u00f3n: Si el nombre y el n\u00famero que aparecen en la imagen son exactamente los que desea, no es necesario que los vuelva a introducir. En caso contrario, deber\u00e1 introducir el nombre y el n\u00famero que desee.<\/p>\n<p>Consejos de lavado: Se recomienda lavar las camisetas de f\u00fatbol a mano. Si desea utilizar la lavadora, recuerde poner las camisetas de f\u00fatbol del rev\u00e9s y luego lavarlas. Llena la lavadora con agua fr\u00eda y utiliza un ciclo delicado para proteger mejor los colores.<\/p>","protected":false},"excerpt":{"rendered":"<p>Das New Balance AS Roma 2022-23 Trikot hat ein dezentes Halb-und-Halb-Design in Rot mit gelben Logos.Das Halbe-Halbe-Design besteht aus einem komplizierten Muster mit eingebetteten runden Vereinsabzeichen aus den 1930er Jahren. Der Henley-Kragen mit gelben Paspeln, die mit einem \u00e4hnlichen Detail an den \u00c4rmelb\u00fcndchen \u00fcbereinstimmen, rundet den Look ab. \u201eFigli di Roma\u201c (\u201eS\u00f6hne Roms\u201c) ist auf [&hellip;]<\/p>","protected":false},"featured_media":12362,"comment_status":"open","ping_status":"closed","template":"","meta":[],"product_brand":[],"product_cat":[85],"product_tag":[477,86,87,20,21,22,23,479,24,478],"class_list":{"0":"post-12321","1":"product","2":"type-product","3":"status-publish","4":"has-post-thumbnail","6":"product_cat-as-roma","7":"product_tag-as-roma-2022-23-trikot","8":"product_tag-as-roma-heimtrikot","9":"product_tag-as-roma-trikots","10":"product_tag-coole-fussballtrikots","11":"product_tag-fussballtrikot-fuer-herren","12":"product_tag-fussballtrikot-guenstig-kaufen","13":"product_tag-fussballtrikot-kurzarm","14":"product_tag-fussballtrikots-kaufen","15":"product_tag-guenstiges-fussballtrikot","16":"product_tag-herren-fussballtrikots","18":"first","19":"instock","20":"shipping-taxable","21":"purchasable","22":"product-type-variable"},"_links":{"self":[{"href":"https:\/\/www.billigtrikotde.com\/es\/wp-json\/wp\/v2\/product\/12321","targetHints":{"allow":["GET"]}}],"collection":[{"href":"https:\/\/www.billigtrikotde.com\/es\/wp-json\/wp\/v2\/product"}],"about":[{"href":"https:\/\/www.billigtrikotde.com\/es\/wp-json\/wp\/v2\/types\/product"}],"replies":[{"embeddable":true,"href":"https:\/\/www.billigtrikotde.com\/es\/wp-json\/wp\/v2\/comments?post=12321"}],"wp:featuredmedia":[{"embeddable":true,"href":"https:\/\/www.billigtrikotde.com\/es\/wp-json\/wp\/v2\/media\/12362"}],"wp:attachment":[{"href":"https:\/\/www.billigtrikotde.com\/es\/wp-json\/wp\/v2\/media?parent=12321"}],"wp:term":[{"taxonomy":"product_brand","embeddable":true,"href":"https:\/\/www.billigtrikotde.com\/es\/wp-json\/wp\/v2\/product_brand?post=12321"},{"taxonomy":"product_cat","embeddable":true,"href":"https:\/\/www.billigtrikotde.com\/es\/wp-json\/wp\/v2\/product_cat?post=12321"},{"taxonomy":"product_tag","embeddable":true,"href":"https:\/\/www.billigtrikotde.com\/es\/wp-json\/wp\/v2\/product_tag?post=12321"}],"curies":[{"name":"wp","href":"https:\/\/api.w.org\/{rel}","templated":true}]}}