{"id":12224,"date":"2024-10-24T04:59:42","date_gmt":"2024-10-24T02:59:42","guid":{"rendered":"http:\/\/billigtrikots.com\/?post_type=product&#038;p=12224"},"modified":"2024-10-24T05:01:49","modified_gmt":"2024-10-24T03:01:49","slug":"neuen-fussballtrikots-portugal-heimtrikot-wm-2022-kurzarm-mit-aufdruck-horta-9","status":"publish","type":"product","link":"https:\/\/www.billigtrikotde.com\/es\/neuen-fussballtrikots-portugal-heimtrikot-wm-2022-kurzarm-mit-aufdruck-horta-9\/","title":{"rendered":"Nuevo Camisetas de F\u00fatbol Camiseta local Portugal Mundial 2022 manga corta con estampado HORTA 9"},"content":{"rendered":"<p>Un look fresco pero cl\u00e1sico para Portugal: la camiseta visitante Nike Portugal 2022 combina un patr\u00f3n base blanco crema con un Swoosh azul marino. Oficialmente, los colores son \"Sail\/Obsidian\", mientras que \"Pepper Red\" es el tercer color y, seg\u00fan Nike, el color ligeramente m\u00e1s oscuro fue elegido para que los portugueses \"destaquen en un mar de camisetas blancas brillantes\".<\/p>\n<p>Consejos para la impresi\u00f3n: Si el nombre y el n\u00famero que aparecen en la imagen son exactamente los que desea, no es necesario que los vuelva a introducir. En caso contrario, deber\u00e1 introducir el nombre y el n\u00famero que desee.<\/p>\n<p>Consejos de lavado: Se recomienda lavar las camisetas de f\u00fatbol a mano. Si desea utilizar la lavadora, recuerde poner las camisetas de f\u00fatbol del rev\u00e9s y luego lavarlas. Llena la lavadora con agua fr\u00eda y utiliza un ciclo delicado para proteger mejor los colores.<\/p>","protected":false},"excerpt":{"rendered":"<p>Un look fresco pero cl\u00e1sico para Portugal: la camiseta visitante Nike Portugal 2022 combina un patr\u00f3n base blanco crema con un Swoosh azul marino. Oficialmente, los colores son \"Sail\/Obsidian\", mientras que \"Pepper Red\" es el tercer color y, seg\u00fan Nike, el color ligeramente m\u00e1s oscuro fue elegido para que los portugueses \"destaquen en un mar de camisetas blancas brillantes\".<\/p>","protected":false},"featured_media":12261,"comment_status":"open","ping_status":"closed","template":"","meta":[],"product_brand":[],"product_cat":[239],"product_tag":[20,222,21,23,24,470,473,474,471,347,472],"class_list":{"0":"post-12224","1":"product","2":"type-product","3":"status-publish","4":"has-post-thumbnail","6":"product_cat-portugal-trikots","7":"product_tag-coole-fussballtrikots","8":"product_tag-fussball-wm-2022-trikots","9":"product_tag-fussballtrikot-fuer-herren","10":"product_tag-fussballtrikot-kurzarm","11":"product_tag-guenstiges-fussballtrikot","12":"product_tag-herren-fussball-kurzarm","13":"product_tag-portugal-fussballtrikot","14":"product_tag-portugal-nationaltrikot","15":"product_tag-portugal-trikot","16":"product_tag-portugal-trikots","17":"product_tag-portugal-wm-2022-trikot","19":"first","20":"instock","21":"shipping-taxable","22":"purchasable","23":"product-type-variable"},"_links":{"self":[{"href":"https:\/\/www.billigtrikotde.com\/es\/wp-json\/wp\/v2\/product\/12224","targetHints":{"allow":["GET"]}}],"collection":[{"href":"https:\/\/www.billigtrikotde.com\/es\/wp-json\/wp\/v2\/product"}],"about":[{"href":"https:\/\/www.billigtrikotde.com\/es\/wp-json\/wp\/v2\/types\/product"}],"replies":[{"embeddable":true,"href":"https:\/\/www.billigtrikotde.com\/es\/wp-json\/wp\/v2\/comments?post=12224"}],"wp:featuredmedia":[{"embeddable":true,"href":"https:\/\/www.billigtrikotde.com\/es\/wp-json\/wp\/v2\/media\/12261"}],"wp:attachment":[{"href":"https:\/\/www.billigtrikotde.com\/es\/wp-json\/wp\/v2\/media?parent=12224"}],"wp:term":[{"taxonomy":"product_brand","embeddable":true,"href":"https:\/\/www.billigtrikotde.com\/es\/wp-json\/wp\/v2\/product_brand?post=12224"},{"taxonomy":"product_cat","embeddable":true,"href":"https:\/\/www.billigtrikotde.com\/es\/wp-json\/wp\/v2\/product_cat?post=12224"},{"taxonomy":"product_tag","embeddable":true,"href":"https:\/\/www.billigtrikotde.com\/es\/wp-json\/wp\/v2\/product_tag?post=12224"}],"curies":[{"name":"wp","href":"https:\/\/api.w.org\/{rel}","templated":true}]}}