{"id":12032,"date":"2024-10-24T04:48:10","date_gmt":"2024-10-24T02:48:10","guid":{"rendered":"http:\/\/billigtrikots.com\/?post_type=product&#038;p=12032"},"modified":"2024-10-24T04:50:51","modified_gmt":"2024-10-24T02:50:51","slug":"herren-borussia-dortmund-bvb-auswaertstrikot-2022-23-guenstig-fussballtrikots-set","status":"publish","type":"product","link":"https:\/\/www.billigtrikotde.com\/es\/herren-borussia-dortmund-bvb-auswaertstrikot-2022-23-guenstig-fussballtrikots-set\/","title":{"rendered":"Hombres Borussia Dortmund BVB Away Jersey 2022\/23 baratos conjunto de camisetas de f\u00fatbol"},"content":{"rendered":"<p>Garantiza llamar la atenci\u00f3n. El partido de casa y el visitante se enfrentan en la camiseta de visitante 2022\/23 del Borussia Dortmund. La camiseta es un homenaje a los fans m\u00e1s locos. Cuenta con gr\u00e1ficos coordinados en colores que recuerdan a banderas y pancartas que adornan las gradas cuando el BVB juega, en cualquier lugar y en cualquier momento, y pase lo que pase. \u00a1Vamos BVB!<\/p>\n<p>Consejos para la impresi\u00f3n: Si el nombre y el n\u00famero que aparecen en la imagen son exactamente los que desea, no es necesario que los vuelva a introducir. En caso contrario, deber\u00e1 introducir el nombre y el n\u00famero que desee.<\/p>\n<p>Consejos de lavado: Se recomienda lavar las camisetas de f\u00fatbol a mano. Si desea utilizar la lavadora, recuerde poner las camisetas de f\u00fatbol del rev\u00e9s y luego lavarlas. Llena la lavadora con agua fr\u00eda y utiliza un ciclo delicado para proteger mejor los colores.<\/p>","protected":false},"excerpt":{"rendered":"<p>Garantiza llamar la atenci\u00f3n. El partido de casa y el visitante se enfrentan en la camiseta de visitante 2022\/23 del Borussia Dortmund. La camiseta es un homenaje a los fans m\u00e1s locos. Cuenta con gr\u00e1ficos coordinados en colores que recuerdan a banderas y pancartas que adornan las gradas cuando el BVB juega, en cualquier lugar y en cualquier momento, y pase lo que pase. \u00a1Vamos BVB!<\/p>","protected":false},"featured_media":12073,"comment_status":"open","ping_status":"closed","template":"","meta":[],"product_brand":[],"product_cat":[63],"product_tag":[20,68,65,66,67,21,22,23,24],"class_list":{"0":"post-12032","1":"product","2":"type-product","3":"status-publish","4":"has-post-thumbnail","6":"product_cat-borussia-dortmund","7":"product_tag-coole-fussballtrikots","8":"product_tag-borussia-dortmund-auswaertstrikot","9":"product_tag-borussia-dortmund-trikots","10":"product_tag-bvb-trikots","11":"product_tag-fussball-trikotsatz","12":"product_tag-fussballtrikot-fuer-herren","13":"product_tag-fussballtrikot-guenstig-kaufen","14":"product_tag-fussballtrikot-kurzarm","15":"product_tag-guenstiges-fussballtrikot","17":"first","18":"instock","19":"shipping-taxable","20":"purchasable","21":"product-type-variable"},"_links":{"self":[{"href":"https:\/\/www.billigtrikotde.com\/es\/wp-json\/wp\/v2\/product\/12032","targetHints":{"allow":["GET"]}}],"collection":[{"href":"https:\/\/www.billigtrikotde.com\/es\/wp-json\/wp\/v2\/product"}],"about":[{"href":"https:\/\/www.billigtrikotde.com\/es\/wp-json\/wp\/v2\/types\/product"}],"replies":[{"embeddable":true,"href":"https:\/\/www.billigtrikotde.com\/es\/wp-json\/wp\/v2\/comments?post=12032"}],"wp:featuredmedia":[{"embeddable":true,"href":"https:\/\/www.billigtrikotde.com\/es\/wp-json\/wp\/v2\/media\/12073"}],"wp:attachment":[{"href":"https:\/\/www.billigtrikotde.com\/es\/wp-json\/wp\/v2\/media?parent=12032"}],"wp:term":[{"taxonomy":"product_brand","embeddable":true,"href":"https:\/\/www.billigtrikotde.com\/es\/wp-json\/wp\/v2\/product_brand?post=12032"},{"taxonomy":"product_cat","embeddable":true,"href":"https:\/\/www.billigtrikotde.com\/es\/wp-json\/wp\/v2\/product_cat?post=12032"},{"taxonomy":"product_tag","embeddable":true,"href":"https:\/\/www.billigtrikotde.com\/es\/wp-json\/wp\/v2\/product_tag?post=12032"}],"curies":[{"name":"wp","href":"https:\/\/api.w.org\/{rel}","templated":true}]}}