{"id":11958,"date":"2024-10-24T04:43:38","date_gmt":"2024-10-24T02:43:38","guid":{"rendered":"http:\/\/billigtrikots.com\/?post_type=product&#038;p=11958"},"modified":"2025-10-16T16:03:40","modified_gmt":"2025-10-16T14:03:40","slug":"herren-real-madrid-2022-2023-auswaertstrikots-bestellen-mit-aufdruck-lunin-13","status":"publish","type":"product","link":"https:\/\/www.billigtrikotde.com\/es\/herren-real-madrid-2022-2023-auswaertstrikots-bestellen-mit-aufdruck-lunin-13\/","title":{"rendered":"Pide la camiseta visitante del Real Madrid 2022-2023 de hombre con estampado Lunin 13"},"content":{"rendered":"<p>La camiseta visitante Adidas del Real Madrid 2022-23 es de color morado. El color oficial es el \"morado claro\", que tambi\u00e9n se puede ver en la camiseta 22-23.<\/p>\n<p>La parte delantera y las mangas de la camiseta visitante del Real Madrid 2022-2023 presentan un sutil estampado geom\u00e9trico formado por azulejos diagonales.<\/p>\n<p>Adidas combina el color principal claro de la camiseta visitante del Real Madrid 22-23 con el \"Night Navy\", un azul marino muy oscuro. Este color se utiliza para el cuello, los pu\u00f1os y todas las marcas, incluido el nuevo dise\u00f1o del escudo del club en el pecho izquierdo.<\/p>\n<p>Consejos para la impresi\u00f3n: Si el nombre y el n\u00famero que aparecen en la imagen son exactamente los que desea, no es necesario que los vuelva a introducir. En caso contrario, deber\u00e1 introducir el nombre y el n\u00famero que desee.<\/p>\n<p>Consejos de lavado: Se recomienda lavar las camisetas de f\u00fatbol a mano. Si desea utilizar la lavadora, recuerde poner las camisetas de f\u00fatbol del rev\u00e9s y luego lavarlas. Llena la lavadora con agua fr\u00eda y utiliza un ciclo delicado para proteger mejor los colores.<\/p>","protected":false},"excerpt":{"rendered":"<p>La camiseta de visitante del Real Madrid 2022-23 de Adidas es de color lila. El color oficial es \u00abLight Purple\u00bb, que tambi\u00e9n se puede ver en la camiseta 22-23. En la parte frontal y en las mangas de la camiseta de visitante del Real Madrid 2022-2023 hay un sutil estampado geom\u00e9trico, que consiste en azulejos diagonales. Adidas combina el color principal brillante de la camiseta de visitante del Real Madrid 22-23 [...]<\/p>","protected":false},"featured_media":12002,"comment_status":"open","ping_status":"closed","template":"","meta":[],"product_brand":[],"product_cat":[45],"product_tag":[20,38,21,22,23,228,24,291,49,271,47,268],"class_list":{"0":"post-11958","1":"product","2":"type-product","3":"status-publish","4":"has-post-thumbnail","6":"product_cat-real-madrid","7":"product_tag-coole-fussballtrikots","8":"product_tag-fussball-trikot-langarm","9":"product_tag-fussballtrikot-fuer-herren","10":"product_tag-fussballtrikot-guenstig-kaufen","11":"product_tag-fussballtrikot-kurzarm","12":"product_tag-guenstige-fussballtrikot","13":"product_tag-guenstiges-fussballtrikot","14":"product_tag-real-madrid-2022-2023-auswaertstrikots","15":"product_tag-real-madrid-auswaertstrikot","16":"product_tag-real-madrid-trikot-herren-guenstig","17":"product_tag-real-madrid-trikots","18":"product_tag-real-madrid-trikots-22-23","20":"first","21":"instock","22":"shipping-taxable","23":"purchasable","24":"product-type-variable"},"_links":{"self":[{"href":"https:\/\/www.billigtrikotde.com\/es\/wp-json\/wp\/v2\/product\/11958","targetHints":{"allow":["GET"]}}],"collection":[{"href":"https:\/\/www.billigtrikotde.com\/es\/wp-json\/wp\/v2\/product"}],"about":[{"href":"https:\/\/www.billigtrikotde.com\/es\/wp-json\/wp\/v2\/types\/product"}],"replies":[{"embeddable":true,"href":"https:\/\/www.billigtrikotde.com\/es\/wp-json\/wp\/v2\/comments?post=11958"}],"wp:featuredmedia":[{"embeddable":true,"href":"https:\/\/www.billigtrikotde.com\/es\/wp-json\/wp\/v2\/media\/12002"}],"wp:attachment":[{"href":"https:\/\/www.billigtrikotde.com\/es\/wp-json\/wp\/v2\/media?parent=11958"}],"wp:term":[{"taxonomy":"product_brand","embeddable":true,"href":"https:\/\/www.billigtrikotde.com\/es\/wp-json\/wp\/v2\/product_brand?post=11958"},{"taxonomy":"product_cat","embeddable":true,"href":"https:\/\/www.billigtrikotde.com\/es\/wp-json\/wp\/v2\/product_cat?post=11958"},{"taxonomy":"product_tag","embeddable":true,"href":"https:\/\/www.billigtrikotde.com\/es\/wp-json\/wp\/v2\/product_tag?post=11958"}],"curies":[{"name":"wp","href":"https:\/\/api.w.org\/{rel}","templated":true}]}}