{"id":11949,"date":"2024-10-24T04:43:05","date_gmt":"2024-10-24T02:43:05","guid":{"rendered":"http:\/\/billigtrikots.com\/?post_type=product&#038;p=11949"},"modified":"2024-10-24T04:45:50","modified_gmt":"2024-10-24T02:45:50","slug":"kinder-fc-barcelona-22-23-viertes-trikot-kurzarm-kurze-hosen-on-sale","status":"publish","type":"product","link":"https:\/\/www.billigtrikotde.com\/es\/kinder-fc-barcelona-22-23-viertes-trikot-kurzarm-kurze-hosen-on-sale\/","title":{"rendered":"Ni\u00f1os FC Barcelona 22-23 Cuarta Camiseta Manga Corta + Pantalones Cortos En Oferta"},"content":{"rendered":"<p>La nueva cuarta camiseta del FC Barcelona para la temporada 22-23 se ha presentado bajo el lema \" + Catalunya + Bar\u00e7a\". Transmite el esp\u00edritu del Bar\u00e7a y el orgullo de ser de Barcelona y Catalu\u00f1a. La camiseta est\u00e1 inspirada en el brazalete de capit\u00e1n y se estrenar\u00e1 en partido oficial contra el FC Girona en Montilivi el pr\u00f3ximo s\u00e1bado.<br \/>\nLa cuarta camiseta Nike Barcelona 22-23 combina los colores de la Senyera, amarillo y rojo, con el azul. El escudo del Barcelona y el logotipo de Spotify se sit\u00faan en el centro, mientras que en cada manga aparece un swoosh.El elemento m\u00e1s llamativo de la cuarta camiseta del Barcelona es la bandera de la Senyera (cuarta franja roja sobre fondo amarillo) en la parte superior delantera. Es la misma que se puede ver en el brazalete del capit\u00e1n.Los pu\u00f1os blaugranas a\u00f1aden otro toque a la cuarta camiseta Nike Bar\u00e7a 22-23.La cuarta camiseta del Barcelona 22-23 tiene un estampado similar al de la camiseta de Estados Unidos para el Mundial 2022.<\/p>\n<p>Consejos para la impresi\u00f3n: Si el nombre y el n\u00famero que aparecen en la imagen son exactamente los que desea, no es necesario que los vuelva a introducir. En caso contrario, deber\u00e1 introducir el nombre y el n\u00famero que desee.<\/p>\n<p>Consejos de lavado: Se recomienda lavar las camisetas de f\u00fatbol a mano. Si desea utilizar la lavadora, recuerde poner las camisetas de f\u00fatbol del rev\u00e9s y luego lavarlas. Llena la lavadora con agua fr\u00eda y utiliza un ciclo delicado para proteger mejor los colores.<\/p>","protected":false},"excerpt":{"rendered":"<p>Das neue vierte Trikot des FC Barcelona f\u00fcr die Saison 22-23 wurde unter dem Slogan \u201c + Catalunya + Bar\u00e7a\u201c vorgestellt. Es vermittelt den Geist von Bar\u00e7a und den Stolz, aus Barcelona und Katalonien zu stammen. Das Trikot ist von der Kapit\u00e4nsbinde inspiriert und wird zum ersten Mal in einem Pflichtspiel gegen den FC Girona [&hellip;]<\/p>","protected":false},"featured_media":11992,"comment_status":"open","ping_status":"closed","template":"","meta":[],"product_brand":[],"product_cat":[146],"product_tag":[147,459,20,460,33,21,22,23,24,94],"class_list":{"0":"post-11949","1":"product","2":"type-product","3":"status-publish","4":"has-post-thumbnail","6":"product_cat-barcelona-kindertrikot","7":"product_tag-barcelona-trikotsatz-fuer-kinder","8":"product_tag-barcelona-viertes-trikot","9":"product_tag-coole-fussballtrikots","10":"product_tag-deutschland-fussballtrikots","11":"product_tag-fc-barcelona-trikots","12":"product_tag-fussballtrikot-fuer-herren","13":"product_tag-fussballtrikot-guenstig-kaufen","14":"product_tag-fussballtrikot-kurzarm","15":"product_tag-guenstiges-fussballtrikot","16":"product_tag-kinder-fussball-trikotsatz","18":"first","19":"instock","20":"shipping-taxable","21":"purchasable","22":"product-type-variable"},"_links":{"self":[{"href":"https:\/\/www.billigtrikotde.com\/es\/wp-json\/wp\/v2\/product\/11949","targetHints":{"allow":["GET"]}}],"collection":[{"href":"https:\/\/www.billigtrikotde.com\/es\/wp-json\/wp\/v2\/product"}],"about":[{"href":"https:\/\/www.billigtrikotde.com\/es\/wp-json\/wp\/v2\/types\/product"}],"replies":[{"embeddable":true,"href":"https:\/\/www.billigtrikotde.com\/es\/wp-json\/wp\/v2\/comments?post=11949"}],"wp:featuredmedia":[{"embeddable":true,"href":"https:\/\/www.billigtrikotde.com\/es\/wp-json\/wp\/v2\/media\/11992"}],"wp:attachment":[{"href":"https:\/\/www.billigtrikotde.com\/es\/wp-json\/wp\/v2\/media?parent=11949"}],"wp:term":[{"taxonomy":"product_brand","embeddable":true,"href":"https:\/\/www.billigtrikotde.com\/es\/wp-json\/wp\/v2\/product_brand?post=11949"},{"taxonomy":"product_cat","embeddable":true,"href":"https:\/\/www.billigtrikotde.com\/es\/wp-json\/wp\/v2\/product_cat?post=11949"},{"taxonomy":"product_tag","embeddable":true,"href":"https:\/\/www.billigtrikotde.com\/es\/wp-json\/wp\/v2\/product_tag?post=11949"}],"curies":[{"name":"wp","href":"https:\/\/api.w.org\/{rel}","templated":true}]}}