{"id":1191,"date":"2024-10-23T13:20:00","date_gmt":"2024-10-23T11:20:00","guid":{"rendered":"http:\/\/billigtrikots.com\/?post_type=product&#038;p=1191"},"modified":"2024-10-23T13:21:53","modified_gmt":"2024-10-23T11:21:53","slug":"manchester-united-ausweichtrikot-2022-blau-mit-aufdruck-cavani-21","status":"publish","type":"product","link":"https:\/\/www.billigtrikotde.com\/es\/manchester-united-ausweichtrikot-2022-blau-mit-aufdruck-cavani-21\/","title":{"rendered":"Camiseta Manchester United 2022 azul con estampado Cavani 21"},"content":{"rendered":"<p>Anima a los Reds con la camiseta visitante a-didas Manchester United 21\/22, con detalles del club tejidos para un look tradicional.<br \/>\nLa camiseta visitante adidas Manchester United 21\/22 reinterpreta un cl\u00e1sico de principios de los 90, inspir\u00e1ndose en la camiseta visitante que vest\u00eda el joven y talentoso equipo del United cuando se embarcaba en una nueva y emocionante era.<\/p>\n<p>Su moderno dise\u00f1o retoma los colores azul, negro y amarillo del original y sustituye las rayas por un estampado geom\u00e9trico que vuelve a integrar sutilmente la \"M\" de Manchester.<\/p>\n<p>La versi\u00f3n de aficionado de la camiseta est\u00e1 dise\u00f1ada para una comodidad informal y presenta un corte ligeramente m\u00e1s holgado y la marca bordada para un estilo duradero dentro y fuera del campo.<\/p>\n<p>Consejos para la impresi\u00f3n: Si el nombre y el n\u00famero que aparecen en la imagen son exactamente los que desea, no es necesario que los vuelva a introducir. En caso contrario, deber\u00e1 introducir el nombre y el n\u00famero que desee.<\/p>\n<p>Consejos de lavado: Se recomienda lavar las camisetas de f\u00fatbol a mano. Si desea utilizar la lavadora, recuerde poner las camisetas de f\u00fatbol del rev\u00e9s y luego lavarlas. Llena la lavadora con agua fr\u00eda y utiliza un ciclo delicado para proteger mejor los colores.<\/p>","protected":false},"excerpt":{"rendered":"<p>Feuere die Reds mit dem a-didas Manchester United 21\/22 Ausweichtrikot an, das mit gewebten Vereinsdetails f\u00fcr einen traditionellen Look ausgestattet ist. Das adidas Manchester United 21\/22 Ausweichtrikot interpretiert einen Klassiker der fr\u00fchen 90er neu und l\u00e4sst sich von dem Ausw\u00e4rtstrikot inspirieren, das Uniteds talentierte junge Mannschaft trug, als sie eine aufregende neue \u00c4ra begann. Sein [&hellip;]<\/p>","protected":false},"featured_media":1234,"comment_status":"open","ping_status":"closed","template":"","meta":[],"product_brand":[],"product_cat":[50],"product_tag":[20,21,22,23,24,53,52],"class_list":{"0":"post-1191","1":"product","2":"type-product","3":"status-publish","4":"has-post-thumbnail","6":"product_cat-manchester-united","7":"product_tag-coole-fussballtrikots","8":"product_tag-fussballtrikot-fuer-herren","9":"product_tag-fussballtrikot-guenstig-kaufen","10":"product_tag-fussballtrikot-kurzarm","11":"product_tag-guenstiges-fussballtrikot","12":"product_tag-manchester-united-ausweichtrikot","13":"product_tag-manchester-united-trikots","15":"first","16":"instock","17":"shipping-taxable","18":"purchasable","19":"product-type-variable"},"_links":{"self":[{"href":"https:\/\/www.billigtrikotde.com\/es\/wp-json\/wp\/v2\/product\/1191","targetHints":{"allow":["GET"]}}],"collection":[{"href":"https:\/\/www.billigtrikotde.com\/es\/wp-json\/wp\/v2\/product"}],"about":[{"href":"https:\/\/www.billigtrikotde.com\/es\/wp-json\/wp\/v2\/types\/product"}],"replies":[{"embeddable":true,"href":"https:\/\/www.billigtrikotde.com\/es\/wp-json\/wp\/v2\/comments?post=1191"}],"wp:featuredmedia":[{"embeddable":true,"href":"https:\/\/www.billigtrikotde.com\/es\/wp-json\/wp\/v2\/media\/1234"}],"wp:attachment":[{"href":"https:\/\/www.billigtrikotde.com\/es\/wp-json\/wp\/v2\/media?parent=1191"}],"wp:term":[{"taxonomy":"product_brand","embeddable":true,"href":"https:\/\/www.billigtrikotde.com\/es\/wp-json\/wp\/v2\/product_brand?post=1191"},{"taxonomy":"product_cat","embeddable":true,"href":"https:\/\/www.billigtrikotde.com\/es\/wp-json\/wp\/v2\/product_cat?post=1191"},{"taxonomy":"product_tag","embeddable":true,"href":"https:\/\/www.billigtrikotde.com\/es\/wp-json\/wp\/v2\/product_tag?post=1191"}],"curies":[{"name":"wp","href":"https:\/\/api.w.org\/{rel}","templated":true}]}}