{"id":11902,"date":"2024-10-24T04:40:36","date_gmt":"2024-10-24T02:40:36","guid":{"rendered":"http:\/\/billigtrikots.com\/?post_type=product&#038;p=11902"},"modified":"2025-06-09T04:42:30","modified_gmt":"2025-06-09T02:42:30","slug":"kaufe-neue-fussballtrikots-arsenal-auswaertstrikot-2023-schwarz-goldene-selbst-gestalten","status":"publish","type":"product","link":"https:\/\/www.billigtrikotde.com\/es\/kaufe-neue-fussballtrikots-arsenal-auswaertstrikot-2023-schwarz-goldene-selbst-gestalten\/","title":{"rendered":"Comprar Nueva Camiseta Arsenal Away 2023 Negra y Dorada Personal\u00edzala t\u00fa mismo"},"content":{"rendered":"<p>La camiseta visitante del Arsenal 22-23 se presenta con un aspecto elegante en negro con detalles met\u00e1licos en bronce.La camiseta visitante Adidas Arsenal 22-23 es negra, combinada con dorado met\u00e1lico para todos los logotipos y gris para las 3 bandas de los hombros.Para completar el aspecto discreto, la camiseta Arsenal 2022-23 est\u00e1 rematada con un tenue estampado geom\u00e9trico abstracto en la parte delantera y en las mangas. Este gr\u00e1fico consiste en las letras AFC, cuya fuente est\u00e1 directamente inspirada en las letras del Arsenal que los aficionados se cruzan de camino al Emirates Stadium.<\/p>\n<p>Consejos para la impresi\u00f3n: Si el nombre y el n\u00famero que aparecen en la imagen son exactamente los que desea, no es necesario que los vuelva a introducir. En caso contrario, deber\u00e1 introducir el nombre y el n\u00famero que desee.<\/p>\n<p>Consejos de lavado: Se recomienda lavar las camisetas de f\u00fatbol a mano. Si desea utilizar la lavadora, recuerde poner las camisetas de f\u00fatbol del rev\u00e9s y luego lavarlas. Llena la lavadora con agua fr\u00eda y utiliza un ciclo delicado para proteger mejor los colores.<\/p>","protected":false},"excerpt":{"rendered":"<p>Das Arsenal 22-23 Ausw\u00e4rtstrikot pr\u00e4sentiert sich in einem edlen Look in Schwarz mit bronze-metallischen Details.Das Adidas Arsenal 22-23 Ausw\u00e4rtstrikot ist schwarz, kombiniert mit Gold-Metallic f\u00fcr alle Logos und grau f\u00fcr die 3 Streifen auf den Schultern.Um den unauff\u00e4lligen Look abzurunden, ist das Arsenal 2022-23 mit einem schwachen abstrakten geometrischen Druck auf der Vorderseite und den [&hellip;]<\/p>","protected":false},"featured_media":11940,"comment_status":"open","ping_status":"closed","template":"","meta":[],"product_brand":[],"product_cat":[55],"product_tag":[451,20,21,22,23,54,24],"class_list":{"0":"post-11902","1":"product","2":"type-product","3":"status-publish","4":"has-post-thumbnail","6":"product_cat-arsenal","7":"product_tag-arsenal-22-23-auswaertstrikot","8":"product_tag-coole-fussballtrikots","9":"product_tag-fussballtrikot-fuer-herren","10":"product_tag-fussballtrikot-guenstig-kaufen","11":"product_tag-fussballtrikot-kurzarm","12":"product_tag-fussballtrikot-set","13":"product_tag-guenstiges-fussballtrikot","15":"first","16":"instock","17":"shipping-taxable","18":"purchasable","19":"product-type-variable"},"_links":{"self":[{"href":"https:\/\/www.billigtrikotde.com\/es\/wp-json\/wp\/v2\/product\/11902","targetHints":{"allow":["GET"]}}],"collection":[{"href":"https:\/\/www.billigtrikotde.com\/es\/wp-json\/wp\/v2\/product"}],"about":[{"href":"https:\/\/www.billigtrikotde.com\/es\/wp-json\/wp\/v2\/types\/product"}],"replies":[{"embeddable":true,"href":"https:\/\/www.billigtrikotde.com\/es\/wp-json\/wp\/v2\/comments?post=11902"}],"wp:featuredmedia":[{"embeddable":true,"href":"https:\/\/www.billigtrikotde.com\/es\/wp-json\/wp\/v2\/media\/11940"}],"wp:attachment":[{"href":"https:\/\/www.billigtrikotde.com\/es\/wp-json\/wp\/v2\/media?parent=11902"}],"wp:term":[{"taxonomy":"product_brand","embeddable":true,"href":"https:\/\/www.billigtrikotde.com\/es\/wp-json\/wp\/v2\/product_brand?post=11902"},{"taxonomy":"product_cat","embeddable":true,"href":"https:\/\/www.billigtrikotde.com\/es\/wp-json\/wp\/v2\/product_cat?post=11902"},{"taxonomy":"product_tag","embeddable":true,"href":"https:\/\/www.billigtrikotde.com\/es\/wp-json\/wp\/v2\/product_tag?post=11902"}],"curies":[{"name":"wp","href":"https:\/\/api.w.org\/{rel}","templated":true}]}}