{"id":11690,"date":"2024-10-24T04:28:29","date_gmt":"2024-10-24T02:28:29","guid":{"rendered":"http:\/\/billigtrikots.com\/?post_type=product&#038;p=11690"},"modified":"2024-10-24T04:30:42","modified_gmt":"2024-10-24T02:30:42","slug":"fussballtrikot-herren-heimtrikot-sale-atletico-madrid-22-23-trikot-kurzarm-kurze-hosen","status":"publish","type":"product","link":"https:\/\/www.billigtrikotde.com\/es\/fussballtrikot-herren-heimtrikot-sale-atletico-madrid-22-23-trikot-kurzarm-kurze-hosen\/","title":{"rendered":"Camisetas F\u00fatbol Hombre Home Venta Camisetas Atl\u00e9tico Madrid 22-23 Camisetas Manga Corta + Pantalones Cortos"},"content":{"rendered":"<p>La Camiseta Nike Atl\u00e9tico 2022-2023 presenta una nueva interpretaci\u00f3n de las tradicionales rayas blancas y rojas del club. La Camiseta Nike Atl\u00e9tico Madrid 22-23 viene con rayas ondulantes.La espalda de la nueva Camiseta Atl\u00e9tico 22-23 es principalmente roja con una franja azul marino en la zona del cuello\/parte superior. La bandera espa\u00f1ola est\u00e1 impresa debajo del cuello.En t\u00e9rminos de plantilla, la camiseta Nike Atl\u00e9tico Madrid 2022-2023 se basa en la nueva plantilla de camiseta Nike 22-23 que se utilizar\u00e1 para todos los equipos principales en la temporada 2022-23.<\/p>\n<p>Consejos para la impresi\u00f3n: Si el nombre y el n\u00famero que aparecen en la imagen son exactamente los que desea, no es necesario que los vuelva a introducir. En caso contrario, deber\u00e1 introducir el nombre y el n\u00famero que desee.<\/p>\n<p>Consejos de lavado: Se recomienda lavar las camisetas de f\u00fatbol a mano. Si desea utilizar la lavadora, recuerde poner las camisetas de f\u00fatbol del rev\u00e9s y luego lavarlas. Llena la lavadora con agua fr\u00eda y utiliza un ciclo delicado para proteger mejor los colores.<\/p>","protected":false},"excerpt":{"rendered":"<p>Das Nike Atl\u00e9tico 2022-2023 Trikot zeigt eine neue Interpretation der traditionellen wei\u00df-roten Streifen des Vereins. Das Nike Atl\u00e9tico Madrid 22-23 Trikot kommt mit winkenden Streifen.Die R\u00fcckseite des neuen Atl\u00e9tico 22-23 Trikots ist haupts\u00e4chlich rot mit einem marineblauen Streifen im Kragenbereich\/oben. Die spanische Flagge ist unterhalb des Kragens aufgedruckt.Von der Template her basiert das Nike Atletico [&hellip;]<\/p>","protected":false},"featured_media":11729,"comment_status":"open","ping_status":"closed","template":"","meta":[],"product_brand":[],"product_cat":[88],"product_tag":[89,90,20,21,22,23,24],"class_list":{"0":"post-11690","1":"product","2":"type-product","3":"status-publish","4":"has-post-thumbnail","6":"product_cat-atletico-madrid","7":"product_tag-atletico-madrid-heimtrikot","8":"product_tag-atletico-madrid-trikots","9":"product_tag-coole-fussballtrikots","10":"product_tag-fussballtrikot-fuer-herren","11":"product_tag-fussballtrikot-guenstig-kaufen","12":"product_tag-fussballtrikot-kurzarm","13":"product_tag-guenstiges-fussballtrikot","15":"first","16":"instock","17":"shipping-taxable","18":"purchasable","19":"product-type-variable"},"_links":{"self":[{"href":"https:\/\/www.billigtrikotde.com\/es\/wp-json\/wp\/v2\/product\/11690","targetHints":{"allow":["GET"]}}],"collection":[{"href":"https:\/\/www.billigtrikotde.com\/es\/wp-json\/wp\/v2\/product"}],"about":[{"href":"https:\/\/www.billigtrikotde.com\/es\/wp-json\/wp\/v2\/types\/product"}],"replies":[{"embeddable":true,"href":"https:\/\/www.billigtrikotde.com\/es\/wp-json\/wp\/v2\/comments?post=11690"}],"wp:featuredmedia":[{"embeddable":true,"href":"https:\/\/www.billigtrikotde.com\/es\/wp-json\/wp\/v2\/media\/11729"}],"wp:attachment":[{"href":"https:\/\/www.billigtrikotde.com\/es\/wp-json\/wp\/v2\/media?parent=11690"}],"wp:term":[{"taxonomy":"product_brand","embeddable":true,"href":"https:\/\/www.billigtrikotde.com\/es\/wp-json\/wp\/v2\/product_brand?post=11690"},{"taxonomy":"product_cat","embeddable":true,"href":"https:\/\/www.billigtrikotde.com\/es\/wp-json\/wp\/v2\/product_cat?post=11690"},{"taxonomy":"product_tag","embeddable":true,"href":"https:\/\/www.billigtrikotde.com\/es\/wp-json\/wp\/v2\/product_tag?post=11690"}],"curies":[{"name":"wp","href":"https:\/\/api.w.org\/{rel}","templated":true}]}}