{"id":11682,"date":"2024-10-24T04:27:53","date_gmt":"2024-10-24T02:27:53","guid":{"rendered":"http:\/\/billigtrikots.com\/?post_type=product&#038;p=11682"},"modified":"2024-10-24T04:30:40","modified_gmt":"2024-10-24T02:30:40","slug":"personalisierbar-kinderheim-trikot-atletico-madrid-22-23-kurzarm-kurze-hosen","status":"publish","type":"product","link":"https:\/\/www.billigtrikotde.com\/es\/personalisierbar-kinderheim-trikot-atletico-madrid-22-23-kurzarm-kurze-hosen\/","title":{"rendered":"Camiseta personalizable infantil Atl\u00e9tico Madrid 22-23 manga corta + pantal\u00f3n corto"},"content":{"rendered":"<p>La camiseta Nike Atl\u00e9tico 2022-2023 presenta una nueva interpretaci\u00f3n de las tradicionales rayas blancas y rojas del club. La Camiseta Nike Atl\u00e9tico Madrid 22-23 viene con rayas ondulantes.<br \/>\nManzanas inspiradas en la fruta? No, es una interpretaci\u00f3n distinta. Nunca antes en el Atl\u00e9tico existieron franjas que saludan: es una premier en la historia del club. Seg\u00fan el comunicado de prensa, las extra\u00f1as franjas de la nueva camiseta est\u00e1n inspiradas en el r\u00edo Manzanares. La espalda de la nueva camiseta Atl\u00e9tico 22-23 es principalmente roja con una franja marina en el cuello\/parte superior. La bandera espa\u00f1ola est\u00e1 impresa debajo del cuello.<\/p>\n<p>Consejos para la impresi\u00f3n: Si el nombre y el n\u00famero que aparecen en la imagen son exactamente los que desea, no es necesario que los vuelva a introducir. En caso contrario, deber\u00e1 introducir el nombre y el n\u00famero que desee.<\/p>\n<p>Consejos de lavado: Se recomienda lavar las camisetas de f\u00fatbol a mano. Si desea utilizar la lavadora, recuerde poner las camisetas de f\u00fatbol del rev\u00e9s y luego lavarlas. Llena la lavadora con agua fr\u00eda y utiliza un ciclo delicado para proteger mejor los colores.<\/p>","protected":false},"excerpt":{"rendered":"<p>Das Nike Atl\u00e9tico 2022-2023 Trikot zeigt eine neue Interpretation der traditionellen wei\u00df-roten Streifen des Vereins. Das Nike Atl\u00e9tico Madrid 22-23 Trikot kommt mit winkenden Streifen. Solche winkenden Streifen hat es bei Atletico noch nie gegeben &#8211; es ist eine Premiere in der Vereinsgeschichte. Laut der Pressemitteilung sind die seltsamen Streifen auf dem neuen Trikot vom [&hellip;]<\/p>","protected":false},"featured_media":11720,"comment_status":"open","ping_status":"closed","template":"","meta":[],"product_brand":[],"product_cat":[157],"product_tag":[442,89,90,158,20,443,215,21,24,94],"class_list":{"0":"post-11682","1":"product","2":"type-product","3":"status-publish","4":"has-post-thumbnail","6":"product_cat-atletico-madrid-kindertrikot","7":"product_tag-atletico-madrid-22-23-trikot","8":"product_tag-atletico-madrid-heimtrikot","9":"product_tag-atletico-madrid-trikots","10":"product_tag-atletico-madrid-trikotsatz-fuer-kinder","11":"product_tag-coole-fussballtrikots","12":"product_tag-fussball-heimtrikot","13":"product_tag-fussball-trikot-kurzarm","14":"product_tag-fussballtrikot-fuer-herren","15":"product_tag-guenstiges-fussballtrikot","16":"product_tag-kinder-fussball-trikotsatz","18":"first","19":"instock","20":"shipping-taxable","21":"purchasable","22":"product-type-variable"},"_links":{"self":[{"href":"https:\/\/www.billigtrikotde.com\/es\/wp-json\/wp\/v2\/product\/11682","targetHints":{"allow":["GET"]}}],"collection":[{"href":"https:\/\/www.billigtrikotde.com\/es\/wp-json\/wp\/v2\/product"}],"about":[{"href":"https:\/\/www.billigtrikotde.com\/es\/wp-json\/wp\/v2\/types\/product"}],"replies":[{"embeddable":true,"href":"https:\/\/www.billigtrikotde.com\/es\/wp-json\/wp\/v2\/comments?post=11682"}],"wp:featuredmedia":[{"embeddable":true,"href":"https:\/\/www.billigtrikotde.com\/es\/wp-json\/wp\/v2\/media\/11720"}],"wp:attachment":[{"href":"https:\/\/www.billigtrikotde.com\/es\/wp-json\/wp\/v2\/media?parent=11682"}],"wp:term":[{"taxonomy":"product_brand","embeddable":true,"href":"https:\/\/www.billigtrikotde.com\/es\/wp-json\/wp\/v2\/product_brand?post=11682"},{"taxonomy":"product_cat","embeddable":true,"href":"https:\/\/www.billigtrikotde.com\/es\/wp-json\/wp\/v2\/product_cat?post=11682"},{"taxonomy":"product_tag","embeddable":true,"href":"https:\/\/www.billigtrikotde.com\/es\/wp-json\/wp\/v2\/product_tag?post=11682"}],"curies":[{"name":"wp","href":"https:\/\/api.w.org\/{rel}","templated":true}]}}