{"id":11550,"date":"2024-10-24T04:20:27","date_gmt":"2024-10-24T02:20:27","guid":{"rendered":"http:\/\/billigtrikots.com\/?post_type=product&#038;p=11550"},"modified":"2024-10-24T04:23:10","modified_gmt":"2024-10-24T02:23:10","slug":"bestseller-herren-tottenham-hotspur-drittes-trikot-2023-mit-namen-ndombele-28","status":"publish","type":"product","link":"https:\/\/www.billigtrikotde.com\/es\/bestseller-herren-tottenham-hotspur-drittes-trikot-2023-mit-namen-ndombele-28\/","title":{"rendered":"Bestseller Camiseta de hombre del Tottenham Hotspur 2023 con el nombre NDOMBELE 28"},"content":{"rendered":"<p>La tercera camiseta de los Nike Spurs 2022-23 se presenta con un look deslumbrante en turquesa oscuro con detalles y ribetes en blanco y negro.<\/p>\n<p>La nueva tercera camiseta del Tottenham Hotspurs se caracteriza por un estampado gr\u00e1fico abstracto que cubre toda la parte delantera y las mangas, y probablemente la mayor parte de la espalda, si no toda. Los logotipos son todos blancos, incluida una representaci\u00f3n monocroma del escudo de los Spurs.<\/p>\n<p>El anuncio oficial afirma que el gr\u00e1fico de la parte delantera de la tercera camiseta de los Spurs para 2022-2023 est\u00e1 inspirado en \"el ADN en constante evoluci\u00f3n del Tottenham y la popular gama de zapatillas Nike TN\".<\/p>\n<p>El aspecto de la camiseta Nike Tottenham 22-23 se completa con un cuello redondo negro y pu\u00f1os mitad negros y mitad turquesa oscuro. En cuanto al template, la tercera camiseta del Nike Tottenham Hotspur F.C. 2022-2023 es el mismo modelo que la camiseta 22-23.<\/p>\n<p>Consejos para la impresi\u00f3n: Si el nombre y el n\u00famero que aparecen en la imagen son exactamente los que desea, no es necesario que los vuelva a introducir. En caso contrario, deber\u00e1 introducir el nombre y el n\u00famero que desee.<\/p>\n<p>Consejos de lavado: Se recomienda lavar las camisetas de f\u00fatbol a mano. Si desea utilizar la lavadora, recuerde poner las camisetas de f\u00fatbol del rev\u00e9s y luego lavarlas. Llena la lavadora con agua fr\u00eda y utiliza un ciclo delicado para proteger mejor los colores.<\/p>","protected":false},"excerpt":{"rendered":"<p>La tercera equipaci\u00f3n de Nike Spurs 2022-23 se presenta con un look deslumbrante en turquesa oscuro con acentos y ribetes en negro y blanco. La nueva tercera equipaci\u00f3n de los Tottenham Hotspurs se caracteriza por un dise\u00f1o gr\u00e1fico abstracto que cubre toda la parte delantera y las mangas y probablemente tambi\u00e9n gran parte, si no toda, [\u2026]<\/p>","protected":false},"featured_media":11592,"comment_status":"open","ping_status":"closed","template":"","meta":[],"product_brand":[],"product_cat":[178],"product_tag":[20,21,22,23,24,335,437,104],"class_list":{"0":"post-11550","1":"product","2":"type-product","3":"status-publish","4":"has-post-thumbnail","6":"product_cat-tottenham-hotspur","7":"product_tag-coole-fussballtrikots","8":"product_tag-fussballtrikot-fuer-herren","9":"product_tag-fussballtrikot-guenstig-kaufen","10":"product_tag-fussballtrikot-kurzarm","11":"product_tag-guenstiges-fussballtrikot","12":"product_tag-shop-tottenham-hotspur-trikot","13":"product_tag-tottenham-hotspur-ausweichtrikot","14":"product_tag-tottenham-hotspur-trikots","16":"first","17":"instock","18":"shipping-taxable","19":"purchasable","20":"product-type-variable"},"_links":{"self":[{"href":"https:\/\/www.billigtrikotde.com\/es\/wp-json\/wp\/v2\/product\/11550","targetHints":{"allow":["GET"]}}],"collection":[{"href":"https:\/\/www.billigtrikotde.com\/es\/wp-json\/wp\/v2\/product"}],"about":[{"href":"https:\/\/www.billigtrikotde.com\/es\/wp-json\/wp\/v2\/types\/product"}],"replies":[{"embeddable":true,"href":"https:\/\/www.billigtrikotde.com\/es\/wp-json\/wp\/v2\/comments?post=11550"}],"wp:featuredmedia":[{"embeddable":true,"href":"https:\/\/www.billigtrikotde.com\/es\/wp-json\/wp\/v2\/media\/11592"}],"wp:attachment":[{"href":"https:\/\/www.billigtrikotde.com\/es\/wp-json\/wp\/v2\/media?parent=11550"}],"wp:term":[{"taxonomy":"product_brand","embeddable":true,"href":"https:\/\/www.billigtrikotde.com\/es\/wp-json\/wp\/v2\/product_brand?post=11550"},{"taxonomy":"product_cat","embeddable":true,"href":"https:\/\/www.billigtrikotde.com\/es\/wp-json\/wp\/v2\/product_cat?post=11550"},{"taxonomy":"product_tag","embeddable":true,"href":"https:\/\/www.billigtrikotde.com\/es\/wp-json\/wp\/v2\/product_tag?post=11550"}],"curies":[{"name":"wp","href":"https:\/\/api.w.org\/{rel}","templated":true}]}}