{"id":11516,"date":"2024-10-24T04:18:41","date_gmt":"2024-10-24T02:18:41","guid":{"rendered":"http:\/\/billigtrikots.com\/?post_type=product&#038;p=11516"},"modified":"2024-10-24T04:21:19","modified_gmt":"2024-10-24T02:21:19","slug":"kaufe-herren-tottenham-hotspur-2023-heim-trikot-weiss-marineblau-kane-10","status":"publish","type":"product","link":"https:\/\/www.billigtrikotde.com\/es\/kaufe-herren-tottenham-hotspur-2023-heim-trikot-weiss-marineblau-kane-10\/","title":{"rendered":"Comprar Mens Tottenham Hotspur 2023 Home Jersey blanco azul marino KANE 10"},"content":{"rendered":"<p>La camiseta Nike Tottenham Hotspur 22-23 se basa en la misma plantilla que otras camisetas Nike 2022-23, por ejemplo la del Chelsea y la del Hertha de Berl\u00edn. Es predominantemente blanca y tiene una costura redonda en el pecho.<\/p>\n<p>El cuello y los pu\u00f1os de la camiseta de local Nike Tottenham Hotspur 2022-23 son ambos de color azul marino con una l\u00ednea volt en el centro.<\/p>\n<p>El cuello interior de la camiseta local Nike Tottenham Hotspur 2022-23 tambi\u00e9n es de color voltio y presenta una serie de letras SPURS en azul marino, tanto rellenas como perfiladas.<\/p>\n<p>Consejos para la impresi\u00f3n: Si el nombre y el n\u00famero que aparecen en la imagen son exactamente los que desea, no es necesario que los vuelva a introducir. En caso contrario, deber\u00e1 introducir el nombre y el n\u00famero que desee.<\/p>\n<p>Consejos de lavado: Se recomienda lavar las camisetas de f\u00fatbol a mano. Si desea utilizar la lavadora, recuerde poner las camisetas de f\u00fatbol del rev\u00e9s y luego lavarlas. Llena la lavadora con agua fr\u00eda y utiliza un ciclo delicado para proteger mejor los colores.<\/p>","protected":false},"excerpt":{"rendered":"<p>La camiseta Nike Tottenham Hotspur 22-23 se basa en la misma plantilla que algunas otras camisetas Nike 2022-23, por ejemplo la del Chelsea y Hertha BSC. Es mayormente blanca y tiene una costura redonda en el pecho. El cuello y los pu\u00f1os de las mangas de la camiseta de casa Nike Tottenham Hotspur 2022-23 son ambos azul marino con una l\u00ednea Volt en la [\u2026]<\/p>","protected":false},"featured_media":11553,"comment_status":"open","ping_status":"closed","template":"","meta":[],"product_brand":[],"product_cat":[178],"product_tag":[20,21,22,23,24,335,106,104],"class_list":{"0":"post-11516","1":"product","2":"type-product","3":"status-publish","4":"has-post-thumbnail","6":"product_cat-tottenham-hotspur","7":"product_tag-coole-fussballtrikots","8":"product_tag-fussballtrikot-fuer-herren","9":"product_tag-fussballtrikot-guenstig-kaufen","10":"product_tag-fussballtrikot-kurzarm","11":"product_tag-guenstiges-fussballtrikot","12":"product_tag-shop-tottenham-hotspur-trikot","13":"product_tag-tottenham-hotspur-heimtrikot","14":"product_tag-tottenham-hotspur-trikots","16":"first","17":"instock","18":"shipping-taxable","19":"purchasable","20":"product-type-variable"},"_links":{"self":[{"href":"https:\/\/www.billigtrikotde.com\/es\/wp-json\/wp\/v2\/product\/11516","targetHints":{"allow":["GET"]}}],"collection":[{"href":"https:\/\/www.billigtrikotde.com\/es\/wp-json\/wp\/v2\/product"}],"about":[{"href":"https:\/\/www.billigtrikotde.com\/es\/wp-json\/wp\/v2\/types\/product"}],"replies":[{"embeddable":true,"href":"https:\/\/www.billigtrikotde.com\/es\/wp-json\/wp\/v2\/comments?post=11516"}],"wp:featuredmedia":[{"embeddable":true,"href":"https:\/\/www.billigtrikotde.com\/es\/wp-json\/wp\/v2\/media\/11553"}],"wp:attachment":[{"href":"https:\/\/www.billigtrikotde.com\/es\/wp-json\/wp\/v2\/media?parent=11516"}],"wp:term":[{"taxonomy":"product_brand","embeddable":true,"href":"https:\/\/www.billigtrikotde.com\/es\/wp-json\/wp\/v2\/product_brand?post=11516"},{"taxonomy":"product_cat","embeddable":true,"href":"https:\/\/www.billigtrikotde.com\/es\/wp-json\/wp\/v2\/product_cat?post=11516"},{"taxonomy":"product_tag","embeddable":true,"href":"https:\/\/www.billigtrikotde.com\/es\/wp-json\/wp\/v2\/product_tag?post=11516"}],"curies":[{"name":"wp","href":"https:\/\/api.w.org\/{rel}","templated":true}]}}