{"id":11451,"date":"2024-10-24T04:14:53","date_gmt":"2024-10-24T02:14:53","guid":{"rendered":"http:\/\/billigtrikots.com\/?post_type=product&#038;p=11451"},"modified":"2024-10-24T04:17:33","modified_gmt":"2024-10-24T02:17:33","slug":"c-vela-11-kinder-heimtrikot-mexiko-wm-2022-gruen-kurzarm-kurze-hosen","status":"publish","type":"product","link":"https:\/\/www.billigtrikotde.com\/es\/c-vela-11-kinder-heimtrikot-mexiko-wm-2022-gruen-kurzarm-kurze-hosen\/","title":{"rendered":"C.VELA 11 Camiseta Ni\u00f1os M\u00e9xico Mundial 2022 Verde Manga Corta + Short"},"content":{"rendered":"<p>La camiseta de M\u00e9xico para el Mundial de 2022 tendr\u00e1 un dise\u00f1o inspirado en tradiciones ancestrales, seg\u00fan se ha revelado. Hemos creado un modelo de lo que podr\u00eda ser la camiseta del Mundial de M\u00e9xico 2022, combinando un color base verde con aplicaciones probablemente rojas y blancas. Lo que hace que la camiseta sea \u00fanica es un dibujo especial en la camiseta.<br \/>\nLa camiseta de M\u00e9xico para el Mundial de 2022 lucir\u00e1 un gr\u00e1fico inspirado en las antiguas armaduras aztecas y, en particular, en la pluma de Quetzalc\u00f3atl. Quetzalcoatl (\"serpiente emplumada\" o \"serpiente emplumada\") es el nombre n\u00e1huatl de la deidad serpiente emplumada de la antigua cultura mesoamericana.Como el resto de camisetas Adidas para el Mundial 2022, la de M\u00e9xico 2022 luce el nuevo logotipo de Adidas. Tambi\u00e9n lleva el nuevo escudo de la Federaci\u00f3n Mexicana de F\u00fatbol (FMF).<\/p>\n<p>Consejos para la impresi\u00f3n: Si el nombre y el n\u00famero que aparecen en la imagen son exactamente los que desea, no es necesario que los vuelva a introducir. En caso contrario, deber\u00e1 introducir el nombre y el n\u00famero que desee.<\/p>\n<p>Consejos de lavado: Se recomienda lavar las camisetas de f\u00fatbol a mano. Si desea utilizar la lavadora, recuerde poner las camisetas de f\u00fatbol del rev\u00e9s y luego lavarlas. Llena la lavadora con agua fr\u00eda y utiliza un ciclo delicado para proteger mejor los colores.<\/p>","protected":false},"excerpt":{"rendered":"<p>La camiseta de M\u00e9xico para el Mundial 2022 debe tener un dise\u00f1o inspirado en las antiguas tradiciones, as\u00ed se ha sabido. Hemos creado un modelo de c\u00f3mo podr\u00eda ser la camiseta para el Mundial 2022 en M\u00e9xico. La camiseta de M\u00e9xico 2022 combina un color base verde con probablemente aplicaciones en rojo y blanco. Lo que hace que la camiseta sea \u00fanica es [\u2026]<\/p>","protected":false},"featured_media":11494,"comment_status":"open","ping_status":"closed","template":"","meta":[],"product_brand":[],"product_cat":[251],"product_tag":[20,21,22,23,24,252,253,254],"class_list":{"0":"post-11451","1":"product","2":"type-product","3":"status-publish","4":"has-post-thumbnail","6":"product_cat-mexiko-trikots","7":"product_tag-coole-fussballtrikots","8":"product_tag-fussballtrikot-fuer-herren","9":"product_tag-fussballtrikot-guenstig-kaufen","10":"product_tag-fussballtrikot-kurzarm","11":"product_tag-guenstiges-fussballtrikot","12":"product_tag-mexiko-2022-trikots","13":"product_tag-mexiko-heimtrikot","14":"product_tag-mexiko-trikot-schwarz","16":"first","17":"instock","18":"shipping-taxable","19":"purchasable","20":"product-type-variable"},"_links":{"self":[{"href":"https:\/\/www.billigtrikotde.com\/es\/wp-json\/wp\/v2\/product\/11451","targetHints":{"allow":["GET"]}}],"collection":[{"href":"https:\/\/www.billigtrikotde.com\/es\/wp-json\/wp\/v2\/product"}],"about":[{"href":"https:\/\/www.billigtrikotde.com\/es\/wp-json\/wp\/v2\/types\/product"}],"replies":[{"embeddable":true,"href":"https:\/\/www.billigtrikotde.com\/es\/wp-json\/wp\/v2\/comments?post=11451"}],"wp:featuredmedia":[{"embeddable":true,"href":"https:\/\/www.billigtrikotde.com\/es\/wp-json\/wp\/v2\/media\/11494"}],"wp:attachment":[{"href":"https:\/\/www.billigtrikotde.com\/es\/wp-json\/wp\/v2\/media?parent=11451"}],"wp:term":[{"taxonomy":"product_brand","embeddable":true,"href":"https:\/\/www.billigtrikotde.com\/es\/wp-json\/wp\/v2\/product_brand?post=11451"},{"taxonomy":"product_cat","embeddable":true,"href":"https:\/\/www.billigtrikotde.com\/es\/wp-json\/wp\/v2\/product_cat?post=11451"},{"taxonomy":"product_tag","embeddable":true,"href":"https:\/\/www.billigtrikotde.com\/es\/wp-json\/wp\/v2\/product_tag?post=11451"}],"curies":[{"name":"wp","href":"https:\/\/api.w.org\/{rel}","templated":true}]}}