{"id":11363,"date":"2024-10-24T04:09:51","date_gmt":"2024-10-24T02:09:51","guid":{"rendered":"http:\/\/billigtrikots.com\/?post_type=product&#038;p=11363"},"modified":"2024-10-24T04:12:27","modified_gmt":"2024-10-24T02:12:27","slug":"brasilien-wm-2022-trikot-gelb-t-shirt-fuer-herren-cunha-21","status":"publish","type":"product","link":"https:\/\/www.billigtrikotde.com\/es\/brasilien-wm-2022-trikot-gelb-t-shirt-fuer-herren-cunha-21\/","title":{"rendered":"Copa del Mundo de Brasil 2022 camiseta amarilla para hombre CUNHA 21"},"content":{"rendered":"<p>La camiseta de f\u00fatbol Nike de la Copa Mundial Brasil 2022 cambia el cl\u00e1sico amarillo por un amarillo brillante, denominado oficialmente \"Dynamic Yellow\". En cuanto al dise\u00f1o, la camiseta de la Copa Mundial Brasil 2022 tiene un peque\u00f1o cuello tradicional, coloreado de verde y decorado con una franja azul. Un sutil estampado de leopardo en la parte delantera, la espalda y las mangas unifica el dise\u00f1o con el de la camiseta visitante de la Copa Mundial de Brasil 2022.<\/p>\n<p>Consejos para la impresi\u00f3n: Si el nombre y el n\u00famero que aparecen en la imagen son exactamente los que desea, no es necesario que los vuelva a introducir. En caso contrario, deber\u00e1 introducir el nombre y el n\u00famero que desee.<\/p>\n<p>Consejos de lavado: Se recomienda lavar las camisetas de f\u00fatbol a mano. Si desea utilizar la lavadora, recuerde poner las camisetas de f\u00fatbol del rev\u00e9s y luego lavarlas. Llena la lavadora con agua fr\u00eda y utiliza un ciclo delicado para proteger mejor los colores.<\/p>","protected":false},"excerpt":{"rendered":"<p>Das Nike Brasilien 2022 WM-Fu\u00dfballtrikot tauscht das klassische Gelb gegen ein leuchtendes Gelb, offiziell \u201eDynamic Yellow\u201c.Was das Design angeht, hat das Brasilien 2022 WM Trikot einen kleinen traditionellen Kragen, der gr\u00fcn gef\u00e4rbt und mit einem blauen Streifen verziert ist. Ein dezentes Leopardenmuster auf der Vorder- und R\u00fcckseite sowie auf den \u00c4rmeln vereint das Design mit [&hellip;]<\/p>","protected":false},"featured_media":11404,"comment_status":"open","ping_status":"closed","template":"","meta":[],"product_brand":[],"product_cat":[112],"product_tag":[20,430,431,432,113,114,222,21,22,23,24],"class_list":{"0":"post-11363","1":"product","2":"type-product","3":"status-publish","4":"has-post-thumbnail","6":"product_cat-brasilien-trikots","7":"product_tag-coole-fussballtrikots","8":"product_tag-brasilien-2022-wm-fussballtrikot","9":"product_tag-brasilien-2022-wm-trikot","10":"product_tag-brasilien-2022-world-cup-heimtrikot","11":"product_tag-brasilien-heimtrikot","12":"product_tag-brasilien-trikots","13":"product_tag-fussball-wm-2022-trikots","14":"product_tag-fussballtrikot-fuer-herren","15":"product_tag-fussballtrikot-guenstig-kaufen","16":"product_tag-fussballtrikot-kurzarm","17":"product_tag-guenstiges-fussballtrikot","19":"first","20":"instock","21":"shipping-taxable","22":"purchasable","23":"product-type-variable"},"_links":{"self":[{"href":"https:\/\/www.billigtrikotde.com\/es\/wp-json\/wp\/v2\/product\/11363","targetHints":{"allow":["GET"]}}],"collection":[{"href":"https:\/\/www.billigtrikotde.com\/es\/wp-json\/wp\/v2\/product"}],"about":[{"href":"https:\/\/www.billigtrikotde.com\/es\/wp-json\/wp\/v2\/types\/product"}],"replies":[{"embeddable":true,"href":"https:\/\/www.billigtrikotde.com\/es\/wp-json\/wp\/v2\/comments?post=11363"}],"wp:featuredmedia":[{"embeddable":true,"href":"https:\/\/www.billigtrikotde.com\/es\/wp-json\/wp\/v2\/media\/11404"}],"wp:attachment":[{"href":"https:\/\/www.billigtrikotde.com\/es\/wp-json\/wp\/v2\/media?parent=11363"}],"wp:term":[{"taxonomy":"product_brand","embeddable":true,"href":"https:\/\/www.billigtrikotde.com\/es\/wp-json\/wp\/v2\/product_brand?post=11363"},{"taxonomy":"product_cat","embeddable":true,"href":"https:\/\/www.billigtrikotde.com\/es\/wp-json\/wp\/v2\/product_cat?post=11363"},{"taxonomy":"product_tag","embeddable":true,"href":"https:\/\/www.billigtrikotde.com\/es\/wp-json\/wp\/v2\/product_tag?post=11363"}],"curies":[{"name":"wp","href":"https:\/\/api.w.org\/{rel}","templated":true}]}}