{"id":11250,"date":"2024-10-24T04:02:49","date_gmt":"2024-10-24T02:02:49","guid":{"rendered":"http:\/\/billigtrikots.com\/?post_type=product&#038;p=11250"},"modified":"2024-10-24T04:05:46","modified_gmt":"2024-10-24T02:05:46","slug":"herren-brasilien-wm-2022-auswaertstrikot-blaue-fussballtrikots-set-ronaldinho-10","status":"publish","type":"product","link":"https:\/\/www.billigtrikotde.com\/es\/herren-brasilien-wm-2022-auswaertstrikot-blaue-fussballtrikots-set-ronaldinho-10\/","title":{"rendered":"Hombres Brasil 2022 Copa del Mundo fuera kit azul camisetas de f\u00fatbol conjunto RONALDINHO 10"},"content":{"rendered":"<p>La camiseta de visitante de la Copa Mundial de la FIFA Brasil 2022 de Nike combina un color base azul con un swoosh verde claro. Los colores oficiales son \"Paramount Blue\/Dynamic Yellow\/Green Spark\" y los pantalones cortos blancos y las medias azules completan la equipaci\u00f3n visitante de Brasil 2022 World Cup.<\/p>\n<p>Consejos para la impresi\u00f3n: Si el nombre y el n\u00famero que aparecen en la imagen son exactamente los que desea, no es necesario que los vuelva a introducir. En caso contrario, deber\u00e1 introducir el nombre y el n\u00famero que desee.<\/p>\n<p>Consejos de lavado: Se recomienda lavar las camisetas de f\u00fatbol a mano. Si desea utilizar la lavadora, recuerde poner las camisetas de f\u00fatbol del rev\u00e9s y luego lavarlas. Llena la lavadora con agua fr\u00eda y utiliza un ciclo delicado para proteger mejor los colores.<\/p>","protected":false},"excerpt":{"rendered":"<p>La camiseta visitante de la Copa del Mundo de 2022 de Nike Brasilia combina un color azul de base con un swoosh de color verde claro. Los colores oficiales son \u00abParamount Blue\/Dynamic Yellow\/Green Spark\u00bb. Los pantalones blancos y las medias azules completan la camiseta visitante de Brasilia 2022 para la Copa del Mundo. Consejos de impresi\u00f3n: si el nombre y el n\u00famero en la imagen coinciden exactamente con sus deseos, no es necesario volver a ingresarlos. [\u2026]<\/p>","protected":false},"featured_media":11289,"comment_status":"open","ping_status":"closed","template":"","meta":[],"product_brand":[],"product_cat":[112],"product_tag":[20,429,210,114,222,21,22,23,24],"class_list":{"0":"post-11250","1":"product","2":"type-product","3":"status-publish","4":"has-post-thumbnail","6":"product_cat-brasilien-trikots","7":"product_tag-coole-fussballtrikots","8":"product_tag-brasilien-2022-world-cup-auswaertstrikot","9":"product_tag-brasilien-auswaertstrikot","10":"product_tag-brasilien-trikots","11":"product_tag-fussball-wm-2022-trikots","12":"product_tag-fussballtrikot-fuer-herren","13":"product_tag-fussballtrikot-guenstig-kaufen","14":"product_tag-fussballtrikot-kurzarm","15":"product_tag-guenstiges-fussballtrikot","17":"first","18":"instock","19":"shipping-taxable","20":"purchasable","21":"product-type-variable"},"_links":{"self":[{"href":"https:\/\/www.billigtrikotde.com\/es\/wp-json\/wp\/v2\/product\/11250","targetHints":{"allow":["GET"]}}],"collection":[{"href":"https:\/\/www.billigtrikotde.com\/es\/wp-json\/wp\/v2\/product"}],"about":[{"href":"https:\/\/www.billigtrikotde.com\/es\/wp-json\/wp\/v2\/types\/product"}],"replies":[{"embeddable":true,"href":"https:\/\/www.billigtrikotde.com\/es\/wp-json\/wp\/v2\/comments?post=11250"}],"wp:featuredmedia":[{"embeddable":true,"href":"https:\/\/www.billigtrikotde.com\/es\/wp-json\/wp\/v2\/media\/11289"}],"wp:attachment":[{"href":"https:\/\/www.billigtrikotde.com\/es\/wp-json\/wp\/v2\/media?parent=11250"}],"wp:term":[{"taxonomy":"product_brand","embeddable":true,"href":"https:\/\/www.billigtrikotde.com\/es\/wp-json\/wp\/v2\/product_brand?post=11250"},{"taxonomy":"product_cat","embeddable":true,"href":"https:\/\/www.billigtrikotde.com\/es\/wp-json\/wp\/v2\/product_cat?post=11250"},{"taxonomy":"product_tag","embeddable":true,"href":"https:\/\/www.billigtrikotde.com\/es\/wp-json\/wp\/v2\/product_tag?post=11250"}],"curies":[{"name":"wp","href":"https:\/\/api.w.org\/{rel}","templated":true}]}}