{"id":11110,"date":"2024-10-24T03:54:31","date_gmt":"2024-10-24T01:54:31","guid":{"rendered":"http:\/\/billigtrikots.com\/?post_type=product&#038;p=11110"},"modified":"2024-10-24T03:57:06","modified_gmt":"2024-10-24T01:57:06","slug":"neuen-herren-paris-saint-germain-psg-2022-23-heimtrikot-blau-mit-aufdruck-draxler-23","status":"publish","type":"product","link":"https:\/\/www.billigtrikotde.com\/es\/neuen-herren-paris-saint-germain-psg-2022-23-heimtrikot-blau-mit-aufdruck-draxler-23\/","title":{"rendered":"Nueva Camiseta de casa de hombre del Paris Saint Germain PSG 2022-23 azul con estampado DRAXLER 23"},"content":{"rendered":"<p>Despu\u00e9s de la camiseta de un color de 21-22, la camiseta Nike del PSG 2022-23 es azul con una franja central blanca, rodeada por franjas rojas m\u00e1s finas: una cota de malla invertida, si as\u00ed se quiere. La parte trasera es azul liso. Los logotipos en la camiseta del Paris Saint-Germain 22-23 est\u00e1n centrados, con el swoosh visible debajo del escudo. La plantilla para la camiseta Nike PSG 2022-23 parece ser la misma que la de la camiseta de Tottenham.<\/p>\n<p>Consejos para la impresi\u00f3n: Si el nombre y el n\u00famero que aparecen en la imagen son exactamente los que desea, no es necesario que los vuelva a introducir. En caso contrario, deber\u00e1 introducir el nombre y el n\u00famero que desee.<\/p>\n<p>Consejos de lavado: Se recomienda lavar las camisetas de f\u00fatbol a mano. Si desea utilizar la lavadora, recuerde poner las camisetas de f\u00fatbol del rev\u00e9s y luego lavarlas. Llena la lavadora con agua fr\u00eda y utiliza un ciclo delicado para proteger mejor los colores.<\/p>","protected":false},"excerpt":{"rendered":"<p>Despu\u00e9s de la camiseta lisa 21-22, la camiseta Nike PSG 2022-23 es azul con una franja central blanca rodeada de franjas rojas m\u00e1s finas - un Hechter inverso, si se quiere. La espalda es azul liso y los logotipos de la camiseta del Par\u00eds Saint-Germain 22-23 est\u00e1n centrados, con el Swoosh debajo del escudo del club.<\/p>","protected":false},"featured_media":11150,"comment_status":"open","ping_status":"closed","template":"","meta":[],"product_brand":[],"product_cat":[39],"product_tag":[286,20,395,43,21,22,426,24,41,244,290],"class_list":{"0":"post-11110","1":"product","2":"type-product","3":"status-publish","4":"has-post-thumbnail","6":"product_cat-paris-saint-germain","7":"product_tag-alle-neuen-psg-trikots","8":"product_tag-coole-fussballtrikots","9":"product_tag-fussball-langarmtrikots","10":"product_tag-fussballkleidung","11":"product_tag-fussballtrikot-fuer-herren","12":"product_tag-fussballtrikot-guenstig-kaufen","13":"product_tag-fussballtrikots-kurzarm","14":"product_tag-guenstiges-fussballtrikot","15":"product_tag-paris-saint-germain-trikots","16":"product_tag-psg-trikot-2022-23","17":"product_tag-psg-trikot-2022-23-fussballtrikots","19":"first","20":"instock","21":"shipping-taxable","22":"purchasable","23":"product-type-variable"},"_links":{"self":[{"href":"https:\/\/www.billigtrikotde.com\/es\/wp-json\/wp\/v2\/product\/11110","targetHints":{"allow":["GET"]}}],"collection":[{"href":"https:\/\/www.billigtrikotde.com\/es\/wp-json\/wp\/v2\/product"}],"about":[{"href":"https:\/\/www.billigtrikotde.com\/es\/wp-json\/wp\/v2\/types\/product"}],"replies":[{"embeddable":true,"href":"https:\/\/www.billigtrikotde.com\/es\/wp-json\/wp\/v2\/comments?post=11110"}],"wp:featuredmedia":[{"embeddable":true,"href":"https:\/\/www.billigtrikotde.com\/es\/wp-json\/wp\/v2\/media\/11150"}],"wp:attachment":[{"href":"https:\/\/www.billigtrikotde.com\/es\/wp-json\/wp\/v2\/media?parent=11110"}],"wp:term":[{"taxonomy":"product_brand","embeddable":true,"href":"https:\/\/www.billigtrikotde.com\/es\/wp-json\/wp\/v2\/product_brand?post=11110"},{"taxonomy":"product_cat","embeddable":true,"href":"https:\/\/www.billigtrikotde.com\/es\/wp-json\/wp\/v2\/product_cat?post=11110"},{"taxonomy":"product_tag","embeddable":true,"href":"https:\/\/www.billigtrikotde.com\/es\/wp-json\/wp\/v2\/product_tag?post=11110"}],"curies":[{"name":"wp","href":"https:\/\/api.w.org\/{rel}","templated":true}]}}