{"id":10805,"date":"2024-10-24T03:37:30","date_gmt":"2024-10-24T01:37:30","guid":{"rendered":"http:\/\/billigtrikots.com\/?post_type=product&#038;p=10805"},"modified":"2024-10-24T03:39:40","modified_gmt":"2024-10-24T01:39:40","slug":"herren-argentinien-t-shirt-fussball-wm-2022-world-cup-heimtrikots-fussballtrikot-kaufen","status":"publish","type":"product","link":"https:\/\/www.billigtrikotde.com\/es\/herren-argentinien-t-shirt-fussball-wm-2022-world-cup-heimtrikots-fussballtrikot-kaufen\/","title":{"rendered":"Hombres camiseta Argentina de f\u00fatbol Mundial 2022 Mundial de F\u00fatbol, camisetas de casa para comprar"},"content":{"rendered":"<p>La nueva camiseta de Argentina para 2022 es predominantemente blanca con logotipos negros, incluido el flamante logotipo de Adidas, que debuta en el f\u00fatbol con las camisetas del Mundial 2022.Las rayas de la nueva camiseta de Argentina para el Mundial 2022 son cl\u00e1sicas, pero s\u00f3lo en la parte delantera. Las rayas de la espalda son realmente inusuales: en lugar de ser del mismo ancho, hay dos rayas celestes m\u00e1s finas en el centro y dos m\u00e1s anchas en los lados exteriores de la camiseta. Estas franjas m\u00e1s anchas son aproximadamente tres veces m\u00e1s anchas que las franjas del centro y est\u00e1n dise\u00f1adas para parecerse a la bandera argentina. Tambi\u00e9n basado en la bandera, el Sol de Mayo, el emblema nacional argentino, se encuentra en la espalda, bajo el cuello.<\/p>\n<p>Consejos para la impresi\u00f3n: Si el nombre y el n\u00famero que aparecen en la imagen son exactamente los que desea, no es necesario que los vuelva a introducir. En caso contrario, deber\u00e1 introducir el nombre y el n\u00famero que desee.<\/p>\n<p>Consejos de lavado: Se recomienda lavar las camisetas de f\u00fatbol a mano. Si desea utilizar la lavadora, recuerde poner las camisetas de f\u00fatbol del rev\u00e9s y luego lavarlas. Llena la lavadora con agua fr\u00eda y utiliza un ciclo delicado para proteger mejor los colores.<\/p>","protected":false},"excerpt":{"rendered":"<p>Argentiniens neues Trikot f\u00fcr 2022 ist \u00fcberwiegend wei\u00df mit schwarzen Logos &#8211; darunter das brandneue Adidas-Logo, das mit den WM-Trikots 2022 sein Fu\u00dfballdeb\u00fct feiert.Die Streifen auf dem neuen Argentinien 2022 World Cup Trikot sind klassisch, aber nur auf der Vorderseite. Die Streifen auf der R\u00fcckseite sind wirklich ungew\u00f6hnlich: Anstatt gleich breit zu sein, gibt es [&hellip;]<\/p>","protected":false},"featured_media":10843,"comment_status":"open","ping_status":"closed","template":"","meta":[],"product_brand":[],"product_cat":[325],"product_tag":[356,421,422,20,21,22,23,24,423,424,425],"class_list":{"0":"post-10805","1":"product","2":"type-product","3":"status-publish","4":"has-post-thumbnail","6":"product_cat-argentinien-trikots","7":"product_tag-argentinien-trikots","8":"product_tag-argentinien-wm-2022-heimtrikots","9":"product_tag-argentiniens-neues-trikot-fuer-2022","10":"product_tag-coole-fussballtrikots","11":"product_tag-fussballtrikot-fuer-herren","12":"product_tag-fussballtrikot-guenstig-kaufen","13":"product_tag-fussballtrikot-kurzarm","14":"product_tag-guenstiges-fussballtrikot","15":"product_tag-heimtrikots-fuer-die-wm-2022","16":"product_tag-neue-argentinien-trikot","17":"product_tag-neuen-argentinien-wm-2022-trikot","19":"first","20":"instock","21":"shipping-taxable","22":"purchasable","23":"product-type-variable"},"_links":{"self":[{"href":"https:\/\/www.billigtrikotde.com\/es\/wp-json\/wp\/v2\/product\/10805","targetHints":{"allow":["GET"]}}],"collection":[{"href":"https:\/\/www.billigtrikotde.com\/es\/wp-json\/wp\/v2\/product"}],"about":[{"href":"https:\/\/www.billigtrikotde.com\/es\/wp-json\/wp\/v2\/types\/product"}],"replies":[{"embeddable":true,"href":"https:\/\/www.billigtrikotde.com\/es\/wp-json\/wp\/v2\/comments?post=10805"}],"wp:featuredmedia":[{"embeddable":true,"href":"https:\/\/www.billigtrikotde.com\/es\/wp-json\/wp\/v2\/media\/10843"}],"wp:attachment":[{"href":"https:\/\/www.billigtrikotde.com\/es\/wp-json\/wp\/v2\/media?parent=10805"}],"wp:term":[{"taxonomy":"product_brand","embeddable":true,"href":"https:\/\/www.billigtrikotde.com\/es\/wp-json\/wp\/v2\/product_brand?post=10805"},{"taxonomy":"product_cat","embeddable":true,"href":"https:\/\/www.billigtrikotde.com\/es\/wp-json\/wp\/v2\/product_cat?post=10805"},{"taxonomy":"product_tag","embeddable":true,"href":"https:\/\/www.billigtrikotde.com\/es\/wp-json\/wp\/v2\/product_tag?post=10805"}],"curies":[{"name":"wp","href":"https:\/\/api.w.org\/{rel}","templated":true}]}}