{"id":10719,"date":"2024-10-24T03:32:51","date_gmt":"2024-10-24T01:32:51","guid":{"rendered":"http:\/\/billigtrikots.com\/?post_type=product&#038;p=10719"},"modified":"2024-10-24T03:35:03","modified_gmt":"2024-10-24T01:35:03","slug":"kinder-fussball-trikot-frankreich-wm-2022-auswaertstrikot-weiss-online-bestellen","status":"publish","type":"product","link":"https:\/\/www.billigtrikotde.com\/es\/kinder-fussball-trikot-frankreich-wm-2022-auswaertstrikot-weiss-online-bestellen\/","title":{"rendered":"Camiseta f\u00fatbol Francia Mundial 2022 away kit blanco pedido online"},"content":{"rendered":"<p>La camiseta de la Copa del Mundo de 2022 en Francia tiene un estampado gr\u00e1fico especial que muestra cosas por las que Francia es famosa: el Arco del Triunfo, escenas de la Revoluci\u00f3n Francesa de 1789 y molinos de viento. El dise\u00f1o es \u00fanico, pero no es una invenci\u00f3n de Nike.<br \/>\nEl \u00abToile de Jouy\u00bb franc\u00e9s simplemente significa en ingl\u00e9s \u00abTela de Jouy\u00bb y describe una especie de estampado textil. La \u00abToile de Jouy\u00bb, a veces tambi\u00e9n abreviada simplemente como \u00abToile\u00bb, es una especie de motivo decorativo que consiste en un fondo blanco o marfil roto, en el que un patr\u00f3n repetido representa una escena bastante compleja, usualmente un tema pastoral, como una pareja haciendo un picnic junto a un lago o un arreglo de flores.<\/p>\n<p>Consejos para la impresi\u00f3n: Si el nombre y el n\u00famero que aparecen en la imagen son exactamente los que desea, no es necesario que los vuelva a introducir. En caso contrario, deber\u00e1 introducir el nombre y el n\u00famero que desee.<\/p>\n<p>Consejos de lavado: Se recomienda lavar las camisetas de f\u00fatbol a mano. Si desea utilizar la lavadora, recuerde poner las camisetas de f\u00fatbol del rev\u00e9s y luego lavarlas. Llena la lavadora con agua fr\u00eda y utiliza un ciclo delicado para proteger mejor los colores.<\/p>","protected":false},"excerpt":{"rendered":"<p>Das Trikot der Fu\u00dfball-WM 2022 in Frankreich hat einen besonderen grafischen Aufdruck, der Dinge zeigt, f\u00fcr die Frankreich ber\u00fchmt ist \u2013 den Arc de Triomphe, Szenen der Franz\u00f6sischen Revolution von 1789 und Windm\u00fchlen. Das Design sieht einzigartig aus, ist aber keine Erfindung von Nike. Das franz\u00f6sische \u201eToile de Jouy\u201c bedeutet auf Englisch einfach \u201eStoff aus [&hellip;]<\/p>","protected":false},"featured_media":10758,"comment_status":"open","ping_status":"closed","template":"","meta":[],"product_brand":[],"product_cat":[117],"product_tag":[20,398,118,419,413,414,119,389,21,22,23,24],"class_list":{"0":"post-10719","1":"product","2":"type-product","3":"status-publish","4":"has-post-thumbnail","6":"product_cat-frankreich-trikots","7":"product_tag-coole-fussballtrikots","8":"product_tag-frankreich-2022-weltmeisterschaft-trikot","9":"product_tag-frankreich-auswaertstrikot","10":"product_tag-frankreich-fussball-trikot-kinder","11":"product_tag-frankreich-neue-trikots","12":"product_tag-frankreich-trikot-set","13":"product_tag-frankreich-trikots","14":"product_tag-fussball-wm-2022-trikot","15":"product_tag-fussballtrikot-fuer-herren","16":"product_tag-fussballtrikot-guenstig-kaufen","17":"product_tag-fussballtrikot-kurzarm","18":"product_tag-guenstiges-fussballtrikot","20":"first","21":"instock","22":"shipping-taxable","23":"purchasable","24":"product-type-variable"},"_links":{"self":[{"href":"https:\/\/www.billigtrikotde.com\/es\/wp-json\/wp\/v2\/product\/10719","targetHints":{"allow":["GET"]}}],"collection":[{"href":"https:\/\/www.billigtrikotde.com\/es\/wp-json\/wp\/v2\/product"}],"about":[{"href":"https:\/\/www.billigtrikotde.com\/es\/wp-json\/wp\/v2\/types\/product"}],"replies":[{"embeddable":true,"href":"https:\/\/www.billigtrikotde.com\/es\/wp-json\/wp\/v2\/comments?post=10719"}],"wp:featuredmedia":[{"embeddable":true,"href":"https:\/\/www.billigtrikotde.com\/es\/wp-json\/wp\/v2\/media\/10758"}],"wp:attachment":[{"href":"https:\/\/www.billigtrikotde.com\/es\/wp-json\/wp\/v2\/media?parent=10719"}],"wp:term":[{"taxonomy":"product_brand","embeddable":true,"href":"https:\/\/www.billigtrikotde.com\/es\/wp-json\/wp\/v2\/product_brand?post=10719"},{"taxonomy":"product_cat","embeddable":true,"href":"https:\/\/www.billigtrikotde.com\/es\/wp-json\/wp\/v2\/product_cat?post=10719"},{"taxonomy":"product_tag","embeddable":true,"href":"https:\/\/www.billigtrikotde.com\/es\/wp-json\/wp\/v2\/product_tag?post=10719"}],"curies":[{"name":"wp","href":"https:\/\/api.w.org\/{rel}","templated":true}]}}