{"id":10691,"date":"2024-10-24T03:31:34","date_gmt":"2024-10-24T01:31:34","guid":{"rendered":"http:\/\/billigtrikots.com\/?post_type=product&#038;p=10691"},"modified":"2024-10-24T03:33:52","modified_gmt":"2024-10-24T01:33:52","slug":"neuen-polen-wm-2022-auswaertstrikot-rot-fuer-herren-kurzarm-online-bestellen","status":"publish","type":"product","link":"https:\/\/www.billigtrikotde.com\/es\/neuen-polen-wm-2022-auswaertstrikot-rot-fuer-herren-kurzarm-online-bestellen\/","title":{"rendered":"Nueva Polonia Copa del Mundo 2022 Away Jersey rojo para los hombres de manga corta Ordenar en l\u00ednea"},"content":{"rendered":"<p>El polo visitante de Nike para Polonia 2022 es mayormente rojo y tiene un cuello blanco y pu\u00f1os de manga blancos, ambos con una l\u00ednea roja en el centro. Las camisetas Nike para la Copa del Mundo de f\u00fatbol 2022 en Polonia fueron presentadas el jueves 15 de septiembre de 2022.<\/p>\n<p>Consejos para la impresi\u00f3n: Si el nombre y el n\u00famero que aparecen en la imagen son exactamente los que desea, no es necesario que los vuelva a introducir. En caso contrario, deber\u00e1 introducir el nombre y el n\u00famero que desee.<\/p>\n<p>Consejos de lavado: Se recomienda lavar las camisetas de f\u00fatbol a mano. Si desea utilizar la lavadora, recuerde poner las camisetas de f\u00fatbol del rev\u00e9s y luego lavarlas. Llena la lavadora con agua fr\u00eda y utiliza un ciclo delicado para proteger mejor los colores.<\/p>","protected":false},"excerpt":{"rendered":"<p>El uniforme visitante de Nike para Polonia 2022 es en su mayor parte rojo y tiene un cuello blanco y pu\u00f1os de manga blancos, ambos con una l\u00ednea roja en el centro. Las camisetas de Nike para la Copa del Mundo de f\u00fatbol 2022 en Polonia se presentaron el jueves 15 de septiembre de 2022. Consejos de impresi\u00f3n: si el nombre y el n\u00famero aparecen en la imagen [\u2026]<\/p>","protected":false},"featured_media":10732,"comment_status":"open","ping_status":"closed","template":"","meta":[],"product_brand":[],"product_cat":[415],"product_tag":[20,21,22,23,24,418,417],"class_list":{"0":"post-10691","1":"product","2":"type-product","3":"status-publish","4":"has-post-thumbnail","6":"product_cat-polen-trikots","7":"product_tag-coole-fussballtrikots","8":"product_tag-fussballtrikot-fuer-herren","9":"product_tag-fussballtrikot-guenstig-kaufen","10":"product_tag-fussballtrikot-kurzarm","11":"product_tag-guenstiges-fussballtrikot","12":"product_tag-polen-2022-auswaertstrikot","13":"product_tag-polen-wm-2022-trikot","15":"first","16":"instock","17":"shipping-taxable","18":"purchasable","19":"product-type-variable"},"_links":{"self":[{"href":"https:\/\/www.billigtrikotde.com\/es\/wp-json\/wp\/v2\/product\/10691","targetHints":{"allow":["GET"]}}],"collection":[{"href":"https:\/\/www.billigtrikotde.com\/es\/wp-json\/wp\/v2\/product"}],"about":[{"href":"https:\/\/www.billigtrikotde.com\/es\/wp-json\/wp\/v2\/types\/product"}],"replies":[{"embeddable":true,"href":"https:\/\/www.billigtrikotde.com\/es\/wp-json\/wp\/v2\/comments?post=10691"}],"wp:featuredmedia":[{"embeddable":true,"href":"https:\/\/www.billigtrikotde.com\/es\/wp-json\/wp\/v2\/media\/10732"}],"wp:attachment":[{"href":"https:\/\/www.billigtrikotde.com\/es\/wp-json\/wp\/v2\/media?parent=10691"}],"wp:term":[{"taxonomy":"product_brand","embeddable":true,"href":"https:\/\/www.billigtrikotde.com\/es\/wp-json\/wp\/v2\/product_brand?post=10691"},{"taxonomy":"product_cat","embeddable":true,"href":"https:\/\/www.billigtrikotde.com\/es\/wp-json\/wp\/v2\/product_cat?post=10691"},{"taxonomy":"product_tag","embeddable":true,"href":"https:\/\/www.billigtrikotde.com\/es\/wp-json\/wp\/v2\/product_tag?post=10691"}],"curies":[{"name":"wp","href":"https:\/\/api.w.org\/{rel}","templated":true}]}}