{"id":10683,"date":"2024-10-24T03:31:01","date_gmt":"2024-10-24T01:31:01","guid":{"rendered":"http:\/\/billigtrikots.com\/?post_type=product&#038;p=10683"},"modified":"2024-10-24T03:33:18","modified_gmt":"2024-10-24T01:33:18","slug":"neuen-polen-wm-2022-heim-trikot-weiss-kurzarm-fussballtrikot-herren-sale","status":"publish","type":"product","link":"https:\/\/www.billigtrikotde.com\/es\/neuen-polen-wm-2022-heim-trikot-weiss-kurzarm-fussballtrikot-herren-sale\/","title":{"rendered":"Nueva Copa Mundial de Polonia 2022 Home Shirt Camiseta de F\u00fatbol Blanco de Manga Corta Hombres Venta"},"content":{"rendered":"<p>La camiseta Nike Poland 2022 Home Jersey presenta un dise\u00f1o blanco limpio con logotipos rojos y sutiles gr\u00e1ficos en los hombros y las mangas, mientras que el estampado de los hombros y las mangas de la camiseta Poland 2022 World Cup Home Jersey est\u00e1 inspirado en el nido y las plumas del \u00e1guila blanca, el animal nacional de Polonia.<\/p>\n<p>Consejos para la impresi\u00f3n: Si el nombre y el n\u00famero que aparecen en la imagen son exactamente los que desea, no es necesario que los vuelva a introducir. En caso contrario, deber\u00e1 introducir el nombre y el n\u00famero que desee.<\/p>\n<p>Consejos de lavado: Se recomienda lavar las camisetas de f\u00fatbol a mano. Si desea utilizar la lavadora, recuerde poner las camisetas de f\u00fatbol del rev\u00e9s y luego lavarlas. Llena la lavadora con agua fr\u00eda y utiliza un ciclo delicado para proteger mejor los colores.<\/p>","protected":false},"excerpt":{"rendered":"<p>El jersey de local de Nike para Polonia 2022 presenta un dise\u00f1o claro en blanco con logotipos rojos y una gr\u00e1fica sutil en los hombros y las mangas. El patr\u00f3n en los hombros y mangas del jersey de local de la Polonia 2022 para la Copa del Mundo est\u00e1 inspirado en el nido y las plumas del \u00e1guila blanca, el animal nacional de Polonia. Consejos de impresi\u00f3n: Cuando el nombre y las [\u2026]<\/p>","protected":false},"featured_media":10722,"comment_status":"open","ping_status":"closed","template":"","meta":[],"product_brand":[],"product_cat":[415],"product_tag":[20,21,22,23,24,416,417],"class_list":{"0":"post-10683","1":"product","2":"type-product","3":"status-publish","4":"has-post-thumbnail","6":"product_cat-polen-trikots","7":"product_tag-coole-fussballtrikots","8":"product_tag-fussballtrikot-fuer-herren","9":"product_tag-fussballtrikot-guenstig-kaufen","10":"product_tag-fussballtrikot-kurzarm","11":"product_tag-guenstiges-fussballtrikot","12":"product_tag-polen-2022-wm-heimtrikots","13":"product_tag-polen-wm-2022-trikot","15":"first","16":"instock","17":"shipping-taxable","18":"purchasable","19":"product-type-variable"},"_links":{"self":[{"href":"https:\/\/www.billigtrikotde.com\/es\/wp-json\/wp\/v2\/product\/10683","targetHints":{"allow":["GET"]}}],"collection":[{"href":"https:\/\/www.billigtrikotde.com\/es\/wp-json\/wp\/v2\/product"}],"about":[{"href":"https:\/\/www.billigtrikotde.com\/es\/wp-json\/wp\/v2\/types\/product"}],"replies":[{"embeddable":true,"href":"https:\/\/www.billigtrikotde.com\/es\/wp-json\/wp\/v2\/comments?post=10683"}],"wp:featuredmedia":[{"embeddable":true,"href":"https:\/\/www.billigtrikotde.com\/es\/wp-json\/wp\/v2\/media\/10722"}],"wp:attachment":[{"href":"https:\/\/www.billigtrikotde.com\/es\/wp-json\/wp\/v2\/media?parent=10683"}],"wp:term":[{"taxonomy":"product_brand","embeddable":true,"href":"https:\/\/www.billigtrikotde.com\/es\/wp-json\/wp\/v2\/product_brand?post=10683"},{"taxonomy":"product_cat","embeddable":true,"href":"https:\/\/www.billigtrikotde.com\/es\/wp-json\/wp\/v2\/product_cat?post=10683"},{"taxonomy":"product_tag","embeddable":true,"href":"https:\/\/www.billigtrikotde.com\/es\/wp-json\/wp\/v2\/product_tag?post=10683"}],"curies":[{"name":"wp","href":"https:\/\/api.w.org\/{rel}","templated":true}]}}