{"id":10613,"date":"2024-10-24T03:27:29","date_gmt":"2024-10-24T01:27:29","guid":{"rendered":"http:\/\/billigtrikots.com\/?post_type=product&#038;p=10613"},"modified":"2024-10-24T03:29:39","modified_gmt":"2024-10-24T01:29:39","slug":"fussballtrikot-fuer-herren-frankreich-wm-2022-auswaertstrikot-weiss-offizielle-trikots","status":"publish","type":"product","link":"https:\/\/www.billigtrikotde.com\/es\/fussballtrikot-fuer-herren-frankreich-wm-2022-auswaertstrikot-weiss-offizielle-trikots\/","title":{"rendered":"Camiseta F\u00fatbol Hombre Francia Mundial 2022 Away Jersey Blanco Camisetas Oficiales"},"content":{"rendered":"<p>La camiseta de la Copa del Mundo de 2022 en Francia tiene un estampado gr\u00e1fico especial que muestra cosas por las que Francia es famosa: el Arco del Triunfo, escenas de la Revoluci\u00f3n Francesa de 1789 y molinos de viento. El dise\u00f1o es \u00fanico, pero no es una invenci\u00f3n de Nike.<br \/>\nLa palabra francesa \"Toile de Jouy\" significa simplemente \"tela de Jouy\" y describe un tipo de tejido estampado. La \"Toile de Jouy\", a veces abreviada simplemente como \"toile\", es un tipo de estampado decorativo que consiste en un fondo blanco o crudo sobre el que se repite un motivo que representa una escena bastante compleja, normalmente de tema pastoral, como una pareja merendando junto a un lago o un arreglo floral.<\/p>\n<p>Consejos para la impresi\u00f3n: Si el nombre y el n\u00famero que aparecen en la imagen son exactamente los que desea, no es necesario que los vuelva a introducir. En caso contrario, deber\u00e1 introducir el nombre y el n\u00famero que desee.<\/p>\n<p>Consejos de lavado: Se recomienda lavar las camisetas de f\u00fatbol a mano. Si desea utilizar la lavadora, recuerde poner las camisetas de f\u00fatbol del rev\u00e9s y luego lavarlas. Llena la lavadora con agua fr\u00eda y utiliza un ciclo delicado para proteger mejor los colores.<\/p>","protected":false},"excerpt":{"rendered":"<p>La camiseta de la Copa Mundial de la FIFA 2022 en Francia tiene una impresi\u00f3n gr\u00e1fica especial que muestra cosas por las que Francia es famosa: el Arco de Triunfo, escenas de la Revoluci\u00f3n Francesa de 1789 y molinos de viento. El dise\u00f1o luce \u00fanico, pero no es una invenci\u00f3n de Nike. El \u201eToile de Jouy\u201c franc\u00e9s simplemente significa en ingl\u00e9s \u201etela de [\u2026]<\/p>","protected":false},"featured_media":10650,"comment_status":"open","ping_status":"closed","template":"","meta":[],"product_brand":[],"product_cat":[117],"product_tag":[20,398,118,413,414,119,389,21,22,23,24],"class_list":{"0":"post-10613","1":"product","2":"type-product","3":"status-publish","4":"has-post-thumbnail","6":"product_cat-frankreich-trikots","7":"product_tag-coole-fussballtrikots","8":"product_tag-frankreich-2022-weltmeisterschaft-trikot","9":"product_tag-frankreich-auswaertstrikot","10":"product_tag-frankreich-neue-trikots","11":"product_tag-frankreich-trikot-set","12":"product_tag-frankreich-trikots","13":"product_tag-fussball-wm-2022-trikot","14":"product_tag-fussballtrikot-fuer-herren","15":"product_tag-fussballtrikot-guenstig-kaufen","16":"product_tag-fussballtrikot-kurzarm","17":"product_tag-guenstiges-fussballtrikot","19":"first","20":"instock","21":"shipping-taxable","22":"purchasable","23":"product-type-variable"},"_links":{"self":[{"href":"https:\/\/www.billigtrikotde.com\/es\/wp-json\/wp\/v2\/product\/10613","targetHints":{"allow":["GET"]}}],"collection":[{"href":"https:\/\/www.billigtrikotde.com\/es\/wp-json\/wp\/v2\/product"}],"about":[{"href":"https:\/\/www.billigtrikotde.com\/es\/wp-json\/wp\/v2\/types\/product"}],"replies":[{"embeddable":true,"href":"https:\/\/www.billigtrikotde.com\/es\/wp-json\/wp\/v2\/comments?post=10613"}],"wp:featuredmedia":[{"embeddable":true,"href":"https:\/\/www.billigtrikotde.com\/es\/wp-json\/wp\/v2\/media\/10650"}],"wp:attachment":[{"href":"https:\/\/www.billigtrikotde.com\/es\/wp-json\/wp\/v2\/media?parent=10613"}],"wp:term":[{"taxonomy":"product_brand","embeddable":true,"href":"https:\/\/www.billigtrikotde.com\/es\/wp-json\/wp\/v2\/product_brand?post=10613"},{"taxonomy":"product_cat","embeddable":true,"href":"https:\/\/www.billigtrikotde.com\/es\/wp-json\/wp\/v2\/product_cat?post=10613"},{"taxonomy":"product_tag","embeddable":true,"href":"https:\/\/www.billigtrikotde.com\/es\/wp-json\/wp\/v2\/product_tag?post=10613"}],"curies":[{"name":"wp","href":"https:\/\/api.w.org\/{rel}","templated":true}]}}