{"id":10437,"date":"2024-10-24T03:18:31","date_gmt":"2024-10-24T01:18:31","guid":{"rendered":"http:\/\/billigtrikots.com\/?post_type=product&#038;p=10437"},"modified":"2024-10-24T03:20:49","modified_gmt":"2024-10-24T01:20:49","slug":"herren-spanien-fussball-wm-2022-23-auswaertstrikot-hellblaue-kurzarm-gavi-9","status":"publish","type":"product","link":"https:\/\/www.billigtrikotde.com\/es\/herren-spanien-fussball-wm-2022-23-auswaertstrikot-hellblaue-kurzarm-gavi-9\/","title":{"rendered":"Camiseta de F\u00fatbol de Espa\u00f1a 2022-23 Away Jersey Azul Claro Manga Corta GAVI 9"},"content":{"rendered":"<p>Listo para subir al trono del f\u00fatbol. El gr\u00e1fico suavemente ondulado de esta camiseta adidas para ni\u00f1os y adolescentes es un gui\u00f1o al logotipo art d\u00e9co que dio la bienvenida a Espa\u00f1a a las selecciones clasificatorias en 1982. El dise\u00f1o se complementa con el nuevo logotipo tejido de la federaci\u00f3n espa\u00f1ola y el logotipo de las 3 bandas de adidas en el centro del pecho. Y para mantenerte c\u00f3modo mientras animas, la versi\u00f3n para aficionados incorpora la tecnolog\u00eda AEROREADY que absorbe la humedad para un confort seco.<\/p>\n<p>Consejos para la impresi\u00f3n: Si el nombre y el n\u00famero que aparecen en la imagen son exactamente los que desea, no es necesario que los vuelva a introducir. En caso contrario, deber\u00e1 introducir el nombre y el n\u00famero que desee.<\/p>\n<p>Consejos de lavado: Se recomienda lavar las camisetas de f\u00fatbol a mano. Si desea utilizar la lavadora, recuerde poner las camisetas de f\u00fatbol del rev\u00e9s y luego lavarlas. Llena la lavadora con agua fr\u00eda y utiliza un ciclo delicado para proteger mejor los colores.<\/p>","protected":false},"excerpt":{"rendered":"<p>Bereit, den Fu\u00dfballthron zu besteigen. Die sanft gewellte Grafik auf diesem adidas Trikot f\u00fcr Kinder und Teens ist eine Anspielung auf das Art-d\u00e9co-Logo, das die qualifizierten Teams 1982 in Spanien willkommen hie\u00df. Erg\u00e4nzt wird das Design durch das gewebte spanische Verbandslogo im neuen Look und das adidas 3-Streifen Logo mittig auf der Brust. Und damit [&hellip;]<\/p>","protected":false},"featured_media":10471,"comment_status":"open","ping_status":"closed","template":"","meta":[],"product_brand":[],"product_cat":[131],"product_tag":[20,407,21,22,23,24,359],"class_list":{"0":"post-10437","1":"product","2":"type-product","3":"status-publish","4":"has-post-thumbnail","6":"product_cat-spanien-trikots","7":"product_tag-coole-fussballtrikots","8":"product_tag-fifa-wm-katar-2022-trikot","9":"product_tag-fussballtrikot-fuer-herren","10":"product_tag-fussballtrikot-guenstig-kaufen","11":"product_tag-fussballtrikot-kurzarm","12":"product_tag-guenstiges-fussballtrikot","13":"product_tag-spanien-wm-2022-auswaertstrikot","15":"first","16":"instock","17":"shipping-taxable","18":"purchasable","19":"product-type-variable"},"_links":{"self":[{"href":"https:\/\/www.billigtrikotde.com\/es\/wp-json\/wp\/v2\/product\/10437","targetHints":{"allow":["GET"]}}],"collection":[{"href":"https:\/\/www.billigtrikotde.com\/es\/wp-json\/wp\/v2\/product"}],"about":[{"href":"https:\/\/www.billigtrikotde.com\/es\/wp-json\/wp\/v2\/types\/product"}],"replies":[{"embeddable":true,"href":"https:\/\/www.billigtrikotde.com\/es\/wp-json\/wp\/v2\/comments?post=10437"}],"wp:featuredmedia":[{"embeddable":true,"href":"https:\/\/www.billigtrikotde.com\/es\/wp-json\/wp\/v2\/media\/10471"}],"wp:attachment":[{"href":"https:\/\/www.billigtrikotde.com\/es\/wp-json\/wp\/v2\/media?parent=10437"}],"wp:term":[{"taxonomy":"product_brand","embeddable":true,"href":"https:\/\/www.billigtrikotde.com\/es\/wp-json\/wp\/v2\/product_brand?post=10437"},{"taxonomy":"product_cat","embeddable":true,"href":"https:\/\/www.billigtrikotde.com\/es\/wp-json\/wp\/v2\/product_cat?post=10437"},{"taxonomy":"product_tag","embeddable":true,"href":"https:\/\/www.billigtrikotde.com\/es\/wp-json\/wp\/v2\/product_tag?post=10437"}],"curies":[{"name":"wp","href":"https:\/\/api.w.org\/{rel}","templated":true}]}}