{"id":10338,"date":"2024-10-24T03:13:16","date_gmt":"2024-10-24T01:13:16","guid":{"rendered":"http:\/\/billigtrikots.com\/?post_type=product&#038;p=10338"},"modified":"2024-10-24T03:15:57","modified_gmt":"2024-10-24T01:15:57","slug":"kaufe-herren-portugal-wm-2022-auswaertstrikot-kurzarm-trikotsatz-horta-9","status":"publish","type":"product","link":"https:\/\/www.billigtrikotde.com\/es\/kaufe-herren-portugal-wm-2022-auswaertstrikot-kurzarm-trikotsatz-horta-9\/","title":{"rendered":"Comprar Camiseta exterior de manga corta de la Copa del Mundo de Portugal 2022 para hombre HORTA 9"},"content":{"rendered":"<p>Un look fresco pero cl\u00e1sico para Portugal: la camiseta exterior Nike Portugal 2022 combina un patr\u00f3n base blanco crema con un Swoosh azul marino. Los colores oficiales son \"Sail\/Obsidian\", mientras que \"Pepper Red\" es el tercer color, y el dise\u00f1o de la nueva camiseta exterior Nike Portugal 2022 para el Mundial consiste en un bloque de color verde y rojo en el pecho. La camiseta Nike 22-23 se basa en la misma versi\u00f3n que las camisetas locales 22-23 del Atl\u00e9tico y del Liverpool. La parte trasera del cuello y los pu\u00f1os de la camiseta visitante de Portugal 2022 coinciden con el color azul oscuro del swoosh, y la banda verde y roja contin\u00faa en la parte trasera de la nueva camiseta visitante de Portugal, que por lo dem\u00e1s presenta un panel azul oscuro en la parte superior con un s\u00edmbolo dorado a medida colocado debajo.<\/p>\n<p>Consejos para la impresi\u00f3n: Si el nombre y el n\u00famero que aparecen en la imagen son exactamente los que desea, no es necesario que los vuelva a introducir. En caso contrario, deber\u00e1 introducir el nombre y el n\u00famero que desee.<\/p>\n<p>Consejos de lavado: Se recomienda lavar las camisetas de f\u00fatbol a mano. Si desea utilizar la lavadora, recuerde poner las camisetas de f\u00fatbol del rev\u00e9s y luego lavarlas. Llena la lavadora con agua fr\u00eda y utiliza un ciclo delicado para proteger mejor los colores.<\/p>","protected":false},"excerpt":{"rendered":"<p>Un aspecto fresco y cl\u00e1sico para Portugal: la camiseta de visitante de Nike Portugal 2022 combina un patr\u00f3n base color crema con el swoosh azul marino. Oficialmente, los colores son \u00abSail\/Obsidian\u00bb, mientras que \u00abPepper Red\u00bb es el tercer color. El dise\u00f1o de la nueva camiseta de visitante de Nike Portugal 2022 para la Copa del Mundo consiste en un bloque de color verde-rojo en el pecho. La camiseta Nike 22-23 se basa en la [\u2026]<\/p>","protected":false},"featured_media":10375,"comment_status":"open","ping_status":"closed","template":"","meta":[],"product_brand":[],"product_cat":[239],"product_tag":[20,222,21,23,24,347,374],"class_list":{"0":"post-10338","1":"product","2":"type-product","3":"status-publish","4":"has-post-thumbnail","6":"product_cat-portugal-trikots","7":"product_tag-coole-fussballtrikots","8":"product_tag-fussball-wm-2022-trikots","9":"product_tag-fussballtrikot-fuer-herren","10":"product_tag-fussballtrikot-kurzarm","11":"product_tag-guenstiges-fussballtrikot","12":"product_tag-portugal-trikots","13":"product_tag-portugal-wm-2022-auswaertstrikot","15":"first","16":"instock","17":"shipping-taxable","18":"purchasable","19":"product-type-variable"},"_links":{"self":[{"href":"https:\/\/www.billigtrikotde.com\/es\/wp-json\/wp\/v2\/product\/10338","targetHints":{"allow":["GET"]}}],"collection":[{"href":"https:\/\/www.billigtrikotde.com\/es\/wp-json\/wp\/v2\/product"}],"about":[{"href":"https:\/\/www.billigtrikotde.com\/es\/wp-json\/wp\/v2\/types\/product"}],"replies":[{"embeddable":true,"href":"https:\/\/www.billigtrikotde.com\/es\/wp-json\/wp\/v2\/comments?post=10338"}],"wp:featuredmedia":[{"embeddable":true,"href":"https:\/\/www.billigtrikotde.com\/es\/wp-json\/wp\/v2\/media\/10375"}],"wp:attachment":[{"href":"https:\/\/www.billigtrikotde.com\/es\/wp-json\/wp\/v2\/media?parent=10338"}],"wp:term":[{"taxonomy":"product_brand","embeddable":true,"href":"https:\/\/www.billigtrikotde.com\/es\/wp-json\/wp\/v2\/product_brand?post=10338"},{"taxonomy":"product_cat","embeddable":true,"href":"https:\/\/www.billigtrikotde.com\/es\/wp-json\/wp\/v2\/product_cat?post=10338"},{"taxonomy":"product_tag","embeddable":true,"href":"https:\/\/www.billigtrikotde.com\/es\/wp-json\/wp\/v2\/product_tag?post=10338"}],"curies":[{"name":"wp","href":"https:\/\/api.w.org\/{rel}","templated":true}]}}