{"id":10312,"date":"2024-10-24T03:12:02","date_gmt":"2024-10-24T01:12:02","guid":{"rendered":"http:\/\/billigtrikots.com\/?post_type=product&#038;p=10312"},"modified":"2024-10-24T03:14:20","modified_gmt":"2024-10-24T01:14:20","slug":"england-fifa-wm-katar-2022-heimtrikot-weiss-blau-trikotsatz-mit-namen-abraham-23","status":"publish","type":"product","link":"https:\/\/www.billigtrikotde.com\/es\/england-fifa-wm-katar-2022-heimtrikot-weiss-blau-trikotsatz-mit-namen-abraham-23\/","title":{"rendered":"Inglaterra Copa Mundial de la FIFA Qatar 2022 home kit blanco azul camiseta con nombre ABRAHAM 23"},"content":{"rendered":"<p>La Inglaterra 2022 Copa del Mundo Nike Home Stadium, que tiene una base blanca limpia, dibuja gran parte de su venta desde el gradiente de color en las mangas ragl\u00e1n en su lugar. Empezando por detr\u00e1s de los hombros, la base blanca inicia una transici\u00f3n gradual y difuminada hacia el azul, comenzando con un tono claro antes de descender a un tono muy intenso alrededor del escote redondo. Los tonos azul claro y azul oscuro se aplican en un claro dise\u00f1o de mitad y mitad en los pu\u00f1os, que recuerda a los colores de la equipaci\u00f3n visitante croata de ese a\u00f1o. Hist\u00f3ricamente, el azul oscuro utilizado evoca de alg\u00fan modo el ambiente de las equipaciones de los a\u00f1os 90.<\/p>\n<p>Consejos para la impresi\u00f3n: Si el nombre y el n\u00famero que aparecen en la imagen son exactamente los que desea, no es necesario que los vuelva a introducir. En caso contrario, deber\u00e1 introducir el nombre y el n\u00famero que desee.<\/p>\n<p>Consejos de lavado: Se recomienda lavar las camisetas de f\u00fatbol a mano. Si desea utilizar la lavadora, recuerde poner las camisetas de f\u00fatbol del rev\u00e9s y luego lavarlas. Llena la lavadora con agua fr\u00eda y utiliza un ciclo delicado para proteger mejor los colores.<\/p>","protected":false},"excerpt":{"rendered":"<p>La camiseta de casa de Nike para la Copa del Mundo 2022 de Inglaterra, que tiene una base blanca limpia, obtiene gran parte de sus ventas de los degradados de color en las mangas ragl\u00e1n. Comenzando detr\u00e1s de los hombros, la base blanca comienza una transici\u00f3n gradual y desvanecida hacia el azul, comenzando con un tono claro antes de convertirse en un tono muy profundo en el [\u2026]<\/p>","protected":false},"featured_media":10352,"comment_status":"open","ping_status":"closed","template":"","meta":[],"product_brand":[],"product_cat":[115],"product_tag":[20,363,116,389,21,22,23,24],"class_list":{"0":"post-10312","1":"product","2":"type-product","3":"status-publish","4":"has-post-thumbnail","6":"product_cat-england-trikots","7":"product_tag-coole-fussballtrikots","8":"product_tag-england-2022-world-cup-trikot","9":"product_tag-england-heimtrikot","10":"product_tag-fussball-wm-2022-trikot","11":"product_tag-fussballtrikot-fuer-herren","12":"product_tag-fussballtrikot-guenstig-kaufen","13":"product_tag-fussballtrikot-kurzarm","14":"product_tag-guenstiges-fussballtrikot","16":"first","17":"instock","18":"shipping-taxable","19":"purchasable","20":"product-type-variable"},"_links":{"self":[{"href":"https:\/\/www.billigtrikotde.com\/es\/wp-json\/wp\/v2\/product\/10312","targetHints":{"allow":["GET"]}}],"collection":[{"href":"https:\/\/www.billigtrikotde.com\/es\/wp-json\/wp\/v2\/product"}],"about":[{"href":"https:\/\/www.billigtrikotde.com\/es\/wp-json\/wp\/v2\/types\/product"}],"replies":[{"embeddable":true,"href":"https:\/\/www.billigtrikotde.com\/es\/wp-json\/wp\/v2\/comments?post=10312"}],"wp:featuredmedia":[{"embeddable":true,"href":"https:\/\/www.billigtrikotde.com\/es\/wp-json\/wp\/v2\/media\/10352"}],"wp:attachment":[{"href":"https:\/\/www.billigtrikotde.com\/es\/wp-json\/wp\/v2\/media?parent=10312"}],"wp:term":[{"taxonomy":"product_brand","embeddable":true,"href":"https:\/\/www.billigtrikotde.com\/es\/wp-json\/wp\/v2\/product_brand?post=10312"},{"taxonomy":"product_cat","embeddable":true,"href":"https:\/\/www.billigtrikotde.com\/es\/wp-json\/wp\/v2\/product_cat?post=10312"},{"taxonomy":"product_tag","embeddable":true,"href":"https:\/\/www.billigtrikotde.com\/es\/wp-json\/wp\/v2\/product_tag?post=10312"}],"curies":[{"name":"wp","href":"https:\/\/api.w.org\/{rel}","templated":true}]}}