{"id":10149,"date":"2024-10-24T03:03:35","date_gmt":"2024-10-24T01:03:35","guid":{"rendered":"http:\/\/billigtrikots.com\/?post_type=product&#038;p=10149"},"modified":"2024-10-24T03:06:21","modified_gmt":"2024-10-24T01:06:21","slug":"tielemans-8-belgien-fifa-wm-katar-2022-rot-schwarz-herren-heimtrikot-kurzarm","status":"publish","type":"product","link":"https:\/\/www.billigtrikotde.com\/es\/tielemans-8-belgien-fifa-wm-katar-2022-rot-schwarz-herren-heimtrikot-kurzarm\/","title":{"rendered":"TIELEMANS #8 Copa Mundial de la FIFA B\u00e9lgica Qatar 2022 rojo negro camiseta de casa de los hombres de manga corta"},"content":{"rendered":"<p>La camiseta Adidas de B\u00e9lgica para el Mundial 2022 tiene el torso rojo y las mangas ragl\u00e1n negras. Lo que llama inmediatamente la atenci\u00f3n es el gr\u00e1fico de llamas que se eleva al final de las mangas, con un efecto ligeramente digitalizado. Las rayas de Adidas en los hombros son rojas, al igual que el nuevo logotipo, mientras que el escudo es dorado brillante, y los pantalones cortos y las medias de la camiseta local de la Copa Mundial de B\u00e9lgica 2022 son negros, y estos \u00faltimos presentan un estampado de llamas similar al de las mangas de la camiseta local de la Copa Mundial de B\u00e9lgica 2022.<\/p>\n<p>Consejos para la impresi\u00f3n: Si el nombre y el n\u00famero que aparecen en la imagen son exactamente los que desea, no es necesario que los vuelva a introducir. En caso contrario, deber\u00e1 introducir el nombre y el n\u00famero que desee.<\/p>\n<p>Consejos de lavado: Se recomienda lavar las camisetas de f\u00fatbol a mano. Si desea utilizar la lavadora, recuerde poner las camisetas de f\u00fatbol del rev\u00e9s y luego lavarlas. Llena la lavadora con agua fr\u00eda y utiliza un ciclo delicado para proteger mejor los colores.<\/p>","protected":false},"excerpt":{"rendered":"<p>Das Adidas Belgium 2022 World Cup Trikot hat einen roten Torso mit schwarzen Raglan\u00e4rmeln. Was sofort ins Auge sticht, ist die Flammengrafik, die am Ende der \u00c4rmel aufsteigt.Die Grafik hat einen leicht digitalisierten Effekt. Die Adidas-Streifen auf den Schultern sind rot, ebenso wie das neue Logo, w\u00e4hrend das Abzeichen goldgl\u00e4nzend ist.Die Hosen und die Stutzen [&hellip;]<\/p>","protected":false},"featured_media":10186,"comment_status":"open","ping_status":"closed","template":"","meta":[],"product_brand":[],"product_cat":[173],"product_tag":[382,120,20,407,21,22,23,24],"class_list":{"0":"post-10149","1":"product","2":"type-product","3":"status-publish","4":"has-post-thumbnail","6":"product_cat-belgien-trikots","7":"product_tag-belgien-heimtrikot","8":"product_tag-belgien-trikots","9":"product_tag-coole-fussballtrikots","10":"product_tag-fifa-wm-katar-2022-trikot","11":"product_tag-fussballtrikot-fuer-herren","12":"product_tag-fussballtrikot-guenstig-kaufen","13":"product_tag-fussballtrikot-kurzarm","14":"product_tag-guenstiges-fussballtrikot","16":"first","17":"instock","18":"shipping-taxable","19":"purchasable","20":"product-type-variable"},"_links":{"self":[{"href":"https:\/\/www.billigtrikotde.com\/es\/wp-json\/wp\/v2\/product\/10149","targetHints":{"allow":["GET"]}}],"collection":[{"href":"https:\/\/www.billigtrikotde.com\/es\/wp-json\/wp\/v2\/product"}],"about":[{"href":"https:\/\/www.billigtrikotde.com\/es\/wp-json\/wp\/v2\/types\/product"}],"replies":[{"embeddable":true,"href":"https:\/\/www.billigtrikotde.com\/es\/wp-json\/wp\/v2\/comments?post=10149"}],"wp:featuredmedia":[{"embeddable":true,"href":"https:\/\/www.billigtrikotde.com\/es\/wp-json\/wp\/v2\/media\/10186"}],"wp:attachment":[{"href":"https:\/\/www.billigtrikotde.com\/es\/wp-json\/wp\/v2\/media?parent=10149"}],"wp:term":[{"taxonomy":"product_brand","embeddable":true,"href":"https:\/\/www.billigtrikotde.com\/es\/wp-json\/wp\/v2\/product_brand?post=10149"},{"taxonomy":"product_cat","embeddable":true,"href":"https:\/\/www.billigtrikotde.com\/es\/wp-json\/wp\/v2\/product_cat?post=10149"},{"taxonomy":"product_tag","embeddable":true,"href":"https:\/\/www.billigtrikotde.com\/es\/wp-json\/wp\/v2\/product_tag?post=10149"}],"curies":[{"name":"wp","href":"https:\/\/api.w.org\/{rel}","templated":true}]}}