{"id":10114,"date":"2024-10-24T03:01:51","date_gmt":"2024-10-24T01:01:51","guid":{"rendered":"http:\/\/billigtrikots.com\/?post_type=product&#038;p=10114"},"modified":"2024-10-24T03:04:02","modified_gmt":"2024-10-24T01:04:02","slug":"kinder-argentinien-wm-2022-auswaertstrikot-lila-kaufe-neue-fussballtrikots-set","status":"publish","type":"product","link":"https:\/\/www.billigtrikotde.com\/es\/kinder-argentinien-wm-2022-auswaertstrikot-lila-kaufe-neue-fussballtrikots-set\/","title":{"rendered":"Ni\u00f1os Argentina Copa Mundial 2022 Away Kit P\u00farpura Comprar Nuevo Juego de Camisetas de F\u00fatbol"},"content":{"rendered":"<p>La camiseta visitante de Argentina para el Mundial 2022 combina dos tonos diferentes de morado con detalles plateados, como los logotipos de Adidas y de la asociaci\u00f3n. Los colores oficiales son \"Legacy Indigo\/Purple Rush\" y el Sol de Argentina en plateado claro est\u00e1 situado en la espalda bajo el cuello, similar al de la camiseta, mientras que las 3 rayas de los hombros de la nueva camiseta visitante de Argentina de la Copa Mundial 2022 son de un sutil morado claro. Para completar el look, la camiseta visitante de la Copa Mundial de la FIFA Argentina 2022 tiene un tenue gr\u00e1fico en la parte delantera, tambi\u00e9n inspirado en el Sol de Mayo.<\/p>\n<p>Consejos para la impresi\u00f3n: Si el nombre y el n\u00famero que aparecen en la imagen son exactamente los que desea, no es necesario que los vuelva a introducir. En caso contrario, deber\u00e1 introducir el nombre y el n\u00famero que desee.<\/p>\n<p>Consejos de lavado: Se recomienda lavar las camisetas de f\u00fatbol a mano. Si desea utilizar la lavadora, recuerde poner las camisetas de f\u00fatbol del rev\u00e9s y luego lavarlas. Llena la lavadora con agua fr\u00eda y utiliza un ciclo delicado para proteger mejor los colores.<\/p>","protected":false},"excerpt":{"rendered":"<p>La camiseta visitante de Argentina Mundial 2022 combina dos tonos morados con detalles plateados, como el logotipo de Adidas y el logotipo de la federaci\u00f3n. Oficialmente los colores son \u00abLegacy Indigo\/Purple Rush\u00bb. El Sol de Argentina en plateado claro se encuentra en la parte posterior bajo el cuello, similar a la camiseta. Las 3 rayas en los hombros de la nueva camiseta visitante de Argentina Mundial 2022 son [\u2026]<\/p>","protected":false},"featured_media":10152,"comment_status":"open","ping_status":"closed","template":"","meta":[],"product_brand":[],"product_cat":[325],"product_tag":[356,357,20,21,22,23,24,373],"class_list":{"0":"post-10114","1":"product","2":"type-product","3":"status-publish","4":"has-post-thumbnail","6":"product_cat-argentinien-trikots","7":"product_tag-argentinien-trikots","8":"product_tag-argentinien-wm-2022-auswaertstrikot","9":"product_tag-coole-fussballtrikots","10":"product_tag-fussballtrikot-fuer-herren","11":"product_tag-fussballtrikot-guenstig-kaufen","12":"product_tag-fussballtrikot-kurzarm","13":"product_tag-guenstiges-fussballtrikot","14":"product_tag-kinder-argentinien-auswaertstrikot","16":"first","17":"instock","18":"shipping-taxable","19":"purchasable","20":"product-type-variable"},"_links":{"self":[{"href":"https:\/\/www.billigtrikotde.com\/es\/wp-json\/wp\/v2\/product\/10114","targetHints":{"allow":["GET"]}}],"collection":[{"href":"https:\/\/www.billigtrikotde.com\/es\/wp-json\/wp\/v2\/product"}],"about":[{"href":"https:\/\/www.billigtrikotde.com\/es\/wp-json\/wp\/v2\/types\/product"}],"replies":[{"embeddable":true,"href":"https:\/\/www.billigtrikotde.com\/es\/wp-json\/wp\/v2\/comments?post=10114"}],"wp:featuredmedia":[{"embeddable":true,"href":"https:\/\/www.billigtrikotde.com\/es\/wp-json\/wp\/v2\/media\/10152"}],"wp:attachment":[{"href":"https:\/\/www.billigtrikotde.com\/es\/wp-json\/wp\/v2\/media?parent=10114"}],"wp:term":[{"taxonomy":"product_brand","embeddable":true,"href":"https:\/\/www.billigtrikotde.com\/es\/wp-json\/wp\/v2\/product_brand?post=10114"},{"taxonomy":"product_cat","embeddable":true,"href":"https:\/\/www.billigtrikotde.com\/es\/wp-json\/wp\/v2\/product_cat?post=10114"},{"taxonomy":"product_tag","embeddable":true,"href":"https:\/\/www.billigtrikotde.com\/es\/wp-json\/wp\/v2\/product_tag?post=10114"}],"curies":[{"name":"wp","href":"https:\/\/api.w.org\/{rel}","templated":true}]}}