{"id":10005,"date":"2024-10-24T02:56:21","date_gmt":"2024-10-24T00:56:21","guid":{"rendered":"http:\/\/billigtrikots.com\/?post_type=product&#038;p=10005"},"modified":"2024-10-24T02:58:37","modified_gmt":"2024-10-24T00:58:37","slug":"herren-brasilien-fifa-wm-katar-2022-heimtrikot-gelb-kurzarm-mit-namen-vini-jr-20","status":"publish","type":"product","link":"https:\/\/www.billigtrikotde.com\/es\/herren-brasilien-fifa-wm-katar-2022-heimtrikot-gelb-kurzarm-mit-namen-vini-jr-20\/","title":{"rendered":"Herren Brasilien FIFA WM Katar 2022 Heimtrikot gelb Kurzarm con nombre VINI JR. 20"},"content":{"rendered":"<p>Los colores de la camiseta local de la Copa Mundial de la FIFA Brasil 2022 recuerdan a los de la camiseta ganadora del Mundial de 2002, lo que puede considerarse un homenaje al 20\u00ba aniversario de su lanzamiento.La camiseta Nike Brasil 2022 se basa en el template Nike 2022 World Cup \/ 22-23, del que ya hemos visto algunos ejemplos en los principales clubes de la marca. Utiliza la misma plantilla que la camiseta 22-23 del Chelsea.<\/p>\n<p>Consejos para la impresi\u00f3n: Si el nombre y el n\u00famero que aparecen en la imagen son exactamente los que desea, no es necesario que los vuelva a introducir. En caso contrario, deber\u00e1 introducir el nombre y el n\u00famero que desee.<\/p>\n<p>Consejos de lavado: Se recomienda lavar las camisetas de f\u00fatbol a mano. Si desea utilizar la lavadora, recuerde poner las camisetas de f\u00fatbol del rev\u00e9s y luego lavarlas. Llena la lavadora con agua fr\u00eda y utiliza un ciclo delicado para proteger mejor los colores.<\/p>","protected":false},"excerpt":{"rendered":"<p>Los colores de la camiseta de la Copa del Mundo de Nike Brasil 2022 recuerdan a la camiseta del campe\u00f3n del Mundial de 2002 \u2013 puede verse como un homenaje al 20 aniversario de su lanzamiento. La camiseta Nike Brasil 2022 se basa en la plantilla Nike 2022 World Cup \/ 22-23, de la cual ya tenemos algunos ejemplos en los principales clubes de [\u2026]<\/p>","protected":false},"featured_media":10045,"comment_status":"open","ping_status":"closed","template":"","meta":[],"product_brand":[],"product_cat":[112],"product_tag":[20,113,114,405,407,222,21,22,23,24],"class_list":{"0":"post-10005","1":"product","2":"type-product","3":"status-publish","4":"has-post-thumbnail","6":"product_cat-brasilien-trikots","7":"product_tag-coole-fussballtrikots","8":"product_tag-brasilien-heimtrikot","9":"product_tag-brasilien-trikots","10":"product_tag-fifa-wm-katar-2022","11":"product_tag-fifa-wm-katar-2022-trikot","12":"product_tag-fussball-wm-2022-trikots","13":"product_tag-fussballtrikot-fuer-herren","14":"product_tag-fussballtrikot-guenstig-kaufen","15":"product_tag-fussballtrikot-kurzarm","16":"product_tag-guenstiges-fussballtrikot","18":"first","19":"instock","20":"shipping-taxable","21":"purchasable","22":"product-type-variable"},"_links":{"self":[{"href":"https:\/\/www.billigtrikotde.com\/es\/wp-json\/wp\/v2\/product\/10005","targetHints":{"allow":["GET"]}}],"collection":[{"href":"https:\/\/www.billigtrikotde.com\/es\/wp-json\/wp\/v2\/product"}],"about":[{"href":"https:\/\/www.billigtrikotde.com\/es\/wp-json\/wp\/v2\/types\/product"}],"replies":[{"embeddable":true,"href":"https:\/\/www.billigtrikotde.com\/es\/wp-json\/wp\/v2\/comments?post=10005"}],"wp:featuredmedia":[{"embeddable":true,"href":"https:\/\/www.billigtrikotde.com\/es\/wp-json\/wp\/v2\/media\/10045"}],"wp:attachment":[{"href":"https:\/\/www.billigtrikotde.com\/es\/wp-json\/wp\/v2\/media?parent=10005"}],"wp:term":[{"taxonomy":"product_brand","embeddable":true,"href":"https:\/\/www.billigtrikotde.com\/es\/wp-json\/wp\/v2\/product_brand?post=10005"},{"taxonomy":"product_cat","embeddable":true,"href":"https:\/\/www.billigtrikotde.com\/es\/wp-json\/wp\/v2\/product_cat?post=10005"},{"taxonomy":"product_tag","embeddable":true,"href":"https:\/\/www.billigtrikotde.com\/es\/wp-json\/wp\/v2\/product_tag?post=10005"}],"curies":[{"name":"wp","href":"https:\/\/api.w.org\/{rel}","templated":true}]}}