{"id":9999,"date":"2024-10-24T02:55:48","date_gmt":"2024-10-24T00:55:48","guid":{"rendered":"http:\/\/billigtrikots.com\/?post_type=product&#038;p=9999"},"modified":"2024-10-24T02:58:36","modified_gmt":"2024-10-24T00:58:36","slug":"herren-brasilien-fifa-wm-katar-2022-heimtrikot-gelb-kurzarm-mit-namen-raphael-19","status":"publish","type":"product","link":"https:\/\/www.billigtrikotde.com\/en\/herren-brasilien-fifa-wm-katar-2022-heimtrikot-gelb-kurzarm-mit-namen-raphael-19\/","title":{"rendered":"Men's Brazil FIFA World Cup Qatar 2022 Home Jersey yellow short sleeve with name RAPHAEL 19"},"content":{"rendered":"<p>The colours of the Nike Brazil 2022 World Cup home jersey are reminiscent of the 2002 World Cup winner's jersey - it can be seen as a tribute to the 20th anniversary of its release.The Nike Brazil 2022 jersey is based on the Nike 2022 World Cup \/ 22-23 template, of which we have already seen a few examples at the brand's top clubs. It uses the same template as the Chelsea 22-23 jersey.<\/p>\n<p>Tips for printing: If the name and number on the picture are exactly what you want, you do not need to enter them again. If not, you should enter your desired name and number.<\/p>\n<p>Washing tips: It is recommended to wash football shirts by hand. If you want to use the washing machine, remember to turn football shirts inside out and then wash them. Fill the machine with cold water and use a delicate cycle to better protect the colours.<\/p>","protected":false},"excerpt":{"rendered":"<p>Die Farben des Nike Brazil 2022 World Cup Heimtrikots erinnern an das Trikot des WM-Siegers von 2002 \u2013 es kann als eine Hommage an das 20-j\u00e4hrige Jubil\u00e4um seiner Ver\u00f6ffentlichung gesehen werden.Das Nike Brasilien 2022 Trikot basiert auf dem Nike 2022 World Cup \/ 22-23 Template, von dem wir bereits einige Beispiele bei den Top-Klubs der [&hellip;]<\/p>","protected":false},"featured_media":10036,"comment_status":"open","ping_status":"closed","template":"","meta":[],"product_brand":[],"product_cat":[112],"product_tag":[20,113,114,405,407,222,21,22,23,24],"class_list":{"0":"post-9999","1":"product","2":"type-product","3":"status-publish","4":"has-post-thumbnail","6":"product_cat-brasilien-trikots","7":"product_tag-coole-fussballtrikots","8":"product_tag-brasilien-heimtrikot","9":"product_tag-brasilien-trikots","10":"product_tag-fifa-wm-katar-2022","11":"product_tag-fifa-wm-katar-2022-trikot","12":"product_tag-fussball-wm-2022-trikots","13":"product_tag-fussballtrikot-fuer-herren","14":"product_tag-fussballtrikot-guenstig-kaufen","15":"product_tag-fussballtrikot-kurzarm","16":"product_tag-guenstiges-fussballtrikot","18":"first","19":"instock","20":"shipping-taxable","21":"purchasable","22":"product-type-variable"},"_links":{"self":[{"href":"https:\/\/www.billigtrikotde.com\/en\/wp-json\/wp\/v2\/product\/9999","targetHints":{"allow":["GET"]}}],"collection":[{"href":"https:\/\/www.billigtrikotde.com\/en\/wp-json\/wp\/v2\/product"}],"about":[{"href":"https:\/\/www.billigtrikotde.com\/en\/wp-json\/wp\/v2\/types\/product"}],"replies":[{"embeddable":true,"href":"https:\/\/www.billigtrikotde.com\/en\/wp-json\/wp\/v2\/comments?post=9999"}],"wp:featuredmedia":[{"embeddable":true,"href":"https:\/\/www.billigtrikotde.com\/en\/wp-json\/wp\/v2\/media\/10036"}],"wp:attachment":[{"href":"https:\/\/www.billigtrikotde.com\/en\/wp-json\/wp\/v2\/media?parent=9999"}],"wp:term":[{"taxonomy":"product_brand","embeddable":true,"href":"https:\/\/www.billigtrikotde.com\/en\/wp-json\/wp\/v2\/product_brand?post=9999"},{"taxonomy":"product_cat","embeddable":true,"href":"https:\/\/www.billigtrikotde.com\/en\/wp-json\/wp\/v2\/product_cat?post=9999"},{"taxonomy":"product_tag","embeddable":true,"href":"https:\/\/www.billigtrikotde.com\/en\/wp-json\/wp\/v2\/product_tag?post=9999"}],"curies":[{"name":"wp","href":"https:\/\/api.w.org\/{rel}","templated":true}]}}