{"id":9903,"date":"2024-10-24T02:51:01","date_gmt":"2024-10-24T00:51:01","guid":{"rendered":"http:\/\/billigtrikots.com\/?post_type=product&#038;p=9903"},"modified":"2024-10-24T02:53:16","modified_gmt":"2024-10-24T00:53:16","slug":"herren-brasilien-fifa-wm-katar-2022-auswaertstrikot-blau-kurzarm-mit-aufdruck-a-becker-1","status":"publish","type":"product","link":"https:\/\/www.billigtrikotde.com\/en\/herren-brasilien-fifa-wm-katar-2022-auswaertstrikot-blau-kurzarm-mit-aufdruck-a-becker-1\/","title":{"rendered":"Men's Brazil FIFA World Cup Qatar 2022 Away Jersey blue short-sleeve with print A.BECKER 1"},"content":{"rendered":"<p>The Nike Brazil 2022 World Cup away jersey combines a blue base colour with a light green swoosh.<\/p>\n<p>Tips for printing: If the name and number on the picture are exactly what you want, you do not need to enter them again. If not, you should enter your desired name and number.<\/p>\n<p>Washing tips: It is recommended to wash football shirts by hand. If you want to use the washing machine, remember to turn football shirts inside out and then wash them. Fill the machine with cold water and use a delicate cycle to better protect the colours.<\/p>","protected":false},"excerpt":{"rendered":"<p>Das Nike Brasilien 2022 World Cup Ausw\u00e4rtstrikot kombiniert eine blaue Grundfarbe mit hellgr\u00fcnem Swoosh. Tipps zum Drucken: Wenn der Name und die Nummer auf dem Bild genau Ihren W\u00fcnschen entsprechen, m\u00fcssen Sie sie nicht erneut eingeben. Wenn nicht, sollten Sie Ihren gew\u00fcnschten Namen und Ihre Nummer eingeben. Tipps zum Waschen: Es wird empfohlen, Fu\u00dfballtrikots von [&hellip;]<\/p>","protected":false},"featured_media":9944,"comment_status":"open","ping_status":"closed","template":"","meta":[],"product_brand":[],"product_cat":[112],"product_tag":[20,113,114,405,407,222,21,22,23,24],"class_list":{"0":"post-9903","1":"product","2":"type-product","3":"status-publish","4":"has-post-thumbnail","6":"product_cat-brasilien-trikots","7":"product_tag-coole-fussballtrikots","8":"product_tag-brasilien-heimtrikot","9":"product_tag-brasilien-trikots","10":"product_tag-fifa-wm-katar-2022","11":"product_tag-fifa-wm-katar-2022-trikot","12":"product_tag-fussball-wm-2022-trikots","13":"product_tag-fussballtrikot-fuer-herren","14":"product_tag-fussballtrikot-guenstig-kaufen","15":"product_tag-fussballtrikot-kurzarm","16":"product_tag-guenstiges-fussballtrikot","18":"first","19":"instock","20":"shipping-taxable","21":"purchasable","22":"product-type-variable"},"_links":{"self":[{"href":"https:\/\/www.billigtrikotde.com\/en\/wp-json\/wp\/v2\/product\/9903","targetHints":{"allow":["GET"]}}],"collection":[{"href":"https:\/\/www.billigtrikotde.com\/en\/wp-json\/wp\/v2\/product"}],"about":[{"href":"https:\/\/www.billigtrikotde.com\/en\/wp-json\/wp\/v2\/types\/product"}],"replies":[{"embeddable":true,"href":"https:\/\/www.billigtrikotde.com\/en\/wp-json\/wp\/v2\/comments?post=9903"}],"wp:featuredmedia":[{"embeddable":true,"href":"https:\/\/www.billigtrikotde.com\/en\/wp-json\/wp\/v2\/media\/9944"}],"wp:attachment":[{"href":"https:\/\/www.billigtrikotde.com\/en\/wp-json\/wp\/v2\/media?parent=9903"}],"wp:term":[{"taxonomy":"product_brand","embeddable":true,"href":"https:\/\/www.billigtrikotde.com\/en\/wp-json\/wp\/v2\/product_brand?post=9903"},{"taxonomy":"product_cat","embeddable":true,"href":"https:\/\/www.billigtrikotde.com\/en\/wp-json\/wp\/v2\/product_cat?post=9903"},{"taxonomy":"product_tag","embeddable":true,"href":"https:\/\/www.billigtrikotde.com\/en\/wp-json\/wp\/v2\/product_tag?post=9903"}],"curies":[{"name":"wp","href":"https:\/\/api.w.org\/{rel}","templated":true}]}}