{"id":966,"date":"2024-10-23T13:10:51","date_gmt":"2024-10-23T11:10:51","guid":{"rendered":"http:\/\/billigtrikots.com\/?post_type=product&#038;p=966"},"modified":"2024-10-23T13:13:07","modified_gmt":"2024-10-23T11:13:07","slug":"real-madrid-heimtrikot-2022-weiss-langarm-trikotsatz-mit-aufdruck-sergio-ramos-4","status":"publish","type":"product","link":"https:\/\/www.billigtrikotde.com\/en\/real-madrid-heimtrikot-2022-weiss-langarm-trikotsatz-mit-aufdruck-sergio-ramos-4\/","title":{"rendered":"Real Madrid Home Jersey 2022 white long sleeve kit with print Sergio Ramos 4"},"content":{"rendered":"<p>Support your favourite team all the way in the new men's home jersey of the \"Royals\". It comes in bright white and is embellished with the a-didas brand details, as well as the sponsor lettering, and features the proud club crest in the authentic team colours on the heart side.<\/p>\n<p>Made from highly functional AEROREADY material, the official jersey also offers you excellent heat and moisture management. It feels soft and light on the skin and dries particularly quickly to ensure optimum comfort at all times. Breathable zones also ensure optimum ventilation. The replica fit is also cut slightly wider than the original player jersey, the streetwear version of it, so to speak, and therefore offers you maximum freedom of movement when cheering on the fans as well as in your own training. The 100% recycled polyester is not only durable and hard-wearing, but also highly sustainable!<\/p>\n<p>So don't wait and get it now! Get your hands on the popular a-didas Real Madrid men's home jersey 2021\/22 in bright white today! With it, you'll leave no doubt about your allegiance and support your team with all your heart!<\/p>\n<p>Tips for printing: If the name and number on the picture are exactly what you want, you do not need to enter them again. If not, you should enter your desired name and number.<\/p>\n<p>Washing tips: It is recommended to wash football shirts by hand. If you want to use the washing machine, remember to turn football shirts inside out and then wash them. Fill the machine with cold water and use a delicate cycle to better protect the colours.<\/p>","protected":false},"excerpt":{"rendered":"<p>Im neuen Herren Heimtrikot der \u201eK\u00f6niglichen\u201c unterst\u00fctzt du deine Lieblingself auf ganzer Linie. Es pr\u00e4sentiert sich in strahlendem Wei\u00df und ist mit den a-didas Markendetails, wie auch dem Sponsorenschriftzug, veredelt und tr\u00e4gt auf der Herzseite das stolze Clubwappen in den authentischen Teamfarben. Gefertigt aus hoch funktionellem AEROREADY-Material, bietet dir das offizielle Trikot auch ein hervorragendes [&hellip;]<\/p>","protected":false},"featured_media":1008,"comment_status":"open","ping_status":"closed","template":"","meta":[],"product_brand":[],"product_cat":[45],"product_tag":[20,38,21,24,47],"class_list":{"0":"post-966","1":"product","2":"type-product","3":"status-publish","4":"has-post-thumbnail","6":"product_cat-real-madrid","7":"product_tag-coole-fussballtrikots","8":"product_tag-fussball-trikot-langarm","9":"product_tag-fussballtrikot-fuer-herren","10":"product_tag-guenstiges-fussballtrikot","11":"product_tag-real-madrid-trikots","13":"first","14":"instock","15":"shipping-taxable","16":"purchasable","17":"product-type-variable"},"_links":{"self":[{"href":"https:\/\/www.billigtrikotde.com\/en\/wp-json\/wp\/v2\/product\/966","targetHints":{"allow":["GET"]}}],"collection":[{"href":"https:\/\/www.billigtrikotde.com\/en\/wp-json\/wp\/v2\/product"}],"about":[{"href":"https:\/\/www.billigtrikotde.com\/en\/wp-json\/wp\/v2\/types\/product"}],"replies":[{"embeddable":true,"href":"https:\/\/www.billigtrikotde.com\/en\/wp-json\/wp\/v2\/comments?post=966"}],"wp:featuredmedia":[{"embeddable":true,"href":"https:\/\/www.billigtrikotde.com\/en\/wp-json\/wp\/v2\/media\/1008"}],"wp:attachment":[{"href":"https:\/\/www.billigtrikotde.com\/en\/wp-json\/wp\/v2\/media?parent=966"}],"wp:term":[{"taxonomy":"product_brand","embeddable":true,"href":"https:\/\/www.billigtrikotde.com\/en\/wp-json\/wp\/v2\/product_brand?post=966"},{"taxonomy":"product_cat","embeddable":true,"href":"https:\/\/www.billigtrikotde.com\/en\/wp-json\/wp\/v2\/product_cat?post=966"},{"taxonomy":"product_tag","embeddable":true,"href":"https:\/\/www.billigtrikotde.com\/en\/wp-json\/wp\/v2\/product_tag?post=966"}],"curies":[{"name":"wp","href":"https:\/\/api.w.org\/{rel}","templated":true}]}}