{"id":8952,"date":"2024-10-24T02:02:39","date_gmt":"2024-10-24T00:02:39","guid":{"rendered":"http:\/\/billigtrikots.com\/?post_type=product&#038;p=8952"},"modified":"2025-10-16T16:03:41","modified_gmt":"2025-10-16T14:03:41","slug":"modric-10-real-madrid-auswaertstrikot-2022-23-trikot-away-lila-fuer-kinder","status":"publish","type":"product","link":"https:\/\/www.billigtrikotde.com\/en\/modric-10-real-madrid-auswaertstrikot-2022-23-trikot-away-lila-fuer-kinder\/","title":{"rendered":"MODRI\u0106 10 Real Madrid Away Jersey 2022\/23 Away Purple for Kids"},"content":{"rendered":"<p>The lightweight model in purple will help you to support your team in the best possible way at the next match. adidas has an excellent product in its range with this jersey. More support is hardly possible! With this Real Madrid away jersey, you can expand your fan collection with an item just like the players in the Primera Division wear. The sweat-wicking, comfortable, lightweight and breathable model is a winner across the board. This jersey is the ideal companion for your sporting activities. It stands out visually with a club crest on the chest.<\/p>\n<p>Tips for printing: If the name and number on the picture are exactly what you want, you do not need to enter them again. If not, you should enter your desired name and number.<\/p>\n<p>Washing tips: It is recommended to wash football shirts by hand. If you want to use the washing machine, remember to turn football shirts inside out and then wash them. Fill the machine with cold water and use a delicate cycle to better protect the colours.<\/p>","protected":false},"excerpt":{"rendered":"<p>Das leichte Modell in Lila hilft dir, dein Team beim n\u00e4chsten Spiel bestens zu unterst\u00fctzen. adidas hat mit dem Trikot ein sehr hervorragendes Produkt im Sortiment. Mehr Unterst\u00fctzung geht kaum! Mit diesem Real Madrid-Ausw\u00e4rts-Trikot erweiterst du deine Fan-Kollektion um einen Artikel, wie ihn die Spieler in der Primera Division tragen. Das schwei\u00dfableitende, bequeme, leichte und [&hellip;]<\/p>","protected":false},"featured_media":8988,"comment_status":"open","ping_status":"closed","template":"","meta":[],"product_brand":[],"product_cat":[165],"product_tag":[20,35,21,22,23,24,94,49,47,166],"class_list":{"0":"post-8952","1":"product","2":"type-product","3":"status-publish","4":"has-post-thumbnail","6":"product_cat-real-madrid-kindertrikot","7":"product_tag-coole-fussballtrikots","8":"product_tag-fussball-torwarttrikots","9":"product_tag-fussballtrikot-fuer-herren","10":"product_tag-fussballtrikot-guenstig-kaufen","11":"product_tag-fussballtrikot-kurzarm","12":"product_tag-guenstiges-fussballtrikot","13":"product_tag-kinder-fussball-trikotsatz","14":"product_tag-real-madrid-auswaertstrikot","15":"product_tag-real-madrid-trikots","16":"product_tag-real-madrid-trikotsatz-fuer-kinder","18":"first","19":"instock","20":"shipping-taxable","21":"purchasable","22":"product-type-variable"},"_links":{"self":[{"href":"https:\/\/www.billigtrikotde.com\/en\/wp-json\/wp\/v2\/product\/8952","targetHints":{"allow":["GET"]}}],"collection":[{"href":"https:\/\/www.billigtrikotde.com\/en\/wp-json\/wp\/v2\/product"}],"about":[{"href":"https:\/\/www.billigtrikotde.com\/en\/wp-json\/wp\/v2\/types\/product"}],"replies":[{"embeddable":true,"href":"https:\/\/www.billigtrikotde.com\/en\/wp-json\/wp\/v2\/comments?post=8952"}],"wp:featuredmedia":[{"embeddable":true,"href":"https:\/\/www.billigtrikotde.com\/en\/wp-json\/wp\/v2\/media\/8988"}],"wp:attachment":[{"href":"https:\/\/www.billigtrikotde.com\/en\/wp-json\/wp\/v2\/media?parent=8952"}],"wp:term":[{"taxonomy":"product_brand","embeddable":true,"href":"https:\/\/www.billigtrikotde.com\/en\/wp-json\/wp\/v2\/product_brand?post=8952"},{"taxonomy":"product_cat","embeddable":true,"href":"https:\/\/www.billigtrikotde.com\/en\/wp-json\/wp\/v2\/product_cat?post=8952"},{"taxonomy":"product_tag","embeddable":true,"href":"https:\/\/www.billigtrikotde.com\/en\/wp-json\/wp\/v2\/product_tag?post=8952"}],"curies":[{"name":"wp","href":"https:\/\/api.w.org\/{rel}","templated":true}]}}