{"id":8574,"date":"2024-10-24T01:43:48","date_gmt":"2024-10-23T23:43:48","guid":{"rendered":"http:\/\/billigtrikots.com\/?post_type=product&#038;p=8574"},"modified":"2024-10-24T01:46:05","modified_gmt":"2024-10-23T23:46:05","slug":"danilo-3-manchester-city-auswaertstrikot-2022-2023-schwarz-rot-kurzarm-kurze-hosen","status":"publish","type":"product","link":"https:\/\/www.billigtrikotde.com\/en\/danilo-3-manchester-city-auswaertstrikot-2022-2023-schwarz-rot-kurzarm-kurze-hosen\/","title":{"rendered":"DANILO 3 Manchester City away kit 2022\/2023 black red short sleeve + shorts"},"content":{"rendered":"<p>City put on a show. When the class of 1969 took to the streets, they caused a stir with their fearless, technically proficient football - and their bold and brilliant new away kit. Designed by the legendary Malcolm Allison, the vertical stripes in red and black proved victorious in the 1969 FA Cup final and the 1970 League Cup and European Cup Winners' Cup finals, earning their place among the all-time fan favourites. The 2022\/23 season of Manchester City F.C. The away jersey breathes new energy into a classic design. For the first time, red and black stripes flow diagonally across the jersey, inspired by the club crest and the depiction of the three Manchester rivers.<\/p>\n<p>Tips for printing: If the name and number on the picture are exactly what you want, you do not need to enter them again. If not, you should enter your desired name and number.<\/p>\n<p>Washing tips: It is recommended to wash football shirts by hand. If you want to use the washing machine, remember to turn football shirts inside out and then wash them. Fill the machine with cold water and use a delicate cycle to better protect the colours.<\/p>","protected":false},"excerpt":{"rendered":"<p>Die Stadt hat eine Show abgezogen. Als die Klasse von 1969 auf die Stra\u00dfe ging, sorgte sie mit ihrem furchtlosen, technisch versierten Fu\u00dfball f\u00fcr Aufsehen \u2013 und ihrem mutigen und brillanten neuen Ausw\u00e4rtstrikot. Die vom legend\u00e4ren Malcolm Allison entworfenen vertikalen Streifen in Rot und Schwarz erwiesen sich beim FA Cup-Finale 1969 und den Endspielen des [&hellip;]<\/p>","protected":false},"featured_media":8608,"comment_status":"open","ping_status":"closed","template":"","meta":[],"product_brand":[],"product_cat":[82],"product_tag":[20,21,22,333,24,334,273,337,84],"class_list":{"0":"post-8574","1":"product","2":"type-product","3":"status-publish","4":"has-post-thumbnail","6":"product_cat-manchester-city","7":"product_tag-coole-fussballtrikots","8":"product_tag-fussballtrikot-fuer-herren","9":"product_tag-fussballtrikot-guenstig-kaufen","10":"product_tag-fussballtrikot-langaermeliges","11":"product_tag-guenstiges-fussballtrikot","12":"product_tag-manchester-city-torwarttrikot","13":"product_tag-manchester-city-trikot-22-23","14":"product_tag-manchester-city-trikot-away","15":"product_tag-manchester-city-trikots","17":"first","18":"instock","19":"shipping-taxable","20":"purchasable","21":"product-type-variable"},"_links":{"self":[{"href":"https:\/\/www.billigtrikotde.com\/en\/wp-json\/wp\/v2\/product\/8574","targetHints":{"allow":["GET"]}}],"collection":[{"href":"https:\/\/www.billigtrikotde.com\/en\/wp-json\/wp\/v2\/product"}],"about":[{"href":"https:\/\/www.billigtrikotde.com\/en\/wp-json\/wp\/v2\/types\/product"}],"replies":[{"embeddable":true,"href":"https:\/\/www.billigtrikotde.com\/en\/wp-json\/wp\/v2\/comments?post=8574"}],"wp:featuredmedia":[{"embeddable":true,"href":"https:\/\/www.billigtrikotde.com\/en\/wp-json\/wp\/v2\/media\/8608"}],"wp:attachment":[{"href":"https:\/\/www.billigtrikotde.com\/en\/wp-json\/wp\/v2\/media?parent=8574"}],"wp:term":[{"taxonomy":"product_brand","embeddable":true,"href":"https:\/\/www.billigtrikotde.com\/en\/wp-json\/wp\/v2\/product_brand?post=8574"},{"taxonomy":"product_cat","embeddable":true,"href":"https:\/\/www.billigtrikotde.com\/en\/wp-json\/wp\/v2\/product_cat?post=8574"},{"taxonomy":"product_tag","embeddable":true,"href":"https:\/\/www.billigtrikotde.com\/en\/wp-json\/wp\/v2\/product_tag?post=8574"}],"curies":[{"name":"wp","href":"https:\/\/api.w.org\/{rel}","templated":true}]}}