{"id":8385,"date":"2024-10-24T01:34:28","date_gmt":"2024-10-23T23:34:28","guid":{"rendered":"http:\/\/billigtrikots.com\/?post_type=product&#038;p=8385"},"modified":"2024-10-24T01:36:43","modified_gmt":"2024-10-23T23:36:43","slug":"valencia-cf-2022-23-herren-heimtrikot-weiss-kurzarm-schwarz-kurze-hosen","status":"publish","type":"product","link":"https:\/\/www.billigtrikotde.com\/en\/valencia-cf-2022-23-herren-heimtrikot-weiss-kurzarm-schwarz-kurze-hosen\/","title":{"rendered":"Valencia CF 2022-23 Men's Home Shirt White Short Sleeve + Black Shorts"},"content":{"rendered":"<p>The all-white jersey celebrates the centenary of the club's legendary Mestalla stadium with a minimalist retro look.The centenary of the Mestalla is honoured through the use of a specially designed crest based on a vintage poster of Valencia's first game at the venue in 1923. It includes the initials \"V.F.C.\" (the team's name was originally Valencia Football Club) and the text \"1923 CAMP DE MESTALLA 2023\". The Valencia CF 2022\/23 PUMA home jersey is worn with black shorts and white socks. White shorts are available as an alternative for an all-white look.<\/p>\n<p>Tips for printing: If the name and number on the picture are exactly what you want, you do not need to enter them again. If not, you should enter your desired name and number.<\/p>\n<p>Washing tips: It is recommended to wash football shirts by hand. If you want to use the washing machine, remember to turn football shirts inside out and then wash them. Fill the machine with cold water and use a delicate cycle to better protect the colours.<\/p>","protected":false},"excerpt":{"rendered":"<p>Das komplett wei\u00dfe Trikot feiert das hundertj\u00e4hrige Jubil\u00e4um des legend\u00e4ren Mestalla-Stadions des Clubs mit einem minimalistischen Retro-Look.Das hundertj\u00e4hrige Bestehen des Mestalla wird durch die Verwendung eines speziell entworfenen Wappens gew\u00fcrdigt, das auf einem Vintage-Poster von Valencias erstem Spiel vor Ort im Jahr 1923 basiert. Es enth\u00e4lt die Initialen \u201eV.F.C.\u201c (der Name des Teams war urspr\u00fcnglich [&hellip;]<\/p>","protected":false},"featured_media":8419,"comment_status":"open","ping_status":"closed","template":"","meta":[],"product_brand":[],"product_cat":[15],"product_tag":[20,21,22,23,24,368,369],"class_list":{"0":"post-8385","1":"product","2":"type-product","3":"status-publish","4":"has-post-thumbnail","6":"product_cat-unkategorisiert","7":"product_tag-coole-fussballtrikots","8":"product_tag-fussballtrikot-fuer-herren","9":"product_tag-fussballtrikot-guenstig-kaufen","10":"product_tag-fussballtrikot-kurzarm","11":"product_tag-guenstiges-fussballtrikot","12":"product_tag-top-best-football-jersey","13":"product_tag-valencia-cf-2022-23-heimtrikot","15":"first","16":"instock","17":"shipping-taxable","18":"purchasable","19":"product-type-variable"},"_links":{"self":[{"href":"https:\/\/www.billigtrikotde.com\/en\/wp-json\/wp\/v2\/product\/8385","targetHints":{"allow":["GET"]}}],"collection":[{"href":"https:\/\/www.billigtrikotde.com\/en\/wp-json\/wp\/v2\/product"}],"about":[{"href":"https:\/\/www.billigtrikotde.com\/en\/wp-json\/wp\/v2\/types\/product"}],"replies":[{"embeddable":true,"href":"https:\/\/www.billigtrikotde.com\/en\/wp-json\/wp\/v2\/comments?post=8385"}],"wp:featuredmedia":[{"embeddable":true,"href":"https:\/\/www.billigtrikotde.com\/en\/wp-json\/wp\/v2\/media\/8419"}],"wp:attachment":[{"href":"https:\/\/www.billigtrikotde.com\/en\/wp-json\/wp\/v2\/media?parent=8385"}],"wp:term":[{"taxonomy":"product_brand","embeddable":true,"href":"https:\/\/www.billigtrikotde.com\/en\/wp-json\/wp\/v2\/product_brand?post=8385"},{"taxonomy":"product_cat","embeddable":true,"href":"https:\/\/www.billigtrikotde.com\/en\/wp-json\/wp\/v2\/product_cat?post=8385"},{"taxonomy":"product_tag","embeddable":true,"href":"https:\/\/www.billigtrikotde.com\/en\/wp-json\/wp\/v2\/product_tag?post=8385"}],"curies":[{"name":"wp","href":"https:\/\/api.w.org\/{rel}","templated":true}]}}