{"id":8341,"date":"2024-10-24T01:32:12","date_gmt":"2024-10-23T23:32:12","guid":{"rendered":"http:\/\/billigtrikots.com\/?post_type=product&#038;p=8341"},"modified":"2024-10-24T01:34:22","modified_gmt":"2024-10-23T23:34:22","slug":"argentinien-auswaertstrikot-fuer-die-wm-2022-lila-trikotsatz-fussballtrikot-herren-sale","status":"publish","type":"product","link":"https:\/\/www.billigtrikotde.com\/en\/argentinien-auswaertstrikot-fuer-die-wm-2022-lila-trikotsatz-fussballtrikot-herren-sale\/","title":{"rendered":"Argentina away jersey for the World Cup 2022 purple kit football jersey men's sale"},"content":{"rendered":"<p>The Argentina 2022 World Cup away jersey combines two different shades of purple with silver details, such as the Adidas and association logos. The official colours are \"Legacy Indigo\/Purple Rush\" and the Sol de Argentina in light silver is located on the back under the collar, similar to the jersey, while the 3 stripes on the shoulders of the new Argentina World Cup 2022 away jersey are in a subtle light purple. To complete the look, the Argentina World Cup 2022 away jersey has a faint graphic on the front - this graphic is also inspired by the Sol de Mayo.<\/p>\n<p>Tips for printing: If the name and number on the picture are exactly what you want, you do not need to enter them again. If not, you should enter your desired name and number.<\/p>\n<p>Washing tips: It is recommended to wash football shirts by hand. If you want to use the washing machine, remember to turn football shirts inside out and then wash them. Fill the machine with cold water and use a delicate cycle to better protect the colours.<\/p>","protected":false},"excerpt":{"rendered":"<p>Das Argentinien WM 2022 Ausw\u00e4rtstrikot kombiniert zwei verschiedene Lila-T\u00f6ne mit silbernen Details, wie dem Adidas- und dem Verbandslogo. Offiziell lauten die Farben &#8222;Legacy Indigo\/Purple Rush&#8220;.Das Sol de Argentina in hellem Silber befindet sich auf der R\u00fcckseite unter dem Kragen, \u00e4hnlich wie beim Trikot.Die 3 Streifen auf den Schultern des neuen Argentinien WM 2022 Ausw\u00e4rtstrikots sind [&hellip;]<\/p>","protected":false},"featured_media":8381,"comment_status":"open","ping_status":"closed","template":"","meta":[],"product_brand":[],"product_cat":[325],"product_tag":[356,357,358,20,21,22,23,24],"class_list":{"0":"post-8341","1":"product","2":"type-product","3":"status-publish","4":"has-post-thumbnail","6":"product_cat-argentinien-trikots","7":"product_tag-argentinien-trikots","8":"product_tag-argentinien-wm-2022-auswaertstrikot","9":"product_tag-auswaertstrikot-fuer-die-wm-2022","10":"product_tag-coole-fussballtrikots","11":"product_tag-fussballtrikot-fuer-herren","12":"product_tag-fussballtrikot-guenstig-kaufen","13":"product_tag-fussballtrikot-kurzarm","14":"product_tag-guenstiges-fussballtrikot","16":"first","17":"instock","18":"shipping-taxable","19":"purchasable","20":"product-type-variable"},"_links":{"self":[{"href":"https:\/\/www.billigtrikotde.com\/en\/wp-json\/wp\/v2\/product\/8341","targetHints":{"allow":["GET"]}}],"collection":[{"href":"https:\/\/www.billigtrikotde.com\/en\/wp-json\/wp\/v2\/product"}],"about":[{"href":"https:\/\/www.billigtrikotde.com\/en\/wp-json\/wp\/v2\/types\/product"}],"replies":[{"embeddable":true,"href":"https:\/\/www.billigtrikotde.com\/en\/wp-json\/wp\/v2\/comments?post=8341"}],"wp:featuredmedia":[{"embeddable":true,"href":"https:\/\/www.billigtrikotde.com\/en\/wp-json\/wp\/v2\/media\/8381"}],"wp:attachment":[{"href":"https:\/\/www.billigtrikotde.com\/en\/wp-json\/wp\/v2\/media?parent=8341"}],"wp:term":[{"taxonomy":"product_brand","embeddable":true,"href":"https:\/\/www.billigtrikotde.com\/en\/wp-json\/wp\/v2\/product_brand?post=8341"},{"taxonomy":"product_cat","embeddable":true,"href":"https:\/\/www.billigtrikotde.com\/en\/wp-json\/wp\/v2\/product_cat?post=8341"},{"taxonomy":"product_tag","embeddable":true,"href":"https:\/\/www.billigtrikotde.com\/en\/wp-json\/wp\/v2\/product_tag?post=8341"}],"curies":[{"name":"wp","href":"https:\/\/api.w.org\/{rel}","templated":true}]}}