{"id":8062,"date":"2024-10-24T01:17:55","date_gmt":"2024-10-23T23:17:55","guid":{"rendered":"http:\/\/billigtrikots.com\/?post_type=product&#038;p=8062"},"modified":"2024-10-24T01:20:04","modified_gmt":"2024-10-23T23:20:04","slug":"van-de-beek-20-niederlande-auswaertstrikot-euro-2022-weiss-fussballtrikots-set-fuer-herren","status":"publish","type":"product","link":"https:\/\/www.billigtrikotde.com\/en\/van-de-beek-20-niederlande-auswaertstrikot-euro-2022-weiss-fussballtrikots-set-fuer-herren\/","title":{"rendered":"VAN DE BEEK 20 Netherlands away shirt Euro 2022 white football shirts set for men"},"content":{"rendered":"<p>The Nike Netherlands Euro 2022 away shirt is mainly white and features a bespoke design inspired by the Dutch flag. The blue and red rectangles are distributed asymmetrically across the entire jersey.<\/p>\n<p>The logo on the left chest of the Nike Netherlands 2022 away shirt is also unique: it is red and shows an orange lion.<\/p>\n<p>Tips for printing: If the name and number on the picture are exactly what you want, you do not need to enter them again. If not, you should enter your desired name and number.<\/p>\n<p>Washing tips: It is recommended to wash football shirts by hand. If you want to use the washing machine, remember to turn football shirts inside out and then wash them. Fill the machine with cold water and use a delicate cycle to better protect the colours.<\/p>","protected":false},"excerpt":{"rendered":"<p>Das Nike Niederlande Euro 2022 Ausw \u00e4rtstrikot ist haupts\u00e4chlich wei\u00df und zeigt ein ma\u00dfgeschneidertes Design, das von der niederl\u00e4ndischen Flagge inspiriert ist. Die blauen und roten Rechtecke sind unsymmetrisch \u00fcber das ganze Trikot verteilt. Das Logo auf der linken Brustseite des Nike Niederlande 2022 Ausw\u00e4rtstrikots ist ebenfalls einzigartig: Es ist rot und zeigt eine orangefarbene [&hellip;]<\/p>","protected":false},"featured_media":8102,"comment_status":"open","ping_status":"closed","template":"","meta":[],"product_brand":[],"product_cat":[219],"product_tag":[20,21,22,23,24,355,221],"class_list":{"0":"post-8062","1":"product","2":"type-product","3":"status-publish","4":"has-post-thumbnail","6":"product_cat-niederlande-trikots","7":"product_tag-coole-fussballtrikots","8":"product_tag-fussballtrikot-fuer-herren","9":"product_tag-fussballtrikot-guenstig-kaufen","10":"product_tag-fussballtrikot-kurzarm","11":"product_tag-guenstiges-fussballtrikot","12":"product_tag-niederlande-auswaertstrikot","13":"product_tag-niederlande-trikots","15":"first","16":"instock","17":"shipping-taxable","18":"purchasable","19":"product-type-variable"},"_links":{"self":[{"href":"https:\/\/www.billigtrikotde.com\/en\/wp-json\/wp\/v2\/product\/8062","targetHints":{"allow":["GET"]}}],"collection":[{"href":"https:\/\/www.billigtrikotde.com\/en\/wp-json\/wp\/v2\/product"}],"about":[{"href":"https:\/\/www.billigtrikotde.com\/en\/wp-json\/wp\/v2\/types\/product"}],"replies":[{"embeddable":true,"href":"https:\/\/www.billigtrikotde.com\/en\/wp-json\/wp\/v2\/comments?post=8062"}],"wp:featuredmedia":[{"embeddable":true,"href":"https:\/\/www.billigtrikotde.com\/en\/wp-json\/wp\/v2\/media\/8102"}],"wp:attachment":[{"href":"https:\/\/www.billigtrikotde.com\/en\/wp-json\/wp\/v2\/media?parent=8062"}],"wp:term":[{"taxonomy":"product_brand","embeddable":true,"href":"https:\/\/www.billigtrikotde.com\/en\/wp-json\/wp\/v2\/product_brand?post=8062"},{"taxonomy":"product_cat","embeddable":true,"href":"https:\/\/www.billigtrikotde.com\/en\/wp-json\/wp\/v2\/product_cat?post=8062"},{"taxonomy":"product_tag","embeddable":true,"href":"https:\/\/www.billigtrikotde.com\/en\/wp-json\/wp\/v2\/product_tag?post=8062"}],"curies":[{"name":"wp","href":"https:\/\/api.w.org\/{rel}","templated":true}]}}