{"id":7260,"date":"2024-10-23T18:20:42","date_gmt":"2024-10-23T16:20:42","guid":{"rendered":"http:\/\/billigtrikots.com\/?post_type=product&#038;p=7260"},"modified":"2024-10-23T18:22:55","modified_gmt":"2024-10-23T16:22:55","slug":"rb-leipzig-22-23-drittes-auswaertstrikot-schwarz-herren-fussballtrikots-kurzarm-kurze-hosen","status":"publish","type":"product","link":"https:\/\/www.billigtrikotde.com\/en\/rb-leipzig-22-23-drittes-auswaertstrikot-schwarz-herren-fussballtrikots-kurzarm-kurze-hosen\/","title":{"rendered":"RB Leipzig 22-23 Third Away Kit Black Men's Football Shirts Short Sleeve + Shorts"},"content":{"rendered":"<p>The Nike RB Leipzig 22-23 third jersey is mainly black with a red graphic on the front and lower back, and the club motto \"You can do anything\" is printed on the upper back of the Nike RB Leipzig 2022-2023 third jersey, directly above the text \"RB Leipzig\".<\/p>\n<p>Tips for printing: If the name and number on the picture are exactly what you want, you do not need to enter them again. If not, you should enter your desired name and number.<\/p>\n<p>Washing tips: It is recommended to wash football shirts by hand. If you want to use the washing machine, remember to turn football shirts inside out and then wash them. Fill the machine with cold water and use a delicate cycle to better protect the colours.<\/p>","protected":false},"excerpt":{"rendered":"<p>Das Nike RB Leipzig 22-23 Drittes Trikot ist haupts\u00e4chlich schwarz mit einer roten Grafik auf der Vorderseite und dem unteren R\u00fccken.Das Vereinsmotto &#8222;Du kannst alles schaffen&#8220; ist auf der oberen R\u00fcckseite des Nike RB Leipzig 2022-2023 dritten Trikots aufgedruckt, direkt \u00fcber dem Text &#8222;RB Leipzig&#8220;. Tipps zum Drucken: Wenn der Name und die Nummer auf [&hellip;]<\/p>","protected":false},"featured_media":7298,"comment_status":"open","ping_status":"closed","template":"","meta":[],"product_brand":[],"product_cat":[185],"product_tag":[20,21,22,23,24,186,312,187],"class_list":{"0":"post-7260","1":"product","2":"type-product","3":"status-publish","4":"has-post-thumbnail","6":"product_cat-rb-leipzig","7":"product_tag-coole-fussballtrikots","8":"product_tag-fussballtrikot-fuer-herren","9":"product_tag-fussballtrikot-guenstig-kaufen","10":"product_tag-fussballtrikot-kurzarm","11":"product_tag-guenstiges-fussballtrikot","12":"product_tag-rb-leipzig-auswaertstrikot","13":"product_tag-rb-leipzig-auswaertstrikot-2022-23","14":"product_tag-rb-leipzig-trikots","16":"first","17":"instock","18":"shipping-taxable","19":"purchasable","20":"product-type-variable"},"_links":{"self":[{"href":"https:\/\/www.billigtrikotde.com\/en\/wp-json\/wp\/v2\/product\/7260","targetHints":{"allow":["GET"]}}],"collection":[{"href":"https:\/\/www.billigtrikotde.com\/en\/wp-json\/wp\/v2\/product"}],"about":[{"href":"https:\/\/www.billigtrikotde.com\/en\/wp-json\/wp\/v2\/types\/product"}],"replies":[{"embeddable":true,"href":"https:\/\/www.billigtrikotde.com\/en\/wp-json\/wp\/v2\/comments?post=7260"}],"wp:featuredmedia":[{"embeddable":true,"href":"https:\/\/www.billigtrikotde.com\/en\/wp-json\/wp\/v2\/media\/7298"}],"wp:attachment":[{"href":"https:\/\/www.billigtrikotde.com\/en\/wp-json\/wp\/v2\/media?parent=7260"}],"wp:term":[{"taxonomy":"product_brand","embeddable":true,"href":"https:\/\/www.billigtrikotde.com\/en\/wp-json\/wp\/v2\/product_brand?post=7260"},{"taxonomy":"product_cat","embeddable":true,"href":"https:\/\/www.billigtrikotde.com\/en\/wp-json\/wp\/v2\/product_cat?post=7260"},{"taxonomy":"product_tag","embeddable":true,"href":"https:\/\/www.billigtrikotde.com\/en\/wp-json\/wp\/v2\/product_tag?post=7260"}],"curies":[{"name":"wp","href":"https:\/\/api.w.org\/{rel}","templated":true}]}}