{"id":7122,"date":"2024-10-23T18:14:30","date_gmt":"2024-10-23T16:14:30","guid":{"rendered":"http:\/\/billigtrikots.com\/?post_type=product&#038;p=7122"},"modified":"2024-10-23T18:16:06","modified_gmt":"2024-10-23T16:16:06","slug":"herren-inter-mailand-22-23-auswaertstrikot-weiss-kurzarm-kurze-hosen-mit-namen-de-vrij-6","status":"publish","type":"product","link":"https:\/\/www.billigtrikotde.com\/en\/herren-inter-mailand-22-23-auswaertstrikot-weiss-kurzarm-kurze-hosen-mit-namen-de-vrij-6\/","title":{"rendered":"Men's Inter Milan 22-23 Away Jersey White Short Sleeve + Shorts with Name DE VRIJ 6"},"content":{"rendered":"<p>The Nike Inter 22-23 away jersey combines a white base material with \"Light Aqua\" for an all-over graphic and black for the brand and sponsor logos, including the Inter crest, which has been recoloured in turquoise and white with a black border to match the colour scheme of the entire jersey.<\/p>\n<p>The most striking feature of the new Inter 22 away kit is certainly the graphic which, on closer inspection, shows a map of the world with Italy and Milan directly below the club crest. This is a nod to Inter's history as a club that has always welcomed both Italians and foreign players without restriction, and the Inter 22-23 away kit will be available from the beginning of September 2022.<\/p>\n<p>The Nike Inter 22-23 Away Jersey combines a white base with \"Light Aqua\" for an all-over graphic and black for the brand and sponsor logos.<\/p>\n<p>Tips for printing: If the name and number on the picture are exactly what you want, you do not need to enter them again. If not, you should enter your desired name and number.<\/p>\n<p>Washing tips: It is recommended to wash football shirts by hand. If you want to use the washing machine, remember to turn football shirts inside out and then wash them. Fill the machine with cold water and use a delicate cycle to better protect the colours.<\/p>","protected":false},"excerpt":{"rendered":"<p>Das Nike Inter 22-23 Ausw\u00e4rtstrikot kombiniert ein wei\u00dfes Grundmaterial mit \u201eLight Aqua\u201c f\u00fcr eine All-Over-Grafik und Schwarz f\u00fcr die Marken- und Sponsorenlogos.Dazu geh\u00f6rt auch das Inter-Wappen, das in T\u00fcrkis und Wei\u00df mit schwarzer Umrandung neu eingef\u00e4rbt wurde, passend zum Farbschema des gesamten Trikots. Das auff\u00e4lligste Merkmal des neuen Inter 22-Ausw\u00e4rtstrikots ist sicherlich die Grafik, die [\u2026]<\/p>","protected":false},"featured_media":7155,"comment_status":"open","ping_status":"closed","template":"","meta":[],"product_brand":[],"product_cat":[77],"product_tag":[20,21,22,23,24,298,78],"class_list":{"0":"post-7122","1":"product","2":"type-product","3":"status-publish","4":"has-post-thumbnail","6":"product_cat-inter-milan","7":"product_tag-coole-fussballtrikots","8":"product_tag-fussballtrikot-fuer-herren","9":"product_tag-fussballtrikot-guenstig-kaufen","10":"product_tag-fussballtrikot-kurzarm","11":"product_tag-guenstiges-fussballtrikot","12":"product_tag-inter-mailand-22-23-auswaertstrikot","13":"product_tag-inter-milan-trikots","15":"first","16":"instock","17":"shipping-taxable","18":"purchasable","19":"product-type-variable"},"_links":{"self":[{"href":"https:\/\/www.billigtrikotde.com\/en\/wp-json\/wp\/v2\/product\/7122","targetHints":{"allow":["GET"]}}],"collection":[{"href":"https:\/\/www.billigtrikotde.com\/en\/wp-json\/wp\/v2\/product"}],"about":[{"href":"https:\/\/www.billigtrikotde.com\/en\/wp-json\/wp\/v2\/types\/product"}],"replies":[{"embeddable":true,"href":"https:\/\/www.billigtrikotde.com\/en\/wp-json\/wp\/v2\/comments?post=7122"}],"wp:featuredmedia":[{"embeddable":true,"href":"https:\/\/www.billigtrikotde.com\/en\/wp-json\/wp\/v2\/media\/7155"}],"wp:attachment":[{"href":"https:\/\/www.billigtrikotde.com\/en\/wp-json\/wp\/v2\/media?parent=7122"}],"wp:term":[{"taxonomy":"product_brand","embeddable":true,"href":"https:\/\/www.billigtrikotde.com\/en\/wp-json\/wp\/v2\/product_brand?post=7122"},{"taxonomy":"product_cat","embeddable":true,"href":"https:\/\/www.billigtrikotde.com\/en\/wp-json\/wp\/v2\/product_cat?post=7122"},{"taxonomy":"product_tag","embeddable":true,"href":"https:\/\/www.billigtrikotde.com\/en\/wp-json\/wp\/v2\/product_tag?post=7122"}],"curies":[{"name":"wp","href":"https:\/\/api.w.org\/{rel}","templated":true}]}}