{"id":6552,"date":"2024-10-23T17:46:37","date_gmt":"2024-10-23T15:46:37","guid":{"rendered":"http:\/\/billigtrikots.com\/?post_type=product&#038;p=6552"},"modified":"2024-10-23T17:48:16","modified_gmt":"2024-10-23T15:48:16","slug":"kinder-paris-saint-germain-psg-heimtrikots-2022-2023-trikotsatz-in-blau-messi-30","status":"publish","type":"product","link":"https:\/\/www.billigtrikotde.com\/en\/kinder-paris-saint-germain-psg-heimtrikots-2022-2023-trikotsatz-in-blau-messi-30\/","title":{"rendered":"Kids Paris Saint Germain PSG Home Shirts 2022-2023 Jersey Set in Blue MESSi 30"},"content":{"rendered":"<p>Following the monochrome shirt of 21-22, the Nike PSG shirt 2022-23 is blue with a white central stripe surrounded by thinner red stripes \u2013 a reverse Hechter, if you will. The back is plain blue.<\/p>\n<p>Tips for printing: If the name and number on the picture are exactly what you want, you do not need to enter them again. If not, you should enter your desired name and number.<\/p>\n<p>Washing tips: It is recommended to wash football shirts by hand. If you want to use the washing machine, remember to turn football shirts inside out and then wash them. Fill the machine with cold water and use a delicate cycle to better protect the colours.<\/p>","protected":false},"excerpt":{"rendered":"<p>Nach dem einfarbigen Trikot von 21-22 ist das Nike PSG Trikot 2022-23 blau mit einem wei\u00dfen Mittelstreifen, der von d\u00fcnneren roten Streifen umgeben ist \u2013 ein umgekehrter Hechter, wenn du so willst. Die R\u00fcckseite ist einfarbig blau. Tipps zum Drucken: Wenn der Name und die Nummer auf dem Bild genau Ihren W\u00fcnschen entsprechen, m\u00fcssen Sie [\u2026]<\/p>","protected":false},"featured_media":6585,"comment_status":"open","ping_status":"closed","template":"","meta":[],"product_brand":[],"product_cat":[160],"product_tag":[20,43,21,22,23,24,284,285,41],"class_list":{"0":"post-6552","1":"product","2":"type-product","3":"status-publish","4":"has-post-thumbnail","6":"product_cat-paris-saint-germain-kindertrikot","7":"product_tag-coole-fussballtrikots","8":"product_tag-fussballkleidung","9":"product_tag-fussballtrikot-fuer-herren","10":"product_tag-fussballtrikot-guenstig-kaufen","11":"product_tag-fussballtrikot-kurzarm","12":"product_tag-guenstiges-fussballtrikot","13":"product_tag-neuen-fussballtrikots","14":"product_tag-paris-saint-germain-heimtrikots-2022-2023","15":"product_tag-paris-saint-germain-trikots","17":"first","18":"instock","19":"shipping-taxable","20":"purchasable","21":"product-type-variable"},"_links":{"self":[{"href":"https:\/\/www.billigtrikotde.com\/en\/wp-json\/wp\/v2\/product\/6552","targetHints":{"allow":["GET"]}}],"collection":[{"href":"https:\/\/www.billigtrikotde.com\/en\/wp-json\/wp\/v2\/product"}],"about":[{"href":"https:\/\/www.billigtrikotde.com\/en\/wp-json\/wp\/v2\/types\/product"}],"replies":[{"embeddable":true,"href":"https:\/\/www.billigtrikotde.com\/en\/wp-json\/wp\/v2\/comments?post=6552"}],"wp:featuredmedia":[{"embeddable":true,"href":"https:\/\/www.billigtrikotde.com\/en\/wp-json\/wp\/v2\/media\/6585"}],"wp:attachment":[{"href":"https:\/\/www.billigtrikotde.com\/en\/wp-json\/wp\/v2\/media?parent=6552"}],"wp:term":[{"taxonomy":"product_brand","embeddable":true,"href":"https:\/\/www.billigtrikotde.com\/en\/wp-json\/wp\/v2\/product_brand?post=6552"},{"taxonomy":"product_cat","embeddable":true,"href":"https:\/\/www.billigtrikotde.com\/en\/wp-json\/wp\/v2\/product_cat?post=6552"},{"taxonomy":"product_tag","embeddable":true,"href":"https:\/\/www.billigtrikotde.com\/en\/wp-json\/wp\/v2\/product_tag?post=6552"}],"curies":[{"name":"wp","href":"https:\/\/api.w.org\/{rel}","templated":true}]}}