{"id":6450,"date":"2024-10-23T17:41:38","date_gmt":"2024-10-23T15:41:38","guid":{"rendered":"http:\/\/billigtrikots.com\/?post_type=product&#038;p=6450"},"modified":"2024-10-23T17:43:43","modified_gmt":"2024-10-23T15:43:43","slug":"neues-fc-barcelona-2022-23-home-kit-heimtrikot-kurzarm-fuer-herren","status":"publish","type":"product","link":"https:\/\/www.billigtrikotde.com\/en\/neues-fc-barcelona-2022-23-home-kit-heimtrikot-kurzarm-fuer-herren\/","title":{"rendered":"New FC Barcelona 2022\/23 Home Kit Home jersey short-sleeved for men"},"content":{"rendered":"<p>The FC Barcelona 2022-23 home shirt introduces a stylish look and adds the traditional Blaugrana stripes with dark blue. The sleeves and collar of the Barcelona 22-23 jersey are a uniform dark blue, while the front features fairly broad stripes in dark blue, royal blue and red. The official name of the dark blue used on the jersey is \u201cObsidian\u201d, which is also the colour of the logos on the golden away jersey.<br \/>\nThe Barcelona 2022\/23 home shirt adds two dark blue vertical stripes to the club's iconic royal blue and red stripes. The colours of the Catalan flag are placed on its neckline. For the former European champions, a navy blue block is used for the upper chest, the shoulders and the sleeve.<\/p>\n<p>Tips for printing: If the name and number on the picture are exactly what you want, you do not need to enter them again. If not, you should enter your desired name and number.<\/p>\n<p>Washing tips: It is recommended to wash football shirts by hand. If you want to use the washing machine, remember to turn football shirts inside out and then wash them. Fill the machine with cold water and use a delicate cycle to better protect the colours.<\/p>","protected":false},"excerpt":{"rendered":"<p>Das FC Barcelona 2022-23 Heimtrikot f\u00fchrt einen stylischen Look ein und f\u00fcgt den traditionellen Blaugrana-Streifen Dunkelblau hinzu. Die \u00c4rmel und der Kragen des Barcelona 22-23 Trikots sind einfarbig dunkelblau, w\u00e4hrend die Vorderseite ziemlich breite Streifen in Dunkelblau, K\u00f6nigsblau und Rot aufweist. Der offizielle Name des auf dem Trikot verwendeten Dunkelblaus ist &#8222;Obsidian&#8220;, was auch die [&hellip;]<\/p>","protected":false},"featured_media":6488,"comment_status":"open","ping_status":"closed","template":"","meta":[],"product_brand":[],"product_cat":[31],"product_tag":[20,282,283,33,21,22,23,24],"class_list":{"0":"post-6450","1":"product","2":"type-product","3":"status-publish","4":"has-post-thumbnail","6":"product_cat-fc-barcelona","7":"product_tag-coole-fussballtrikots","8":"product_tag-fc-barcelona-2022-23-trikots","9":"product_tag-fc-barcelona-22-23-auswaertstrikot","10":"product_tag-fc-barcelona-trikots","11":"product_tag-fussballtrikot-fuer-herren","12":"product_tag-fussballtrikot-guenstig-kaufen","13":"product_tag-fussballtrikot-kurzarm","14":"product_tag-guenstiges-fussballtrikot","16":"first","17":"instock","18":"shipping-taxable","19":"purchasable","20":"product-type-variable"},"_links":{"self":[{"href":"https:\/\/www.billigtrikotde.com\/en\/wp-json\/wp\/v2\/product\/6450","targetHints":{"allow":["GET"]}}],"collection":[{"href":"https:\/\/www.billigtrikotde.com\/en\/wp-json\/wp\/v2\/product"}],"about":[{"href":"https:\/\/www.billigtrikotde.com\/en\/wp-json\/wp\/v2\/types\/product"}],"replies":[{"embeddable":true,"href":"https:\/\/www.billigtrikotde.com\/en\/wp-json\/wp\/v2\/comments?post=6450"}],"wp:featuredmedia":[{"embeddable":true,"href":"https:\/\/www.billigtrikotde.com\/en\/wp-json\/wp\/v2\/media\/6488"}],"wp:attachment":[{"href":"https:\/\/www.billigtrikotde.com\/en\/wp-json\/wp\/v2\/media?parent=6450"}],"wp:term":[{"taxonomy":"product_brand","embeddable":true,"href":"https:\/\/www.billigtrikotde.com\/en\/wp-json\/wp\/v2\/product_brand?post=6450"},{"taxonomy":"product_cat","embeddable":true,"href":"https:\/\/www.billigtrikotde.com\/en\/wp-json\/wp\/v2\/product_cat?post=6450"},{"taxonomy":"product_tag","embeddable":true,"href":"https:\/\/www.billigtrikotde.com\/en\/wp-json\/wp\/v2\/product_tag?post=6450"}],"curies":[{"name":"wp","href":"https:\/\/api.w.org\/{rel}","templated":true}]}}