{"id":6201,"date":"2024-10-23T17:29:34","date_gmt":"2024-10-23T15:29:34","guid":{"rendered":"http:\/\/billigtrikots.com\/?post_type=product&#038;p=6201"},"modified":"2024-10-23T17:31:45","modified_gmt":"2024-10-23T15:31:45","slug":"kinder-fussballtrikots-liverpool-heimtrikot-2022-23-rot-kurzarm-kurze-hosen-shaqiri-23","status":"publish","type":"product","link":"https:\/\/www.billigtrikotde.com\/en\/kinder-fussballtrikots-liverpool-heimtrikot-2022-23-rot-kurzarm-kurze-hosen-shaqiri-23\/","title":{"rendered":"Kids Football Shirts Liverpool Home Shirt 2022\/23 Red Short Sleeve + Shorts SHAQIRI 23"},"content":{"rendered":"<p>A soft and lightweight jersey featuring Nike Dri-FIT technology, a garment that prevents sweat from invading during your match or training. Stay dry after your sprints. Liverpool has some of the most passionate fans in the world, and it is a very special experience when the fans of the Reds gather on The Kop and the rest of the Anfield stadium, where the club is based, to sing the world-famous 'You\u2019ll Never Walk Alone'. Liverpool has secured 19 championships so far, but they are still hungry for more success and trophies.<\/p>\n<p>Tips for printing: If the name and number on the picture are exactly what you want, you do not need to enter them again. If not, you should enter your desired name and number.<\/p>\n<p>Washing tips: It is recommended to wash football shirts by hand. If you want to use the washing machine, remember to turn football shirts inside out and then wash them. Fill the machine with cold water and use a delicate cycle to better protect the colours.<\/p>","protected":false},"excerpt":{"rendered":"<p>Un maillot souple et l\u00e9ger dot\u00e9 de la technologie Nike Dri Fit, un v\u00eatement qui emp\u00eache la transpiration de s\u2019inviter lors de votre match ou entrainement. Rester au sec apr\u00e8s vos acc\u00e9l\u00e9rations.Liverpool hat einige der leidenschaftlichsten Fans der Welt und es ist ein ganz besonderes Erlebnis, wenn die Fans der Reds auf The Kop und [&hellip;]<\/p>","protected":false},"featured_media":6239,"comment_status":"open","ping_status":"closed","template":"","meta":[],"product_brand":[],"product_cat":[151],"product_tag":[20,21,22,23,24,94,152,277,153,154],"class_list":{"0":"post-6201","1":"product","2":"type-product","3":"status-publish","4":"has-post-thumbnail","6":"product_cat-liverpool-kindertrikot","7":"product_tag-coole-fussballtrikots","8":"product_tag-fussballtrikot-fuer-herren","9":"product_tag-fussballtrikot-guenstig-kaufen","10":"product_tag-fussballtrikot-kurzarm","11":"product_tag-guenstiges-fussballtrikot","12":"product_tag-kinder-fussball-trikotsatz","13":"product_tag-liverpool-heimtrikot","14":"product_tag-liverpool-kinder-trikot-set","15":"product_tag-liverpool-trikots","16":"product_tag-liverpool-trikotsatz-fuer-kinder","18":"first","19":"instock","20":"shipping-taxable","21":"purchasable","22":"product-type-variable"},"_links":{"self":[{"href":"https:\/\/www.billigtrikotde.com\/en\/wp-json\/wp\/v2\/product\/6201","targetHints":{"allow":["GET"]}}],"collection":[{"href":"https:\/\/www.billigtrikotde.com\/en\/wp-json\/wp\/v2\/product"}],"about":[{"href":"https:\/\/www.billigtrikotde.com\/en\/wp-json\/wp\/v2\/types\/product"}],"replies":[{"embeddable":true,"href":"https:\/\/www.billigtrikotde.com\/en\/wp-json\/wp\/v2\/comments?post=6201"}],"wp:featuredmedia":[{"embeddable":true,"href":"https:\/\/www.billigtrikotde.com\/en\/wp-json\/wp\/v2\/media\/6239"}],"wp:attachment":[{"href":"https:\/\/www.billigtrikotde.com\/en\/wp-json\/wp\/v2\/media?parent=6201"}],"wp:term":[{"taxonomy":"product_brand","embeddable":true,"href":"https:\/\/www.billigtrikotde.com\/en\/wp-json\/wp\/v2\/product_brand?post=6201"},{"taxonomy":"product_cat","embeddable":true,"href":"https:\/\/www.billigtrikotde.com\/en\/wp-json\/wp\/v2\/product_cat?post=6201"},{"taxonomy":"product_tag","embeddable":true,"href":"https:\/\/www.billigtrikotde.com\/en\/wp-json\/wp\/v2\/product_tag?post=6201"}],"curies":[{"name":"wp","href":"https:\/\/api.w.org\/{rel}","templated":true}]}}