{"id":5787,"date":"2024-10-23T17:10:42","date_gmt":"2024-10-23T15:10:42","guid":{"rendered":"http:\/\/billigtrikots.com\/?post_type=product&#038;p=5787"},"modified":"2024-10-23T17:12:17","modified_gmt":"2024-10-23T15:12:17","slug":"neue-kroatien-heimtrikot-wm-2022-weiss-battle-blue-herren-fussballtrikots-set","status":"publish","type":"product","link":"https:\/\/www.billigtrikotde.com\/en\/neue-kroatien-heimtrikot-wm-2022-weiss-battle-blue-herren-fussballtrikots-set\/","title":{"rendered":"New Croatia home jersey World Cup 2022 white Battle Blue men's football kit set"},"content":{"rendered":"<p>Wir haben neue Informationen \u00fcber das Trikot von Kroatien f\u00fcr die Weltmeisterschaft 2022 erhalten. Die Swoosh-Farbe &#8222;Battle Blue&#8220; ist tats\u00e4chlich ein K\u00f6nigsblau. Wir haben ein Mock-up eines m\u00f6glichen vollst\u00e4ndigen Looks erstellt, das auf der Nike-Template f\u00fcr die WM 2022 basiert und von den durchgesickerten 22-23 Trikots inspiriert ist.<\/p>\n<p>The Nike Croatia 2022 jersey combines only two main colours in Nike's internal data \u2013 white and Battle Blue. It lacks the red that is used for the famous checkered pattern. The Barcelona 22-23 jersey also has no red in Nike's data \u2013 it is only \u201cObsidian \/ Sesame\u201d. The final Barcelona 22-23 jersey is red, navy and blue striped. Battle Blue is actually new for Croatia. It is a somewhat lighter royal blue than the blue of the previous home jerseys.<br \/>\nIt seems likely that white will be the primary colour and Battle Blue used for the logos. Similar to the Barcelona jersey, the sleeves could be single-colour (white).<\/p>\n<p>Tips for printing: If the name and number on the picture are exactly what you want, you do not need to enter them again. If not, you should enter your desired name and number.<\/p>\n<p>Washing tips: It is recommended to wash football shirts by hand. If you want to use the washing machine, remember to turn football shirts inside out and then wash them. Fill the machine with cold water and use a delicate cycle to better protect the colours.<\/p>","protected":false},"excerpt":{"rendered":"<p>We have received new information about Croatia's jersey for the 2022 World Cup. The Swoosh colour 'Battle Blue' is actually a royal blue. We have created a mock-up of a possible complete look based on the Nike template for the 2022 World Cup and inspired by the leaked 22-23 jerseys. The Nike Croatia 2022 jersey combines only [...]<\/p>","protected":false},"featured_media":5820,"comment_status":"open","ping_status":"closed","template":"","meta":[],"product_brand":[],"product_cat":[261],"product_tag":[20,35,21,22,23,24,262,263,264],"class_list":{"0":"post-5787","1":"product","2":"type-product","3":"status-publish","4":"has-post-thumbnail","6":"product_cat-kroatien-trikots","7":"product_tag-coole-fussballtrikots","8":"product_tag-fussball-torwarttrikots","9":"product_tag-fussballtrikot-fuer-herren","10":"product_tag-fussballtrikot-guenstig-kaufen","11":"product_tag-fussballtrikot-kurzarm","12":"product_tag-guenstiges-fussballtrikot","13":"product_tag-kroatien-heimtrikot","14":"product_tag-kroatien-trikot-herren","15":"product_tag-kroatien-trikots","17":"first","18":"instock","19":"shipping-taxable","20":"purchasable","21":"product-type-variable"},"_links":{"self":[{"href":"https:\/\/www.billigtrikotde.com\/en\/wp-json\/wp\/v2\/product\/5787","targetHints":{"allow":["GET"]}}],"collection":[{"href":"https:\/\/www.billigtrikotde.com\/en\/wp-json\/wp\/v2\/product"}],"about":[{"href":"https:\/\/www.billigtrikotde.com\/en\/wp-json\/wp\/v2\/types\/product"}],"replies":[{"embeddable":true,"href":"https:\/\/www.billigtrikotde.com\/en\/wp-json\/wp\/v2\/comments?post=5787"}],"wp:featuredmedia":[{"embeddable":true,"href":"https:\/\/www.billigtrikotde.com\/en\/wp-json\/wp\/v2\/media\/5820"}],"wp:attachment":[{"href":"https:\/\/www.billigtrikotde.com\/en\/wp-json\/wp\/v2\/media?parent=5787"}],"wp:term":[{"taxonomy":"product_brand","embeddable":true,"href":"https:\/\/www.billigtrikotde.com\/en\/wp-json\/wp\/v2\/product_brand?post=5787"},{"taxonomy":"product_cat","embeddable":true,"href":"https:\/\/www.billigtrikotde.com\/en\/wp-json\/wp\/v2\/product_cat?post=5787"},{"taxonomy":"product_tag","embeddable":true,"href":"https:\/\/www.billigtrikotde.com\/en\/wp-json\/wp\/v2\/product_tag?post=5787"}],"curies":[{"name":"wp","href":"https:\/\/api.w.org\/{rel}","templated":true}]}}