{"id":571,"date":"2024-10-23T12:54:57","date_gmt":"2024-10-23T10:54:57","guid":{"rendered":"http:\/\/billigtrikots.com\/?post_type=product&#038;p=571"},"modified":"2024-10-23T12:56:29","modified_gmt":"2024-10-23T10:56:29","slug":"fussball-trikotsatz-psg-ausweichtrikot-2021-2022-schwarz-grau-mit-aufdruck-sergio-ramos-4","status":"publish","type":"product","link":"https:\/\/www.billigtrikotde.com\/en\/fussball-trikotsatz-psg-ausweichtrikot-2021-2022-schwarz-grau-mit-aufdruck-sergio-ramos-4\/","title":{"rendered":"Football kit PSG away kit 2021\/2022 black\/grey with print Sergio Ramos 4"},"content":{"rendered":"<p>The Nike jersey in black shows your unconditional love and allegiance to your club. No fan's collection should be complete without this Paris Saint-Germain dodger jersey, as worn by the players in Ligue 1. We recommend this comfortable, breathable, sweat-wicking and lightweight model with a pleasant feel. This jersey is the ideal companion for your sporting activities. It stands out visually with a club crest on the chest.<\/p>\n<p>Tips for printing: If the name and number on the picture are exactly what you want, you do not need to enter them again. If not, you should enter your desired name and number.<\/p>\n<p>Washing tips: It is recommended to wash football shirts by hand. If you want to use the washing machine, remember to turn football shirts inside out and then wash them. Fill the machine with cold water and use a delicate cycle to better protect the colours.<\/p>","protected":false},"excerpt":{"rendered":"<p>Das Trikot von Nike in Schwarz zeigt deine bedingungslose Liebe und Zugeh\u00f6rigkeit zu deinem Verein. In keiner Fan-Kollektion darf dieses Paris Saint-Germain-Ausweich-Trikot, wie es die Spieler in der Ligue 1 tragen, fehlen. Wir empfehlen dieses bequeme, atmungsaktive, schwei\u00dfableitende und leichte Modell mit dem angenehmen Tragegef\u00fchl. Dieses Trikot ist der ideale Begleiter f\u00fcr deine sportlichen Aktivit\u00e4ten. [&hellip;]<\/p>","protected":false},"featured_media":604,"comment_status":"open","ping_status":"closed","template":"","meta":[],"product_brand":[],"product_cat":[39],"product_tag":[20,21,22,23,24,42,41],"class_list":{"0":"post-571","1":"product","2":"type-product","3":"status-publish","4":"has-post-thumbnail","6":"product_cat-paris-saint-germain","7":"product_tag-coole-fussballtrikots","8":"product_tag-fussballtrikot-fuer-herren","9":"product_tag-fussballtrikot-guenstig-kaufen","10":"product_tag-fussballtrikot-kurzarm","11":"product_tag-guenstiges-fussballtrikot","12":"product_tag-paris-saint-germain-ausweichtrikot","13":"product_tag-paris-saint-germain-trikots","15":"first","16":"instock","17":"shipping-taxable","18":"purchasable","19":"product-type-variable"},"_links":{"self":[{"href":"https:\/\/www.billigtrikotde.com\/en\/wp-json\/wp\/v2\/product\/571","targetHints":{"allow":["GET"]}}],"collection":[{"href":"https:\/\/www.billigtrikotde.com\/en\/wp-json\/wp\/v2\/product"}],"about":[{"href":"https:\/\/www.billigtrikotde.com\/en\/wp-json\/wp\/v2\/types\/product"}],"replies":[{"embeddable":true,"href":"https:\/\/www.billigtrikotde.com\/en\/wp-json\/wp\/v2\/comments?post=571"}],"wp:featuredmedia":[{"embeddable":true,"href":"https:\/\/www.billigtrikotde.com\/en\/wp-json\/wp\/v2\/media\/604"}],"wp:attachment":[{"href":"https:\/\/www.billigtrikotde.com\/en\/wp-json\/wp\/v2\/media?parent=571"}],"wp:term":[{"taxonomy":"product_brand","embeddable":true,"href":"https:\/\/www.billigtrikotde.com\/en\/wp-json\/wp\/v2\/product_brand?post=571"},{"taxonomy":"product_cat","embeddable":true,"href":"https:\/\/www.billigtrikotde.com\/en\/wp-json\/wp\/v2\/product_cat?post=571"},{"taxonomy":"product_tag","embeddable":true,"href":"https:\/\/www.billigtrikotde.com\/en\/wp-json\/wp\/v2\/product_tag?post=571"}],"curies":[{"name":"wp","href":"https:\/\/api.w.org\/{rel}","templated":true}]}}