{"id":5691,"date":"2024-10-23T17:06:22","date_gmt":"2024-10-23T15:06:22","guid":{"rendered":"http:\/\/billigtrikots.com\/?post_type=product&#038;p=5691"},"modified":"2024-10-23T17:07:55","modified_gmt":"2024-10-23T15:07:55","slug":"wales-heimtrikots-2022-rot-trikotsatz-kurzarm-kurze-hosen-allen-7","status":"publish","type":"product","link":"https:\/\/www.billigtrikotde.com\/en\/wales-heimtrikots-2022-rot-trikotsatz-kurzarm-kurze-hosen-allen-7\/","title":{"rendered":"Wales home shirts 2022 red kit short sleeve + shorts ALLEN #7"},"content":{"rendered":"<p>Wales missed out on qualification for the UEFA Women's EURO 2022 after finishing third in their group behind Norway and Northern Ireland. Nevertheless, the Wales 2022 women's jersey gives us an idea of what we can expect from the Adidas jerseys for the tournament. The Adidas Wales 2022 home jersey for women has a clear design in red with white and green trims on the collar and sleeves. The Adidas and Wales logos are placed in the centre.<\/p>\n<p>Tips for printing: If the name and number on the picture are exactly what you want, you do not need to enter them again. If not, you should enter your desired name and number.<\/p>\n<p>Washing tips: It is recommended to wash football shirts by hand. If you want to use the washing machine, remember to turn football shirts inside out and then wash them. Fill the machine with cold water and use a delicate cycle to better protect the colours.<\/p>","protected":false},"excerpt":{"rendered":"<p>Wales verpasste die Qualifikation f\u00fcr die UEFA-Frauen-Europameisterschaft 2022, nachdem es in seiner Gruppe hinter Norwegen und Nordirland Dritter wurde. Trotzdem gibt uns das Trikot der Frauen von Wales 2022 einen Eindruck davon, was wir von den Adidas-Trikots f\u00fcr das Turnier erwarten k\u00f6nnen.Das Adidas Wales 2022 Heim trikot f\u00fcr Frauen hat ein klares Design in Rot [&hellip;]<\/p>","protected":false},"featured_media":5724,"comment_status":"open","ping_status":"closed","template":"","meta":[],"product_brand":[],"product_cat":[255],"product_tag":[20,21,22,23,24,256,257],"class_list":{"0":"post-5691","1":"product","2":"type-product","3":"status-publish","4":"has-post-thumbnail","6":"product_cat-wales-trikots","7":"product_tag-coole-fussballtrikots","8":"product_tag-fussballtrikot-fuer-herren","9":"product_tag-fussballtrikot-guenstig-kaufen","10":"product_tag-fussballtrikot-kurzarm","11":"product_tag-guenstiges-fussballtrikot","12":"product_tag-wales-2022-trikot","13":"product_tag-wales-trikots","15":"first","16":"instock","17":"shipping-taxable","18":"purchasable","19":"product-type-variable"},"_links":{"self":[{"href":"https:\/\/www.billigtrikotde.com\/en\/wp-json\/wp\/v2\/product\/5691","targetHints":{"allow":["GET"]}}],"collection":[{"href":"https:\/\/www.billigtrikotde.com\/en\/wp-json\/wp\/v2\/product"}],"about":[{"href":"https:\/\/www.billigtrikotde.com\/en\/wp-json\/wp\/v2\/types\/product"}],"replies":[{"embeddable":true,"href":"https:\/\/www.billigtrikotde.com\/en\/wp-json\/wp\/v2\/comments?post=5691"}],"wp:featuredmedia":[{"embeddable":true,"href":"https:\/\/www.billigtrikotde.com\/en\/wp-json\/wp\/v2\/media\/5724"}],"wp:attachment":[{"href":"https:\/\/www.billigtrikotde.com\/en\/wp-json\/wp\/v2\/media?parent=5691"}],"wp:term":[{"taxonomy":"product_brand","embeddable":true,"href":"https:\/\/www.billigtrikotde.com\/en\/wp-json\/wp\/v2\/product_brand?post=5691"},{"taxonomy":"product_cat","embeddable":true,"href":"https:\/\/www.billigtrikotde.com\/en\/wp-json\/wp\/v2\/product_cat?post=5691"},{"taxonomy":"product_tag","embeddable":true,"href":"https:\/\/www.billigtrikotde.com\/en\/wp-json\/wp\/v2\/product_tag?post=5691"}],"curies":[{"name":"wp","href":"https:\/\/api.w.org\/{rel}","templated":true}]}}