{"id":5556,"date":"2024-10-23T17:00:23","date_gmt":"2024-10-23T15:00:23","guid":{"rendered":"http:\/\/billigtrikots.com\/?post_type=product&#038;p=5556"},"modified":"2024-10-23T17:02:32","modified_gmt":"2024-10-23T15:02:32","slug":"mexiko-trikots-2022-heimtrikot-trikotsatz-gruen-kurzarm-weiss-kurze-hosen-r-marquez-4","status":"publish","type":"product","link":"https:\/\/www.billigtrikotde.com\/en\/mexiko-trikots-2022-heimtrikot-trikotsatz-gruen-kurzarm-weiss-kurze-hosen-r-marquez-4\/","title":{"rendered":"Mexico Shirts 2022 Home Kit Green Short Sleeve + White Shorts R.MARQUEZ #4"},"content":{"rendered":"<p>Mexico's jersey for the 2022 World Cup will have a design inspired by ancient traditions, it has been revealed. We have created a model of what the jersey for the 2022 World Cup in Mexico could look like, combining a green base colour with probably red and white applications. What makes the jersey unique is a special pattern on the jersey.<br \/>\nMexico's jersey for the 2022 World Cup will feature a graphic inspired by ancient Aztec armour and in particular the feather of Quetzalcoatl. Quetzalcoatl (\"feathered serpent\" or \"feathered serpent\") is the Nahuatl name for the feathered serpent deity of ancient Mesoamerican culture.Like all other Adidas jerseys for the 2022 World Cup, the Mexico 2022 jersey features the new Adidas logo. It also bears the new crest of the Mexican Football Federation (FMF).<\/p>\n<p>Tips for printing: If the name and number on the picture are exactly what you want, you do not need to enter them again. If not, you should enter your desired name and number.<\/p>\n<p>Washing tips: It is recommended to wash football shirts by hand. If you want to use the washing machine, remember to turn football shirts inside out and then wash them. Fill the machine with cold water and use a delicate cycle to better protect the colours.<\/p>","protected":false},"excerpt":{"rendered":"<p>Mexikos Trikot f\u00fcr die WM 2022 soll ein Design haben, das von alten Traditionen inspiriert ist, so wurde bekannt. Wir haben ein Modell erstellt, wie das Trikot f\u00fcr die WM 2022 in Mexiko aussehen k\u00f6nnte.Das Trikot von Mexiko 2022 kombiniert eine gr\u00fcne Grundfarbe mit wahrscheinlich roten und wei\u00dfen Applikationen. Was das Trikot einzigartig macht, ist [&hellip;]<\/p>","protected":false},"featured_media":5588,"comment_status":"open","ping_status":"closed","template":"","meta":[],"product_brand":[],"product_cat":[251],"product_tag":[20,21,22,23,24,252,253,254],"class_list":{"0":"post-5556","1":"product","2":"type-product","3":"status-publish","4":"has-post-thumbnail","6":"product_cat-mexiko-trikots","7":"product_tag-coole-fussballtrikots","8":"product_tag-fussballtrikot-fuer-herren","9":"product_tag-fussballtrikot-guenstig-kaufen","10":"product_tag-fussballtrikot-kurzarm","11":"product_tag-guenstiges-fussballtrikot","12":"product_tag-mexiko-2022-trikots","13":"product_tag-mexiko-heimtrikot","14":"product_tag-mexiko-trikot-schwarz","16":"first","17":"instock","18":"shipping-taxable","19":"purchasable","20":"product-type-variable"},"_links":{"self":[{"href":"https:\/\/www.billigtrikotde.com\/en\/wp-json\/wp\/v2\/product\/5556","targetHints":{"allow":["GET"]}}],"collection":[{"href":"https:\/\/www.billigtrikotde.com\/en\/wp-json\/wp\/v2\/product"}],"about":[{"href":"https:\/\/www.billigtrikotde.com\/en\/wp-json\/wp\/v2\/types\/product"}],"replies":[{"embeddable":true,"href":"https:\/\/www.billigtrikotde.com\/en\/wp-json\/wp\/v2\/comments?post=5556"}],"wp:featuredmedia":[{"embeddable":true,"href":"https:\/\/www.billigtrikotde.com\/en\/wp-json\/wp\/v2\/media\/5588"}],"wp:attachment":[{"href":"https:\/\/www.billigtrikotde.com\/en\/wp-json\/wp\/v2\/media?parent=5556"}],"wp:term":[{"taxonomy":"product_brand","embeddable":true,"href":"https:\/\/www.billigtrikotde.com\/en\/wp-json\/wp\/v2\/product_brand?post=5556"},{"taxonomy":"product_cat","embeddable":true,"href":"https:\/\/www.billigtrikotde.com\/en\/wp-json\/wp\/v2\/product_cat?post=5556"},{"taxonomy":"product_tag","embeddable":true,"href":"https:\/\/www.billigtrikotde.com\/en\/wp-json\/wp\/v2\/product_tag?post=5556"}],"curies":[{"name":"wp","href":"https:\/\/api.w.org\/{rel}","templated":true}]}}