{"id":4921,"date":"2024-10-23T16:13:24","date_gmt":"2024-10-23T14:13:24","guid":{"rendered":"http:\/\/billigtrikots.com\/?post_type=product&#038;p=4921"},"modified":"2024-10-23T16:15:43","modified_gmt":"2024-10-23T14:15:43","slug":"herren-trikotsatz-kurzarm-boca-juniors-drittes-fussballtrikot-gelb-2022","status":"publish","type":"product","link":"https:\/\/www.billigtrikotde.com\/en\/herren-trikotsatz-kurzarm-boca-juniors-drittes-fussballtrikot-gelb-2022\/","title":{"rendered":"Men's Short Sleeve Boca Juniors Third Football Shirt Yellow 2022"},"content":{"rendered":"<p>80 years of one of the most impressive atmospheres in professional football deserve a little recognition, and adidas duly pays homage with the third Boca Juniors 20\/21 shirt, which contains a customised La Bombonera print that appears on the chest and \u201cLa Bombonera, 80th anniversary\u201d.<br \/>\nThe bold yellow shirt sits well with the appearance of the colour on the home and away kits, but here it is the focus, with blue details appearing through the collar, the cuffs, the sponsor and the branding. A customised blue-and-yellow print runs along the side stripes, while Boca\u2019s slogan La Mitad +1 (\u201chalf plus one\u201d) is placed on the upper back directly under the collar to make a neat statement.<\/p>\n<p>Tips for printing: If the name and number on the picture are exactly what you want, you do not need to enter them again. If not, you should enter your desired name and number.<\/p>\n<p>Washing tips: It is recommended to wash football shirts by hand. If you want to use the washing machine, remember to turn football shirts inside out and then wash them. Fill the machine with cold water and use a delicate cycle to better protect the colours.<\/p>","protected":false},"excerpt":{"rendered":"<p>80 Jahre einer der beeindruckendsten Atmosph\u00e4ren im Profifu\u00dfball verdienen ein wenig Anerkennung, und adidas kommt dem geb\u00fchrend mit dem dritten Boca Juniors 20\/21 Trikot nach, das einen ma\u00dfgeschneiderten La Bombonera-Druck enth\u00e4lt, der auf der Brust erscheint und \u201eLa Bombonera, 80. Jahrestag\u201c. Das mutige gelbe Trikot passt gut zum Erscheinungsbild der Farbe auf den Heim- und [&hellip;]<\/p>","protected":false},"featured_media":4961,"comment_status":"open","ping_status":"closed","template":"","meta":[],"product_brand":[],"product_cat":[15],"product_tag":[20,208,207,21,22,23,24],"class_list":{"0":"post-4921","1":"product","2":"type-product","3":"status-publish","4":"has-post-thumbnail","6":"product_cat-unkategorisiert","7":"product_tag-coole-fussballtrikots","8":"product_tag-boca-juniors-heimtrikot","9":"product_tag-boca-juniors-trikots","10":"product_tag-fussballtrikot-fuer-herren","11":"product_tag-fussballtrikot-guenstig-kaufen","12":"product_tag-fussballtrikot-kurzarm","13":"product_tag-guenstiges-fussballtrikot","15":"first","16":"instock","17":"shipping-taxable","18":"purchasable","19":"product-type-variable"},"_links":{"self":[{"href":"https:\/\/www.billigtrikotde.com\/en\/wp-json\/wp\/v2\/product\/4921","targetHints":{"allow":["GET"]}}],"collection":[{"href":"https:\/\/www.billigtrikotde.com\/en\/wp-json\/wp\/v2\/product"}],"about":[{"href":"https:\/\/www.billigtrikotde.com\/en\/wp-json\/wp\/v2\/types\/product"}],"replies":[{"embeddable":true,"href":"https:\/\/www.billigtrikotde.com\/en\/wp-json\/wp\/v2\/comments?post=4921"}],"wp:featuredmedia":[{"embeddable":true,"href":"https:\/\/www.billigtrikotde.com\/en\/wp-json\/wp\/v2\/media\/4961"}],"wp:attachment":[{"href":"https:\/\/www.billigtrikotde.com\/en\/wp-json\/wp\/v2\/media?parent=4921"}],"wp:term":[{"taxonomy":"product_brand","embeddable":true,"href":"https:\/\/www.billigtrikotde.com\/en\/wp-json\/wp\/v2\/product_brand?post=4921"},{"taxonomy":"product_cat","embeddable":true,"href":"https:\/\/www.billigtrikotde.com\/en\/wp-json\/wp\/v2\/product_cat?post=4921"},{"taxonomy":"product_tag","embeddable":true,"href":"https:\/\/www.billigtrikotde.com\/en\/wp-json\/wp\/v2\/product_tag?post=4921"}],"curies":[{"name":"wp","href":"https:\/\/api.w.org\/{rel}","templated":true}]}}