{"id":4699,"date":"2024-10-23T16:02:30","date_gmt":"2024-10-23T14:02:30","guid":{"rendered":"http:\/\/billigtrikots.com\/?post_type=product&#038;p=4699"},"modified":"2024-10-23T16:04:40","modified_gmt":"2024-10-23T14:04:40","slug":"guenstige-fussballtrikots-brighton-hove-albion-21-22-trikot-blau-und-weiss","status":"publish","type":"product","link":"https:\/\/www.billigtrikotde.com\/en\/guenstige-fussballtrikots-brighton-hove-albion-21-22-trikot-blau-und-weiss\/","title":{"rendered":"Cheap Football Shirts Brighton &amp; Hove Albion 21-22 Jersey Blue and White"},"content":{"rendered":"<p>The Brighton &amp; Hove Albion 2021-2022 jersey was unveiled tonight, just in time for the Premier League home debut against Manchester City. The Nike Brighton &amp; Hove Albion 21-22 jersey brings back the traditional stripes after the 20-21 pinstripe look. There are five blue and four white stripes on the front, the sleeves and the lower back of the Nike Brighton &amp; Hove Albion 2021-2022 football kit.<br \/>\nThe blue and white is paired with yellow, used for the Swoosh as well as the side panels and the details at the collar \u2013 including the text 10 Years at the Amex, celebrating the stadium's 10th anniversary since opening in 2011.<\/p>\n<p>Tips for printing: If the name and number on the picture are exactly what you want, you do not need to enter them again. If not, you should enter your desired name and number.<\/p>\n<p>Washing tips: It is recommended to wash football shirts by hand. If you want to use the washing machine, remember to turn football shirts inside out and then wash them. Fill the machine with cold water and use a delicate cycle to better protect the colours.<\/p>","protected":false},"excerpt":{"rendered":"<p>Das Trikot von Brighton &amp; Hove Albion 2021-2022 wurde heute Abend pr\u00e4sentiert, p\u00fcnktlich zum Deb\u00fct im Premier League Heimspiel gegen Manchester City.Das Nike Brighton &amp; Hove Albion 21-22 Trikot bringt nach dem 20-21 Nadelstreifen-Look die traditionellen Streifen zur\u00fcck. Es gibt f\u00fcnf blaue und vier wei\u00dfe Streifen auf der Vorderseite, den \u00c4rmeln und dem unteren R\u00fccken [&hellip;]<\/p>","protected":false},"featured_media":4738,"comment_status":"open","ping_status":"closed","template":"","meta":[],"product_brand":[],"product_cat":[15],"product_tag":[20,232,35,21,23,24],"class_list":{"0":"post-4699","1":"product","2":"type-product","3":"status-publish","4":"has-post-thumbnail","6":"product_cat-unkategorisiert","7":"product_tag-coole-fussballtrikots","8":"product_tag-brighton-hove-albion-21-22-trikot","9":"product_tag-fussball-torwarttrikots","10":"product_tag-fussballtrikot-fuer-herren","11":"product_tag-fussballtrikot-kurzarm","12":"product_tag-guenstiges-fussballtrikot","14":"first","15":"instock","16":"shipping-taxable","17":"purchasable","18":"product-type-variable"},"_links":{"self":[{"href":"https:\/\/www.billigtrikotde.com\/en\/wp-json\/wp\/v2\/product\/4699","targetHints":{"allow":["GET"]}}],"collection":[{"href":"https:\/\/www.billigtrikotde.com\/en\/wp-json\/wp\/v2\/product"}],"about":[{"href":"https:\/\/www.billigtrikotde.com\/en\/wp-json\/wp\/v2\/types\/product"}],"replies":[{"embeddable":true,"href":"https:\/\/www.billigtrikotde.com\/en\/wp-json\/wp\/v2\/comments?post=4699"}],"wp:featuredmedia":[{"embeddable":true,"href":"https:\/\/www.billigtrikotde.com\/en\/wp-json\/wp\/v2\/media\/4738"}],"wp:attachment":[{"href":"https:\/\/www.billigtrikotde.com\/en\/wp-json\/wp\/v2\/media?parent=4699"}],"wp:term":[{"taxonomy":"product_brand","embeddable":true,"href":"https:\/\/www.billigtrikotde.com\/en\/wp-json\/wp\/v2\/product_brand?post=4699"},{"taxonomy":"product_cat","embeddable":true,"href":"https:\/\/www.billigtrikotde.com\/en\/wp-json\/wp\/v2\/product_cat?post=4699"},{"taxonomy":"product_tag","embeddable":true,"href":"https:\/\/www.billigtrikotde.com\/en\/wp-json\/wp\/v2\/product_tag?post=4699"}],"curies":[{"name":"wp","href":"https:\/\/api.w.org\/{rel}","templated":true}]}}