{"id":4664,"date":"2024-10-23T16:00:51","date_gmt":"2024-10-23T14:00:51","guid":{"rendered":"http:\/\/billigtrikots.com\/?post_type=product&#038;p=4664"},"modified":"2024-10-23T16:02:56","modified_gmt":"2024-10-23T14:02:56","slug":"herren-trikot-home-serbien-cheap-heimtrikot-em-2021-rot","status":"publish","type":"product","link":"https:\/\/www.billigtrikotde.com\/en\/herren-trikot-home-serbien-cheap-heimtrikot-em-2021-rot\/","title":{"rendered":"Men's Shirt Home Serbia Cheap home shirt EM 2021 Red"},"content":{"rendered":"<p>PUMA launches the product in red with the sports shirt, with which you can support your team in good times and bad with love and devotion. No fan collection should be missing this Serbia sports shirt. We recommend this breathable, sweat-wicking, light and comfortable model with the pleasant wearing comfort. In addition, you are offered high durability. This makes you even more capable and you can give your all in every session. It visually impresses with a federation logo on the chest.<\/p>\n<p>Add the name and number for your personalised jersey.<\/p>\n<p>Washing tips: It is recommended to wash football shirts by hand. If you want to use the washing machine, remember to turn football shirts inside out and then wash them. Fill the machine with cold water and use a delicate cycle to better protect the colours.<\/p>","protected":false},"excerpt":{"rendered":"<p>PUMA bringt mit dem Sportshirt in Rot ein Produkt auf den Markt, mit dem du dein Team in guten wie in schlechten Zeiten mit Liebe und Hingabe unterst\u00fctzen kannst. In keiner Fan-Kollektion darf dieses Serbien-Sportshirt fehlen. Wir empfehlen dieses atmungsaktive, schwei\u00dfableitende, leichte und bequeme Modell mit dem angenehmen Tragegef\u00fchl. Au\u00dferdem wird dir eine hohe Haltbarkeit [&hellip;]<\/p>","protected":false},"featured_media":4702,"comment_status":"open","ping_status":"closed","template":"","meta":[],"product_brand":[],"product_cat":[111],"product_tag":[20,21,22,23,24,229,230],"class_list":{"0":"post-4664","1":"product","2":"type-product","3":"status-publish","4":"has-post-thumbnail","6":"product_cat-nationaltrikot","7":"product_tag-coole-fussballtrikots","8":"product_tag-fussballtrikot-fuer-herren","9":"product_tag-fussballtrikot-guenstig-kaufen","10":"product_tag-fussballtrikot-kurzarm","11":"product_tag-guenstiges-fussballtrikot","12":"product_tag-serbien-heimtrikot","13":"product_tag-serbien-trikot","15":"first","16":"instock","17":"shipping-taxable","18":"purchasable","19":"product-type-variable"},"_links":{"self":[{"href":"https:\/\/www.billigtrikotde.com\/en\/wp-json\/wp\/v2\/product\/4664","targetHints":{"allow":["GET"]}}],"collection":[{"href":"https:\/\/www.billigtrikotde.com\/en\/wp-json\/wp\/v2\/product"}],"about":[{"href":"https:\/\/www.billigtrikotde.com\/en\/wp-json\/wp\/v2\/types\/product"}],"replies":[{"embeddable":true,"href":"https:\/\/www.billigtrikotde.com\/en\/wp-json\/wp\/v2\/comments?post=4664"}],"wp:featuredmedia":[{"embeddable":true,"href":"https:\/\/www.billigtrikotde.com\/en\/wp-json\/wp\/v2\/media\/4702"}],"wp:attachment":[{"href":"https:\/\/www.billigtrikotde.com\/en\/wp-json\/wp\/v2\/media?parent=4664"}],"wp:term":[{"taxonomy":"product_brand","embeddable":true,"href":"https:\/\/www.billigtrikotde.com\/en\/wp-json\/wp\/v2\/product_brand?post=4664"},{"taxonomy":"product_cat","embeddable":true,"href":"https:\/\/www.billigtrikotde.com\/en\/wp-json\/wp\/v2\/product_cat?post=4664"},{"taxonomy":"product_tag","embeddable":true,"href":"https:\/\/www.billigtrikotde.com\/en\/wp-json\/wp\/v2\/product_tag?post=4664"}],"curies":[{"name":"wp","href":"https:\/\/api.w.org\/{rel}","templated":true}]}}