{"id":4126,"date":"2024-10-23T15:34:49","date_gmt":"2024-10-23T13:34:49","guid":{"rendered":"http:\/\/billigtrikots.com\/?post_type=product&#038;p=4126"},"modified":"2024-10-23T15:37:23","modified_gmt":"2024-10-23T13:37:23","slug":"herren-trikotsatz-kurzarm-boca-juniors-2021-22-heimtrikot-blau","status":"publish","type":"product","link":"https:\/\/www.billigtrikotde.com\/en\/herren-trikotsatz-kurzarm-boca-juniors-2021-22-heimtrikot-blau\/","title":{"rendered":"Men's Short Sleeve Boca Juniors 2021\/22 Home Jersey Blue"},"content":{"rendered":"<p>1981. A football legend makes her debut at Boca Juniors and her shirt subsequently attains a very special status with the club. Forty years later Adidas celebrates this unique connection with a reissue of the classic with the flocked four-star logo. The fan design is made of soft material with moisture-absorbing AEROREADY technology and guarantees a pleasantly dry and comfortable wearing experience. This product is Primegreen: manufactured with a variety of functional recycled materials.<\/p>\n<p>Tips for printing: If the name and number on the picture are exactly what you want, you do not need to enter them again. If not, you should enter your desired name and number.<\/p>\n<p>Washing tips: It is recommended to wash football shirts by hand. If you want to use the washing machine, remember to turn football shirts inside out and then wash them. Fill the machine with cold water and use a delicate cycle to better protect the colours.<\/p>","protected":false},"excerpt":{"rendered":"<p>1981. Eine Fu\u00dfball-Legende gibt ihr Deb\u00fct bei den Boca Juniors und ihr Trikot bekommt daraufhin bei dem Verein einen ganz besonderen Status. Vierzig Jahre sp\u00e4ter feiert adidas diese einzigartige Verbindung mit einer Neuauflage des Klassikers mit dem aufgeflockten Vier-Sterne-Logo. Das Design f\u00fcr Fans ist aus weichem Material mit feuchtigkeitsabsorbierender AEROREADY Technologie und garantiert ein angenehm [&hellip;]<\/p>","protected":false},"featured_media":4169,"comment_status":"open","ping_status":"closed","template":"","meta":[],"product_brand":[],"product_cat":[15],"product_tag":[20,208,207,21,22,23,24],"class_list":{"0":"post-4126","1":"product","2":"type-product","3":"status-publish","4":"has-post-thumbnail","6":"product_cat-unkategorisiert","7":"product_tag-coole-fussballtrikots","8":"product_tag-boca-juniors-heimtrikot","9":"product_tag-boca-juniors-trikots","10":"product_tag-fussballtrikot-fuer-herren","11":"product_tag-fussballtrikot-guenstig-kaufen","12":"product_tag-fussballtrikot-kurzarm","13":"product_tag-guenstiges-fussballtrikot","15":"first","16":"instock","17":"shipping-taxable","18":"purchasable","19":"product-type-variable"},"_links":{"self":[{"href":"https:\/\/www.billigtrikotde.com\/en\/wp-json\/wp\/v2\/product\/4126","targetHints":{"allow":["GET"]}}],"collection":[{"href":"https:\/\/www.billigtrikotde.com\/en\/wp-json\/wp\/v2\/product"}],"about":[{"href":"https:\/\/www.billigtrikotde.com\/en\/wp-json\/wp\/v2\/types\/product"}],"replies":[{"embeddable":true,"href":"https:\/\/www.billigtrikotde.com\/en\/wp-json\/wp\/v2\/comments?post=4126"}],"wp:featuredmedia":[{"embeddable":true,"href":"https:\/\/www.billigtrikotde.com\/en\/wp-json\/wp\/v2\/media\/4169"}],"wp:attachment":[{"href":"https:\/\/www.billigtrikotde.com\/en\/wp-json\/wp\/v2\/media?parent=4126"}],"wp:term":[{"taxonomy":"product_brand","embeddable":true,"href":"https:\/\/www.billigtrikotde.com\/en\/wp-json\/wp\/v2\/product_brand?post=4126"},{"taxonomy":"product_cat","embeddable":true,"href":"https:\/\/www.billigtrikotde.com\/en\/wp-json\/wp\/v2\/product_cat?post=4126"},{"taxonomy":"product_tag","embeddable":true,"href":"https:\/\/www.billigtrikotde.com\/en\/wp-json\/wp\/v2\/product_tag?post=4126"}],"curies":[{"name":"wp","href":"https:\/\/api.w.org\/{rel}","templated":true}]}}