{"id":4066,"date":"2024-10-23T15:32:00","date_gmt":"2024-10-23T13:32:00","guid":{"rendered":"http:\/\/billigtrikots.com\/?post_type=product&#038;p=4066"},"modified":"2024-10-23T15:34:10","modified_gmt":"2024-10-23T13:34:10","slug":"atletico-madrid-auswaertstrikot-2021-2022-marineblau-und-pink-kurzarm-kurze-hosen","status":"publish","type":"product","link":"https:\/\/www.billigtrikotde.com\/en\/atletico-madrid-auswaertstrikot-2021-2022-marineblau-und-pink-kurzarm-kurze-hosen\/","title":{"rendered":"Atl\u00e9tico Madrid Away Jersey 2021\/2022 Navy Blue and Pink Short Sleeve + Shorts"},"content":{"rendered":"<p>Get the brand-new Nike Atl\u00e9tico Madrid Men's Away Shirt 2021\/22 NOW and crown yourself in the original style of the exceptional talents! From now on you combine style with support so that your heroes feel your entire devotion!<\/p>\n<p>Equipped with the innovative Nike Dri-FIT technology, your sweat is drawn away immediately and you enjoy absolutely dry comfort! So you need not waste a thought on sweat during training or fan celebrations.<\/p>\n<p>With a ribbed neckline, the shirt sits perfectly on your body and allows a superb fit, without annoying pinching! The shirt made from 100% polyester is robust and dimensionally stable, so you are perfectly supported in all your movements! The replica shirt looks remarkably similar to the kits of your professionals, yet is cut a little wider to give you maximum freedom of movement!<\/p>\n<p>Particularly impressive is the authentic-look styling! With this secret weapon you resemble your football idols to a tee and crown yourself with professionalism! The authentic club crest serves as proof of your loyalty and, with the cool Nike Swoosh, creates a real eye-catcher!<\/p>\n<p>Tips for printing: If the name and number on the picture are exactly what you want, you do not need to enter them again. If not, you should enter your desired name and number.<\/p>\n<p>Washing tips: It is recommended to wash football shirts by hand. If you want to use the washing machine, remember to turn football shirts inside out and then wash them. Fill the machine with cold water and use a delicate cycle to better protect the colours.<\/p>","protected":false},"excerpt":{"rendered":"<p>Hol dir JETZT das brandneue Nike Atl\u00e9tico Madrid Herren Ausw\u00e4rts Trikot 2021\/22 und kr\u00f6ne dich im originalen Stil der Ausnahmetalente! Ab sofort vereinst du Stilsicherheit mit Support, damit deine Helden deine ganze Zuneugung sp\u00fcren! Mit der innovativen Nike Dri-FIT Technologie ausgestattet, wird dein Schwei\u00df sofort abgeleitet und du genie\u00dft absolut trockenen Komfort! Somit musst du [&hellip;]<\/p>","protected":false},"featured_media":4107,"comment_status":"open","ping_status":"closed","template":"","meta":[],"product_brand":[],"product_cat":[88],"product_tag":[200,90,20,21,22,23,24],"class_list":{"0":"post-4066","1":"product","2":"type-product","3":"status-publish","4":"has-post-thumbnail","6":"product_cat-atletico-madrid","7":"product_tag-atletico-madrid-auswaertstrikot","8":"product_tag-atletico-madrid-trikots","9":"product_tag-coole-fussballtrikots","10":"product_tag-fussballtrikot-fuer-herren","11":"product_tag-fussballtrikot-guenstig-kaufen","12":"product_tag-fussballtrikot-kurzarm","13":"product_tag-guenstiges-fussballtrikot","15":"first","16":"instock","17":"shipping-taxable","18":"purchasable","19":"product-type-variable"},"_links":{"self":[{"href":"https:\/\/www.billigtrikotde.com\/en\/wp-json\/wp\/v2\/product\/4066","targetHints":{"allow":["GET"]}}],"collection":[{"href":"https:\/\/www.billigtrikotde.com\/en\/wp-json\/wp\/v2\/product"}],"about":[{"href":"https:\/\/www.billigtrikotde.com\/en\/wp-json\/wp\/v2\/types\/product"}],"replies":[{"embeddable":true,"href":"https:\/\/www.billigtrikotde.com\/en\/wp-json\/wp\/v2\/comments?post=4066"}],"wp:featuredmedia":[{"embeddable":true,"href":"https:\/\/www.billigtrikotde.com\/en\/wp-json\/wp\/v2\/media\/4107"}],"wp:attachment":[{"href":"https:\/\/www.billigtrikotde.com\/en\/wp-json\/wp\/v2\/media?parent=4066"}],"wp:term":[{"taxonomy":"product_brand","embeddable":true,"href":"https:\/\/www.billigtrikotde.com\/en\/wp-json\/wp\/v2\/product_brand?post=4066"},{"taxonomy":"product_cat","embeddable":true,"href":"https:\/\/www.billigtrikotde.com\/en\/wp-json\/wp\/v2\/product_cat?post=4066"},{"taxonomy":"product_tag","embeddable":true,"href":"https:\/\/www.billigtrikotde.com\/en\/wp-json\/wp\/v2\/product_tag?post=4066"}],"curies":[{"name":"wp","href":"https:\/\/api.w.org\/{rel}","templated":true}]}}