{"id":4052,"date":"2024-10-23T15:31:25","date_gmt":"2024-10-23T13:31:25","guid":{"rendered":"http:\/\/billigtrikots.com\/?post_type=product&#038;p=4052"},"modified":"2024-10-23T15:33:32","modified_gmt":"2024-10-23T13:33:32","slug":"fussballkleidung-atletico-madrid-auswaertstrikot-2021-22-dunkelblau-pink-carrasco-21","status":"publish","type":"product","link":"https:\/\/www.billigtrikotde.com\/en\/fussballkleidung-atletico-madrid-auswaertstrikot-2021-22-dunkelblau-pink-carrasco-21\/","title":{"rendered":"Atl\u00e9tico Madrid away kit 2021\/22 dark blue\/pink Carrasco 21"},"content":{"rendered":"<p>The Atl\u00e9tico Madrid 2021\/22 Stadium Away football jersey from Nike features an updated away design and, as the official fan edition of the Atl\u00e9tico away jersey, has an authentic look with true-to-the-original club and logo details.<\/p>\n<p>Tips for printing: If the name and number on the picture are exactly what you want, you do not need to enter them again. If not, you should enter your desired name and number.<\/p>\n<p>Washing tips: It is recommended to wash football shirts by hand. If you want to use the washing machine, remember to turn football shirts inside out and then wash them. Fill the machine with cold water and use a delicate cycle to better protect the colours.<\/p>","protected":false},"excerpt":{"rendered":"<p>Das Atl\u00e9tico Madrid 2021\/22 Stadium Away Fu\u00dfballtrikot von Nike zeigt sich im aktualisierten Ausw\u00e4rts-Design und verf\u00fcgt als offizielle Fan-Edition des Atl\u00e9tico Ausw\u00e4rtstrikots \u00fcber einen authentischen Look mit originalgetreuen Vereins- und Logo-Details. Tipps zum Drucken: Wenn der Name und die Nummer auf dem Bild genau Ihren W\u00fcnschen entsprechen, m\u00fcssen Sie sie nicht erneut eingeben. Wenn nicht, [&hellip;]<\/p>","protected":false},"featured_media":4086,"comment_status":"open","ping_status":"closed","template":"","meta":[],"product_brand":[],"product_cat":[88],"product_tag":[200,90,20,21,22,23,24],"class_list":{"0":"post-4052","1":"product","2":"type-product","3":"status-publish","4":"has-post-thumbnail","6":"product_cat-atletico-madrid","7":"product_tag-atletico-madrid-auswaertstrikot","8":"product_tag-atletico-madrid-trikots","9":"product_tag-coole-fussballtrikots","10":"product_tag-fussballtrikot-fuer-herren","11":"product_tag-fussballtrikot-guenstig-kaufen","12":"product_tag-fussballtrikot-kurzarm","13":"product_tag-guenstiges-fussballtrikot","15":"first","16":"instock","17":"shipping-taxable","18":"purchasable","19":"product-type-variable"},"_links":{"self":[{"href":"https:\/\/www.billigtrikotde.com\/en\/wp-json\/wp\/v2\/product\/4052","targetHints":{"allow":["GET"]}}],"collection":[{"href":"https:\/\/www.billigtrikotde.com\/en\/wp-json\/wp\/v2\/product"}],"about":[{"href":"https:\/\/www.billigtrikotde.com\/en\/wp-json\/wp\/v2\/types\/product"}],"replies":[{"embeddable":true,"href":"https:\/\/www.billigtrikotde.com\/en\/wp-json\/wp\/v2\/comments?post=4052"}],"wp:featuredmedia":[{"embeddable":true,"href":"https:\/\/www.billigtrikotde.com\/en\/wp-json\/wp\/v2\/media\/4086"}],"wp:attachment":[{"href":"https:\/\/www.billigtrikotde.com\/en\/wp-json\/wp\/v2\/media?parent=4052"}],"wp:term":[{"taxonomy":"product_brand","embeddable":true,"href":"https:\/\/www.billigtrikotde.com\/en\/wp-json\/wp\/v2\/product_brand?post=4052"},{"taxonomy":"product_cat","embeddable":true,"href":"https:\/\/www.billigtrikotde.com\/en\/wp-json\/wp\/v2\/product_cat?post=4052"},{"taxonomy":"product_tag","embeddable":true,"href":"https:\/\/www.billigtrikotde.com\/en\/wp-json\/wp\/v2\/product_tag?post=4052"}],"curies":[{"name":"wp","href":"https:\/\/api.w.org\/{rel}","templated":true}]}}