{"id":3942,"date":"2024-10-23T15:26:11","date_gmt":"2024-10-23T13:26:11","guid":{"rendered":"http:\/\/billigtrikots.com\/?post_type=product&#038;p=3942"},"modified":"2024-10-23T15:28:23","modified_gmt":"2024-10-23T13:28:23","slug":"ssc-naepel-maradona-fussballtrikot-2021-2022-marineblau-mit-aufdruck-h-lozano-11","status":"publish","type":"product","link":"https:\/\/www.billigtrikotde.com\/en\/ssc-naepel-maradona-fussballtrikot-2021-2022-marineblau-mit-aufdruck-h-lozano-11\/","title":{"rendered":"SSC Naepel Maradona Football Shirt 2021-2022 Navy blue with print H.LOZANO 11"},"content":{"rendered":"<p>The base colour of the EA7 Napoli Maradona 2021-2022 football shirt is navy blue and features a print of Maradona in the Argentinian football shirt on the underside. This print is finished in a fingerprint-like design. The print is inspired by a work of art by Neapolitan artist Guiseppe Klain. The jersey also features light blue accents inspired by the club colours of SSC Napoli. The band at the bottom of the sleeves is light blue, as is the round neckline and taping on the shoulders. The Emporio Armani Sportswear logo is on the right chest and the club crest is on the left chest. The Lete and MSC logos can be seen in the centre of the jersey. The left sleeve of the jersey features the logo of the sleeve sponsor Amazon. The club's initials are incorporated into the neck on the back of the Napoli Maradona football shirt: SSCN.<\/p>\n<p>Washing tips: It is recommended to wash football shirts by hand. If you want to use the washing machine, remember to turn football shirts inside out and then wash them. Fill the machine with cold water and use a delicate cycle to better protect the colours.<\/p>\n<p>Football Shirts Print Online<br \/>\nYou have the option of customising your football jersey. Either you choose the football player of your favourite team or you choose your own name including number.<\/p>","protected":false},"excerpt":{"rendered":"<p>Die Grundfarbe des EA7 Napoli Maradona 2021-2022 Fu\u00dfballtrikots ist Marineblau und enth\u00e4lt einen Aufdruck von Maradona im argentinischen Fu\u00dfballtrikot auf der Unterseite. Dieser Druck ist in einem fingerabdruck\u00e4hnlichen Design verarbeitet. Der Druck ist von einem Kunstwerk des neapolitanischen K\u00fcnstlers Guiseppe Klain inspiriert. Dar\u00fcber hinaus enth\u00e4lt das Trikot auch hellblaue Akzente, inspiriert von den Vereinsfarben des [&hellip;]<\/p>","protected":false},"featured_media":3976,"comment_status":"open","ping_status":"closed","template":"","meta":[],"product_brand":[],"product_cat":[192],"product_tag":[20,21,22,23,24,193],"class_list":{"0":"post-3942","1":"product","2":"type-product","3":"status-publish","4":"has-post-thumbnail","6":"product_cat-ssc-napoli","7":"product_tag-coole-fussballtrikots","8":"product_tag-fussballtrikot-fuer-herren","9":"product_tag-fussballtrikot-guenstig-kaufen","10":"product_tag-fussballtrikot-kurzarm","11":"product_tag-guenstiges-fussballtrikot","12":"product_tag-napoli-kits","14":"first","15":"instock","16":"shipping-taxable","17":"purchasable","18":"product-type-variable"},"_links":{"self":[{"href":"https:\/\/www.billigtrikotde.com\/en\/wp-json\/wp\/v2\/product\/3942","targetHints":{"allow":["GET"]}}],"collection":[{"href":"https:\/\/www.billigtrikotde.com\/en\/wp-json\/wp\/v2\/product"}],"about":[{"href":"https:\/\/www.billigtrikotde.com\/en\/wp-json\/wp\/v2\/types\/product"}],"replies":[{"embeddable":true,"href":"https:\/\/www.billigtrikotde.com\/en\/wp-json\/wp\/v2\/comments?post=3942"}],"wp:featuredmedia":[{"embeddable":true,"href":"https:\/\/www.billigtrikotde.com\/en\/wp-json\/wp\/v2\/media\/3976"}],"wp:attachment":[{"href":"https:\/\/www.billigtrikotde.com\/en\/wp-json\/wp\/v2\/media?parent=3942"}],"wp:term":[{"taxonomy":"product_brand","embeddable":true,"href":"https:\/\/www.billigtrikotde.com\/en\/wp-json\/wp\/v2\/product_brand?post=3942"},{"taxonomy":"product_cat","embeddable":true,"href":"https:\/\/www.billigtrikotde.com\/en\/wp-json\/wp\/v2\/product_cat?post=3942"},{"taxonomy":"product_tag","embeddable":true,"href":"https:\/\/www.billigtrikotde.com\/en\/wp-json\/wp\/v2\/product_tag?post=3942"}],"curies":[{"name":"wp","href":"https:\/\/api.w.org\/{rel}","templated":true}]}}